{"id":20898,"date":"2023-04-09T19:14:03","date_gmt":"2023-04-09T17:14:03","guid":{"rendered":"https:\/\/langasjonas.com\/?page_id=20898"},"modified":"2024-07-31T12:15:14","modified_gmt":"2024-07-31T10:15:14","slug":"the-lake-cottage","status":"publish","type":"page","link":"https:\/\/langasjonas.com\/nl\/the-lake-cottage\/","title":{"rendered":"The Lake Cottage"},"content":{"rendered":"\t\t<div data-elementor-type=\"wp-page\" data-elementor-id=\"20898\" class=\"elementor elementor-20898\" data-elementor-post-type=\"page\">\n\t\t\t\t\t\t<section class=\"elementor-section elementor-top-section elementor-element elementor-element-61110a45 ct-section-stretched elementor-section-full_width elementor-section-height-min-height elementor-section-content-middle elementor-section-height-default elementor-section-items-middle\" data-id=\"61110a45\" data-element_type=\"section\" data-e-type=\"section\" data-settings=\"{&quot;jet_parallax_layout_list&quot;:[{&quot;jet_parallax_layout_image&quot;:{&quot;url&quot;:&quot;&quot;,&quot;id&quot;:&quot;&quot;,&quot;size&quot;:&quot;&quot;},&quot;_id&quot;:&quot;ead59d7&quot;,&quot;jet_parallax_layout_image_tablet&quot;:{&quot;url&quot;:&quot;&quot;,&quot;id&quot;:&quot;&quot;,&quot;size&quot;:&quot;&quot;},&quot;jet_parallax_layout_image_mobile&quot;:{&quot;url&quot;:&quot;&quot;,&quot;id&quot;:&quot;&quot;,&quot;size&quot;:&quot;&quot;},&quot;jet_parallax_layout_speed&quot;:{&quot;unit&quot;:&quot;%&quot;,&quot;size&quot;:50,&quot;sizes&quot;:[]},&quot;jet_parallax_layout_type&quot;:&quot;scroll&quot;,&quot;jet_parallax_layout_direction&quot;:null,&quot;jet_parallax_layout_fx_direction&quot;:null,&quot;jet_parallax_layout_z_index&quot;:&quot;&quot;,&quot;jet_parallax_layout_bg_x&quot;:50,&quot;jet_parallax_layout_bg_x_tablet&quot;:&quot;&quot;,&quot;jet_parallax_layout_bg_x_mobile&quot;:&quot;&quot;,&quot;jet_parallax_layout_bg_y&quot;:50,&quot;jet_parallax_layout_bg_y_tablet&quot;:&quot;&quot;,&quot;jet_parallax_layout_bg_y_mobile&quot;:&quot;&quot;,&quot;jet_parallax_layout_bg_size&quot;:&quot;auto&quot;,&quot;jet_parallax_layout_bg_size_tablet&quot;:&quot;&quot;,&quot;jet_parallax_layout_bg_size_mobile&quot;:&quot;&quot;,&quot;jet_parallax_layout_animation_prop&quot;:&quot;transform&quot;,&quot;jet_parallax_layout_on&quot;:[&quot;desktop&quot;,&quot;tablet&quot;]}],&quot;background_background&quot;:&quot;classic&quot;,&quot;shape_divider_bottom&quot;:&quot;mountains&quot;}\">\n\t\t\t\t\t\t\t<div class=\"elementor-background-overlay\"><\/div>\n\t\t\t\t\t\t<div class=\"elementor-shape elementor-shape-bottom\" aria-hidden=\"true\" data-negative=\"false\">\n\t\t\t<svg xmlns=\"http:\/\/www.w3.org\/2000\/svg\" viewBox=\"0 0 1000 100\" preserveAspectRatio=\"none\">\n\t<path class=\"elementor-shape-fill\" opacity=\"0.33\" d=\"M473,67.3c-203.9,88.3-263.1-34-320.3,0C66,119.1,0,59.7,0,59.7V0h1000v59.7 c0,0-62.1,26.1-94.9,29.3c-32.8,3.3-62.8-12.3-75.8-22.1C806,49.6,745.3,8.7,694.9,4.7S492.4,59,473,67.3z\"\/>\n\t<path class=\"elementor-shape-fill\" opacity=\"0.66\" d=\"M734,67.3c-45.5,0-77.2-23.2-129.1-39.1c-28.6-8.7-150.3-10.1-254,39.1 s-91.7-34.4-149.2,0C115.7,118.3,0,39.8,0,39.8V0h1000v36.5c0,0-28.2-18.5-92.1-18.5C810.2,18.1,775.7,67.3,734,67.3z\"\/>\n\t<path class=\"elementor-shape-fill\" d=\"M766.1,28.9c-200-57.5-266,65.5-395.1,19.5C242,1.8,242,5.4,184.8,20.6C128,35.8,132.3,44.9,89.9,52.5C28.6,63.7,0,0,0,0 h1000c0,0-9.9,40.9-83.6,48.1S829.6,47,766.1,28.9z\"\/>\n<\/svg>\t\t<\/div>\n\t\t\t\t\t<div class=\"elementor-container elementor-column-gap-default\">\n\t\t\t\t\t<div class=\"elementor-column elementor-col-100 elementor-top-column elementor-element elementor-element-59260a99\" data-id=\"59260a99\" data-element_type=\"column\" data-e-type=\"column\">\n\t\t\t<div class=\"elementor-widget-wrap elementor-element-populated\">\n\t\t\t\t\t\t<div class=\"elementor-element elementor-element-3d76e39 animated-slow elementor-invisible elementor-widget elementor-widget-image\" data-id=\"3d76e39\" data-element_type=\"widget\" data-e-type=\"widget\" data-settings=\"{&quot;_animation&quot;:&quot;fadeIn&quot;,&quot;_animation_delay&quot;:2000}\" data-widget_type=\"image.default\">\n\t\t\t\t<div class=\"elementor-widget-container\">\n\t\t\t\t\t\t\t\t\t\t\t\t\t\t\t<img fetchpriority=\"high\" decoding=\"async\" width=\"300\" height=\"169\" src=\"https:\/\/langasjonas.com\/wp-content\/uploads\/2022\/09\/Langasjonas_Logo_White_line02-300x169.png\" class=\"attachment-medium size-medium wp-image-2235\" alt=\"\" srcset=\"https:\/\/langasjonas.com\/wp-content\/uploads\/2022\/09\/Langasjonas_Logo_White_line02-300x169.png 300w, https:\/\/langasjonas.com\/wp-content\/uploads\/2022\/09\/Langasjonas_Logo_White_line02-768x432.png 768w, https:\/\/langasjonas.com\/wp-content\/uploads\/2022\/09\/Langasjonas_Logo_White_line02.png 1000w\" sizes=\"(max-width: 300px) 100vw, 300px\" title=\"\">\t\t\t\t\t\t\t\t\t\t\t\t\t\t\t<\/div>\n\t\t\t\t<\/div>\n\t\t\t\t\t<\/div>\n\t\t<\/div>\n\t\t\t\t\t<\/div>\n\t\t<\/section>\n\t\t\t\t<section class=\"elementor-section elementor-top-section elementor-element elementor-element-7519960 ct-section-stretched elementor-section-boxed elementor-section-height-default elementor-section-height-default\" data-id=\"7519960\" data-element_type=\"section\" data-e-type=\"section\" data-settings=\"{&quot;jet_parallax_layout_list&quot;:[]}\">\n\t\t\t\t\t\t<div class=\"elementor-container elementor-column-gap-default\">\n\t\t\t\t\t<div class=\"elementor-column elementor-col-50 elementor-top-column elementor-element elementor-element-f30fe53\" data-id=\"f30fe53\" data-element_type=\"column\" data-e-type=\"column\">\n\t\t\t<div class=\"elementor-widget-wrap elementor-element-populated\">\n\t\t\t\t\t\t<div class=\"elementor-element elementor-element-f15acce elementor-align-center elementor-hidden-desktop elementor-hidden-tablet elementor-widget elementor-widget-button\" data-id=\"f15acce\" data-element_type=\"widget\" data-e-type=\"widget\" data-widget_type=\"button.default\">\n\t\t\t\t<div class=\"elementor-widget-container\">\n\t\t\t\t\t\t\t\t\t<div class=\"elementor-button-wrapper\">\n\t\t\t\t\t<a class=\"elementor-button elementor-button-link elementor-size-sm\" href=\"https:\/\/www.bokadirekt.se\/places\/the-lake-cottage-57300\" target=\"_blank\" rel=\"noopener\">\n\t\t\t\t\t\t<span class=\"elementor-button-content-wrapper\">\n\t\t\t\t\t\t\t\t\t<span class=\"elementor-button-text\">Boek nu!<\/span>\n\t\t\t\t\t<\/span>\n\t\t\t\t\t<\/a>\n\t\t\t\t<\/div>\n\t\t\t\t\t\t\t\t<\/div>\n\t\t\t\t<\/div>\n\t\t\t\t<div class=\"elementor-element elementor-element-05f1421 elementor-widget elementor-widget-image\" data-id=\"05f1421\" data-element_type=\"widget\" data-e-type=\"widget\" data-widget_type=\"image.default\">\n\t\t\t\t<div class=\"elementor-widget-container\">\n\t\t\t\t\t\t\t\t\t\t\t\t\t\t\t<img decoding=\"async\" width=\"257\" height=\"165\" src=\"https:\/\/langasjonas.com\/wp-content\/uploads\/2023\/04\/TLC2-256.png\" class=\"attachment-full size-full wp-image-20907\" alt=\"The Lake Cottage\" title=\"\">\t\t\t\t\t\t\t\t\t\t\t\t\t\t\t<\/div>\n\t\t\t\t<\/div>\n\t\t\t\t<div class=\"elementor-element elementor-element-ebac9e8 elementor-widget elementor-widget-heading\" data-id=\"ebac9e8\" data-element_type=\"widget\" data-e-type=\"widget\" data-widget_type=\"heading.default\">\n\t\t\t\t<div class=\"elementor-widget-container\">\n\t\t\t\t\t<h1 class=\"elementor-heading-title elementor-size-default\">The Lake Cottage<br><\/h1>\t\t\t\t<\/div>\n\t\t\t\t<\/div>\n\t\t\t\t<div class=\"elementor-element elementor-element-8ada2b2 elementor-widget elementor-widget-heading\" data-id=\"8ada2b2\" data-element_type=\"widget\" data-e-type=\"widget\" data-widget_type=\"heading.default\">\n\t\t\t\t<div class=\"elementor-widget-container\">\n\t\t\t\t\t<h3 class=\"elementor-heading-title elementor-size-default\">Gezichtsbehandeling, andullatiemassage &amp; roodlichttherapie op de camping<\/h3>\t\t\t\t<\/div>\n\t\t\t\t<\/div>\n\t\t\t\t<div class=\"elementor-element elementor-element-547aec3 elementor-widget elementor-widget-text-editor\" data-id=\"547aec3\" data-element_type=\"widget\" data-e-type=\"widget\" data-widget_type=\"text-editor.default\">\n\t\t\t\t<div class=\"elementor-widget-container\">\n\t\t\t\t\t\t\t\t\t<p>Hartelijk welkom in The Lake Cottage op L\u00e5ngasj\u00f6n\u00e4s Camping. Ons huisje ligt naast de receptie, direct aan het water en de aanlegsteiger. Hier kunt u een diep reinigende gezichtsbehandeling, een ontspannende ademhalingsmassage of een heilzame roodlichttherapie boeken.<\/p>\n<p>Mijn naam is Alexandra en ik ben zo ongelooflijk dankbaar dat ik mijn bedrijfje mag runnen in een plaats die mij bijzonder na aan het hart ligt, L\u00e5ngasj\u00f6n\u00e4s.<\/p>\n\t\t\t\t\t\t\t\t<\/div>\n\t\t\t\t<\/div>\n\t\t\t\t<div class=\"elementor-element elementor-element-ad94cf1 elementor-widget elementor-widget-heading\" data-id=\"ad94cf1\" data-element_type=\"widget\" data-e-type=\"widget\" data-widget_type=\"heading.default\">\n\t\t\t\t<div class=\"elementor-widget-container\">\n\t\t\t\t\t<h3 class=\"elementor-heading-title elementor-size-default\">Gezichtsbehandeling<\/h3>\t\t\t\t<\/div>\n\t\t\t\t<\/div>\n\t\t\t\t<div class=\"elementor-element elementor-element-8b6fa8c elementor-widget elementor-widget-text-editor\" data-id=\"8b6fa8c\" data-element_type=\"widget\" data-e-type=\"widget\" data-widget_type=\"text-editor.default\">\n\t\t\t\t<div class=\"elementor-widget-container\">\n\t\t\t\t\t\t\t\t\t<p><img decoding=\"async\" class=\" wp-image-40425 alignleft\" src=\"https:\/\/langasjonas.com\/wp-content\/uploads\/2024\/03\/ansiktsbehandling_thelakecottage-300x300.jpeg\" alt=\"Gezicht bij The Lake Cottage\" width=\"251\" height=\"251\" title=\"\" srcset=\"https:\/\/langasjonas.com\/wp-content\/uploads\/2024\/03\/ansiktsbehandling_thelakecottage-300x300.jpeg 300w, https:\/\/langasjonas.com\/wp-content\/uploads\/2024\/03\/ansiktsbehandling_thelakecottage-1024x1024.jpeg 1024w, https:\/\/langasjonas.com\/wp-content\/uploads\/2024\/03\/ansiktsbehandling_thelakecottage-150x150.jpeg 150w, https:\/\/langasjonas.com\/wp-content\/uploads\/2024\/03\/ansiktsbehandling_thelakecottage-768x768.jpeg 768w, https:\/\/langasjonas.com\/wp-content\/uploads\/2024\/03\/ansiktsbehandling_thelakecottage.jpeg 1080w\" sizes=\"(max-width: 251px) 100vw, 251px\" \/><\/p>\n<p>Een ontspannende en diep reinigende gezichtsbehandeling.<\/p>\n<p>Reiniging, scrub, lichte gezichts- en decollet\u00e9massage, moddermasker, serum en dag-\/nachtcr\u00e8me.<\/p>\n<p>De producten die in deze behandeling worden gebruikt hebben een heerlijke geur en zijn afkomstig van Ax&amp;Lin in S\u00f6lvesborg. Dat zijn ze ook:<br \/>&#8211; Bekroond<br \/>&#8211; Biologisch<br \/>&#8211; Natuurlijk<br \/>&#8211; Veganistisch<\/p>\n<p>De behandeling duurt ongeveer 30 minuten. Draag geen make-up wanneer u deze behandeling boekt!<\/p>\n\t\t\t\t\t\t\t\t<\/div>\n\t\t\t\t<\/div>\n\t\t\t\t<div class=\"elementor-element elementor-element-30d54d3 elementor-widget elementor-widget-heading\" data-id=\"30d54d3\" data-element_type=\"widget\" data-e-type=\"widget\" data-widget_type=\"heading.default\">\n\t\t\t\t<div class=\"elementor-widget-container\">\n\t\t\t\t\t<h3 class=\"elementor-heading-title elementor-size-default\">Andullatie<\/h3>\t\t\t\t<\/div>\n\t\t\t\t<\/div>\n\t\t\t\t<div class=\"elementor-element elementor-element-6f392b7 elementor-widget elementor-widget-text-editor\" data-id=\"6f392b7\" data-element_type=\"widget\" data-e-type=\"widget\" data-widget_type=\"text-editor.default\">\n\t\t\t\t<div class=\"elementor-widget-container\">\n\t\t\t\t\t\t\t\t\t<p><img loading=\"lazy\" decoding=\"async\" class=\"size-medium wp-image-40431 alignright\" src=\"https:\/\/langasjonas.com\/wp-content\/uploads\/2024\/03\/84bfb3fc-1b2c-486b-bf43-51af0496ee95-300x169.webp\" alt=\"Andullatie bij The Lake Cottage\" width=\"300\" height=\"169\" title=\"\" srcset=\"https:\/\/langasjonas.com\/wp-content\/uploads\/2024\/03\/84bfb3fc-1b2c-486b-bf43-51af0496ee95-300x169.webp 300w, https:\/\/langasjonas.com\/wp-content\/uploads\/2024\/03\/84bfb3fc-1b2c-486b-bf43-51af0496ee95-1024x576.webp 1024w, https:\/\/langasjonas.com\/wp-content\/uploads\/2024\/03\/84bfb3fc-1b2c-486b-bf43-51af0496ee95-768x432.webp 768w, https:\/\/langasjonas.com\/wp-content\/uploads\/2024\/03\/84bfb3fc-1b2c-486b-bf43-51af0496ee95-1536x864.webp 1536w, https:\/\/langasjonas.com\/wp-content\/uploads\/2024\/03\/84bfb3fc-1b2c-486b-bf43-51af0496ee95.webp 1600w\" sizes=\"(max-width: 300px) 100vw, 300px\" \/>Andullatiemassage is een fantastische ervaring en zeer goed als u last heeft van rugpijn, fibromyalgie, slaapproblemen of stress. U ligt op een ademend bed en draagt comfortabele kleding die trillingen combineert met infrarood warmte om het welzijn en de ontspanning te bevorderen en tegelijkertijd vele heilzame processen in zowel de spieren als de interne organen op gang te brengen.<\/p>\n<p>Andullatie werkt op verschillende niveaus: zowel fysiek als mentaal. De technologie richt zich niet op een specifiek orgaan of orgaansysteem, maar heeft een positieve invloed op de essenti\u00eble lichaamsfuncties. Andullatie is zeer effectief bij het verminderen van de symptomen en stelt de persoon in staat om de kwaliteit van leven te herwinnen. Er is geen hardheid of druk die sommige mensen pijnlijk vinden in sommige massagestoelen of fauteuils. Op het andullatiesysteem ligt u comfortabel op uw rug. De rugligging geeft u meer ontspanning omdat uw wervelkolom uw lichaamsgewicht niet hoeft te dragen. Met de benen omhoog wordt de bloedcirculatie bevorderd en een goede lymfedrainage verkregen tijdens een andullatiesessie. Met deze houding bent u volledig ontspannen en vermijdt u onnodige spierspanning, wat de doeltreffendheid van de behandeling verhoogt: hoe hoger de ontspanning, hoe groter het effect van de behandeling.<\/p>\n<p>Let op: Als u lijdt aan koorts, acute ontsteking, kanker (u moet vrijgesproken en volledig behandeld zijn als u een andullatie boekt) of als u verdacht wordt van een bloedstolsel\/trombose, boek dan geen andullatie. Hetzelfde geldt tijdens de zwangerschap of als u een kunstmatige pacemaker draagt. Als u een vaccin hebt genomen, raden wij u aan uw afspraak niet eerder dan 2 weken daarna te maken.<\/p>\n\t\t\t\t\t\t\t\t<\/div>\n\t\t\t\t<\/div>\n\t\t\t\t<div class=\"elementor-element elementor-element-71ba1d5 elementor-widget elementor-widget-heading\" data-id=\"71ba1d5\" data-element_type=\"widget\" data-e-type=\"widget\" data-widget_type=\"heading.default\">\n\t\t\t\t<div class=\"elementor-widget-container\">\n\t\t\t\t\t<h3 class=\"elementor-heading-title elementor-size-default\">Rood licht therapie<\/h3>\t\t\t\t<\/div>\n\t\t\t\t<\/div>\n\t\t\t\t<div class=\"elementor-element elementor-element-b6d7e17 elementor-widget elementor-widget-text-editor\" data-id=\"b6d7e17\" data-element_type=\"widget\" data-e-type=\"widget\" data-widget_type=\"text-editor.default\">\n\t\t\t\t<div class=\"elementor-widget-container\">\n\t\t\t\t\t\t\t\t\t<p><img loading=\"lazy\" decoding=\"async\" class=\"size-medium wp-image-40437 alignleft\" src=\"https:\/\/langasjonas.com\/wp-content\/uploads\/2024\/03\/redlight-300x177.png\" alt=\"Roodlichttherapie bij The Lake Cottage\" width=\"300\" height=\"177\" title=\"\" srcset=\"https:\/\/langasjonas.com\/wp-content\/uploads\/2024\/03\/redlight-300x177.png 300w, https:\/\/langasjonas.com\/wp-content\/uploads\/2024\/03\/redlight-1024x603.png 1024w, https:\/\/langasjonas.com\/wp-content\/uploads\/2024\/03\/redlight-768x452.png 768w, https:\/\/langasjonas.com\/wp-content\/uploads\/2024\/03\/redlight-1536x905.png 1536w, https:\/\/langasjonas.com\/wp-content\/uploads\/2024\/03\/redlight.png 1920w\" sizes=\"(max-width: 300px) 100vw, 300px\" \/>Bij roodlichttherapie wordt het lichaam behandeld met rood licht en nabij-infrarood licht. Om de behandeling uit te voeren, gebruiken we een groter rood lichtpaneel. Het wordt aanbevolen om zo min mogelijk kleding te dragen. Als u zich er niet prettig bij voelt, kunt u dunne witte kleding dragen. U kunt verwachten dat het effect niet zo groot zal zijn als zonder kleding. We hebben een kleine aparte ruimte waar u alleen staat. Na de behandeling kan er enige warmteontwikkeling zijn als gevolg van het nabij-infrarood licht, maar de behandeling zelf produceert geen warmte. Het wordt aanbevolen om meerdere sessies uit te voeren om het beste effect te bereiken.<\/p>\n<\/p>\n<p>  &#8211; Verbetert de gezondheid van de huid en kan helpen bij acne en andere huidproblemen.<br \/>  &#8211; Verminderde ontsteking<br \/>  &#8211; Bevordert wondgenezing en vermindert littekenvorming.<br \/>  &#8211; Verhoogt de productie van collageen, wat rimpels vermindert en de elasticiteit van de huid verbetert.<br \/>  &#8211; Verlicht pijn en ontstekingen in gewrichten en spieren.<br \/>  &#8211; Verbetert de bloedcirculatie en zuurstoftoevoer in het lichaam.<br \/>  &#8211; Verlicht migraine en spanningshoofdpijn.<br \/>  &#8211; Bevordert ontspanning en verbetert de slaap.<br \/>  &#8211; Vermindert stress en angst.<br \/>  &#8211; Verbetert de stemming en vermindert symptomen van depressie.<br \/>  &#8211; Verhoogt het energieniveau en verbetert de concentratie.<br \/>  &#8211; Verlicht de symptomen van fibromyalgie en andere pijnaandoeningen.<br \/>  &#8211; Verbetert het gezichtsvermogen en verlicht oogproblemen.<br \/>  &#8211; Stimuleert de haargroei en verbetert de gezondheid van het haar.<br \/>  &#8211; Versterkt het immuunsysteem en bevordert de algemene gezondheid.<br \/>  &#8211; Vermindert cellulitis en verbetert de huidtextuur.<br \/>  &#8211; Verlicht de symptomen van rosacea en andere huidaandoeningen.<br \/>  &#8211; Verbetert littekenvorming na chirurgische ingrepen.<br \/>  &#8211; Verlicht de symptomen van psoriasis en eczeem.<br \/>  &#8211; Verbetert de prestaties en het herstel tijdens het sporten.<\/p>\n<\/p>\n<p>U moet geen roodlichttherapie boeken als u kanker hebt of vermoedt dat u kanker hebt.<\/p>\n<\/p>\n<p>Bezoek voor meer informatie onze website of bel ons. Contactgegevens hieronder of rechts op deze pagina.<\/p>\n\t\t\t\t\t\t\t\t<\/div>\n\t\t\t\t<\/div>\n\t\t\t\t\t<\/div>\n\t\t<\/div>\n\t\t\t\t<div class=\"jet-sticky-column elementor-column elementor-col-50 elementor-top-column elementor-element elementor-element-f4cef22\" data-jet-settings=\"{&quot;id&quot;:&quot;f4cef22&quot;,&quot;sticky&quot;:true,&quot;topSpacing&quot;:120,&quot;bottomSpacing&quot;:&quot;&quot;,&quot;stickyOn&quot;:[&quot;desktop&quot;,&quot;tablet&quot;]}\" data-id=\"f4cef22\" data-element_type=\"column\" data-e-type=\"column\">\n\t\t\t<div class=\"elementor-widget-wrap elementor-element-populated\">\n\t\t\t\t\t\t<div class=\"elementor-element elementor-element-11f21f3 elementor-align-center elementor-widget elementor-widget-button\" data-id=\"11f21f3\" data-element_type=\"widget\" data-e-type=\"widget\" data-widget_type=\"button.default\">\n\t\t\t\t<div class=\"elementor-widget-container\">\n\t\t\t\t\t\t\t\t\t<div class=\"elementor-button-wrapper\">\n\t\t\t\t\t<a class=\"elementor-button elementor-button-link elementor-size-sm\" href=\"https:\/\/www.bokadirekt.se\/places\/the-lake-cottage-57300\" target=\"_blank\" rel=\"noopener\">\n\t\t\t\t\t\t<span class=\"elementor-button-content-wrapper\">\n\t\t\t\t\t\t\t\t\t<span class=\"elementor-button-text\">Boek nu!<\/span>\n\t\t\t\t\t<\/span>\n\t\t\t\t\t<\/a>\n\t\t\t\t<\/div>\n\t\t\t\t\t\t\t\t<\/div>\n\t\t\t\t<\/div>\n\t\t\t\t<div class=\"elementor-element elementor-element-deee2e4 elementor-widget-divider--view-line_icon elementor-view-default elementor-widget-divider--element-align-center elementor-widget elementor-widget-divider\" data-id=\"deee2e4\" data-element_type=\"widget\" data-e-type=\"widget\" data-widget_type=\"divider.default\">\n\t\t\t\t<div class=\"elementor-widget-container\">\n\t\t\t\t\t\t\t<div class=\"elementor-divider\">\n\t\t\t<span class=\"elementor-divider-separator\">\n\t\t\t\t\t\t\t<div class=\"elementor-icon elementor-divider__element\">\n\t\t\t\t\t<i aria-hidden=\"true\" class=\"fas fa-angle-up\"><\/i><\/div>\n\t\t\t\t\t\t<\/span>\n\t\t<\/div>\n\t\t\t\t\t\t<\/div>\n\t\t\t\t<\/div>\n\t\t\t\t<div class=\"elementor-element elementor-element-d85145d elementor-widget elementor-widget-heading\" data-id=\"d85145d\" data-element_type=\"widget\" data-e-type=\"widget\" data-widget_type=\"heading.default\">\n\t\t\t\t<div class=\"elementor-widget-container\">\n\t\t\t\t\t<h5 class=\"elementor-heading-title elementor-size-default\">Contact<\/h5>\t\t\t\t<\/div>\n\t\t\t\t<\/div>\n\t\t\t\t<div class=\"elementor-element elementor-element-841649d elementor-align-center elementor-icon-list--layout-traditional elementor-list-item-link-full_width elementor-widget elementor-widget-icon-list\" data-id=\"841649d\" data-element_type=\"widget\" data-e-type=\"widget\" data-widget_type=\"icon-list.default\">\n\t\t\t\t<div class=\"elementor-widget-container\">\n\t\t\t\t\t\t\t<ul class=\"elementor-icon-list-items\">\n\t\t\t\t\t\t\t<li class=\"elementor-icon-list-item\">\n\t\t\t\t\t\t\t\t\t\t\t<a href=\"https:\/\/thelakecottage.se\" target=\"_blank\" rel=\"noopener\">\n\n\t\t\t\t\t\t\t\t\t\t\t\t<span class=\"elementor-icon-list-icon\">\n\t\t\t\t\t\t\t<i aria-hidden=\"true\" class=\"far fa-window-restore\"><\/i>\t\t\t\t\t\t<\/span>\n\t\t\t\t\t\t\t\t\t\t<span class=\"elementor-icon-list-text\">thelakecottage.se<\/span>\n\t\t\t\t\t\t\t\t\t\t\t<\/a>\n\t\t\t\t\t\t\t\t\t<\/li>\n\t\t\t\t\t\t\t\t<li class=\"elementor-icon-list-item\">\n\t\t\t\t\t\t\t\t\t\t\t<a href=\"tel:+46731501120\">\n\n\t\t\t\t\t\t\t\t\t\t\t\t<span class=\"elementor-icon-list-icon\">\n\t\t\t\t\t\t\t<i aria-hidden=\"true\" class=\"fas fa-phone-volume\"><\/i>\t\t\t\t\t\t<\/span>\n\t\t\t\t\t\t\t\t\t\t<span class=\"elementor-icon-list-text\">0731 - 50 11 20<\/span>\n\t\t\t\t\t\t\t\t\t\t\t<\/a>\n\t\t\t\t\t\t\t\t\t<\/li>\n\t\t\t\t\t\t<\/ul>\n\t\t\t\t\t\t<\/div>\n\t\t\t\t<\/div>\n\t\t\t\t<div class=\"elementor-element elementor-element-25bc58b elementor-widget-divider--view-line_icon elementor-view-default elementor-widget-divider--element-align-center elementor-widget elementor-widget-divider\" data-id=\"25bc58b\" data-element_type=\"widget\" data-e-type=\"widget\" data-widget_type=\"divider.default\">\n\t\t\t\t<div class=\"elementor-widget-container\">\n\t\t\t\t\t\t\t<div class=\"elementor-divider\">\n\t\t\t<span class=\"elementor-divider-separator\">\n\t\t\t\t\t\t\t<div class=\"elementor-icon elementor-divider__element\">\n\t\t\t\t\t<i aria-hidden=\"true\" class=\"fas fa-angle-up\"><\/i><\/div>\n\t\t\t\t\t\t<\/span>\n\t\t<\/div>\n\t\t\t\t\t\t<\/div>\n\t\t\t\t<\/div>\n\t\t\t\t<div class=\"elementor-element elementor-element-bc80401 elementor-widget elementor-widget-heading\" data-id=\"bc80401\" data-element_type=\"widget\" data-e-type=\"widget\" data-widget_type=\"heading.default\">\n\t\t\t\t<div class=\"elementor-widget-container\">\n\t\t\t\t\t<h5 class=\"elementor-heading-title elementor-size-default\">Openingstijden<\/h5>\t\t\t\t<\/div>\n\t\t\t\t<\/div>\n\t\t\t\t<div class=\"elementor-element elementor-element-fbf3283 elementor-widget elementor-widget-text-editor\" data-id=\"fbf3283\" data-element_type=\"widget\" data-e-type=\"widget\" data-widget_type=\"text-editor.default\">\n\t\t\t\t<div class=\"elementor-widget-container\">\n\t\t\t\t\t\t\t\t\t<p class=\"has-text-align-center has-palette-color-3-color has-text-color wp-block-heading\">Woensdag<br \/>10:00 &#8211; 12.00<br \/>13.00 &#8211; 18.00<br \/>Donderdag<br \/>10:00 &#8211; 12.00<br \/>13.00 &#8211; 18.00<br \/>Vrijdag<br \/>10:00 &#8211; 12.00<br \/>13.00 &#8211; 18.00<br \/>Zaterdag<br \/>10:00 &#8211; 16.00<\/p>\n\t\t\t\t\t\t\t\t<\/div>\n\t\t\t\t<\/div>\n\t\t\t\t<div class=\"elementor-element elementor-element-5dbe292 elementor-widget-divider--view-line_icon elementor-view-default elementor-widget-divider--element-align-center elementor-widget elementor-widget-divider\" data-id=\"5dbe292\" data-element_type=\"widget\" data-e-type=\"widget\" data-widget_type=\"divider.default\">\n\t\t\t\t<div class=\"elementor-widget-container\">\n\t\t\t\t\t\t\t<div class=\"elementor-divider\">\n\t\t\t<span class=\"elementor-divider-separator\">\n\t\t\t\t\t\t\t<div class=\"elementor-icon elementor-divider__element\">\n\t\t\t\t\t<i aria-hidden=\"true\" class=\"fas fa-angle-up\"><\/i><\/div>\n\t\t\t\t\t\t<\/span>\n\t\t<\/div>\n\t\t\t\t\t\t<\/div>\n\t\t\t\t<\/div>\n\t\t\t\t<div class=\"elementor-element elementor-element-74e732b elementor-widget elementor-widget-heading\" data-id=\"74e732b\" data-element_type=\"widget\" data-e-type=\"widget\" data-widget_type=\"heading.default\">\n\t\t\t\t<div class=\"elementor-widget-container\">\n\t\t\t\t\t<h5 class=\"elementor-heading-title elementor-size-default\">Vind ons<\/h5>\t\t\t\t<\/div>\n\t\t\t\t<\/div>\n\t\t\t\t<div class=\"elementor-element elementor-element-f042d45 elementor-widget elementor-widget-image\" data-id=\"f042d45\" data-element_type=\"widget\" data-e-type=\"widget\" data-widget_type=\"image.default\">\n\t\t\t\t<div class=\"elementor-widget-container\">\n\t\t\t\t\t\t\t\t\t\t\t\t<figure class=\"wp-caption\">\n\t\t\t\t\t\t\t\t\t\t\t<a href=\"https:\/\/langasjonas.com\/wp-content\/uploads\/2023\/04\/TLC_Campingkarta.jpg\" data-elementor-open-lightbox=\"yes\" data-elementor-lightbox-title=\"TLC_Campingkarta\" data-e-action-hash=\"#elementor-action%3Aaction%3Dlightbox%26settings%3DeyJpZCI6MjA5MjIsInVybCI6Imh0dHBzOlwvXC9sYW5nYXNqb25hcy5jb21cL3dwLWNvbnRlbnRcL3VwbG9hZHNcLzIwMjNcLzA0XC9UTENfQ2FtcGluZ2thcnRhLmpwZyJ9\">\n\t\t\t\t\t\t\t<img loading=\"lazy\" decoding=\"async\" width=\"150\" height=\"150\" src=\"https:\/\/langasjonas.com\/wp-content\/uploads\/2023\/04\/TLC_Campingkarta-150x150.jpg\" class=\"attachment-thumbnail size-thumbnail wp-image-20922\" alt=\"The Lake Cottage\" title=\"\">\t\t\t\t\t\t\t\t<\/a>\n\t\t\t\t\t\t\t\t\t\t\t<figcaption class=\"widget-image-caption wp-caption-text\">Klikken om te vergroten<\/figcaption>\n\t\t\t\t\t\t\t\t\t\t<\/figure>\n\t\t\t\t\t\t\t\t\t<\/div>\n\t\t\t\t<\/div>\n\t\t\t\t\t<\/div>\n\t\t<\/div>\n\t\t\t\t\t<\/div>\n\t\t<\/section>\n\t\t\t\t<\/div>\n\t\t","protected":false},"excerpt":{"rendered":"<p>Boerderijwinkel &amp; Andullatiemassage op de camping<\/p>\n","protected":false},"author":6,"featured_media":20907,"parent":0,"menu_order":0,"comment_status":"closed","ping_status":"closed","template":"","meta":{"footnotes":""},"folder":[50],"class_list":["post-20898","page","type-page","status-publish","has-post-thumbnail","hentry"],"blocksy_meta":{"styles_descriptor":{"styles":{"desktop":"","tablet":"","mobile":""},"google_fonts":[],"version":6}},"_links":{"self":[{"href":"https:\/\/langasjonas.com\/nl\/wp-json\/wp\/v2\/pages\/20898","targetHints":{"allow":["GET"]}}],"collection":[{"href":"https:\/\/langasjonas.com\/nl\/wp-json\/wp\/v2\/pages"}],"about":[{"href":"https:\/\/langasjonas.com\/nl\/wp-json\/wp\/v2\/types\/page"}],"author":[{"embeddable":true,"href":"https:\/\/langasjonas.com\/nl\/wp-json\/wp\/v2\/users\/6"}],"replies":[{"embeddable":true,"href":"https:\/\/langasjonas.com\/nl\/wp-json\/wp\/v2\/comments?post=20898"}],"version-history":[{"count":10,"href":"https:\/\/langasjonas.com\/nl\/wp-json\/wp\/v2\/pages\/20898\/revisions"}],"predecessor-version":[{"id":42648,"href":"https:\/\/langasjonas.com\/nl\/wp-json\/wp\/v2\/pages\/20898\/revisions\/42648"}],"wp:featuredmedia":[{"embeddable":true,"href":"https:\/\/langasjonas.com\/nl\/wp-json\/wp\/v2\/media\/20907"}],"wp:attachment":[{"href":"https:\/\/langasjonas.com\/nl\/wp-json\/wp\/v2\/media?parent=20898"}],"wp:term":[{"taxonomy":"folder","embeddable":true,"href":"https:\/\/langasjonas.com\/nl\/wp-json\/wp\/v2\/folder?post=20898"}],"curies":[{"name":"wp","href":"https:\/\/api.w.org\/{rel}","templated":true}]}}