{"id":20897,"date":"2023-04-09T19:14:03","date_gmt":"2023-04-09T17:14:03","guid":{"rendered":"https:\/\/langasjonas.com\/?page_id=20897"},"modified":"2024-07-31T12:15:13","modified_gmt":"2024-07-31T10:15:13","slug":"the-lake-cottage","status":"publish","type":"page","link":"https:\/\/langasjonas.com\/en\/the-lake-cottage\/","title":{"rendered":"The Lake Cottage"},"content":{"rendered":"\t\t<div data-elementor-type=\"wp-page\" data-elementor-id=\"20897\" class=\"elementor elementor-20897\" data-elementor-post-type=\"page\">\n\t\t\t\t\t\t<section class=\"elementor-section elementor-top-section elementor-element elementor-element-61110a45 ct-section-stretched elementor-section-full_width elementor-section-height-min-height elementor-section-content-middle elementor-section-height-default elementor-section-items-middle\" data-id=\"61110a45\" data-element_type=\"section\" data-e-type=\"section\" data-settings=\"{&quot;jet_parallax_layout_list&quot;:[{&quot;jet_parallax_layout_image&quot;:{&quot;url&quot;:&quot;&quot;,&quot;id&quot;:&quot;&quot;,&quot;size&quot;:&quot;&quot;},&quot;_id&quot;:&quot;ead59d7&quot;,&quot;jet_parallax_layout_image_tablet&quot;:{&quot;url&quot;:&quot;&quot;,&quot;id&quot;:&quot;&quot;,&quot;size&quot;:&quot;&quot;},&quot;jet_parallax_layout_image_mobile&quot;:{&quot;url&quot;:&quot;&quot;,&quot;id&quot;:&quot;&quot;,&quot;size&quot;:&quot;&quot;},&quot;jet_parallax_layout_speed&quot;:{&quot;unit&quot;:&quot;%&quot;,&quot;size&quot;:50,&quot;sizes&quot;:[]},&quot;jet_parallax_layout_type&quot;:&quot;scroll&quot;,&quot;jet_parallax_layout_direction&quot;:null,&quot;jet_parallax_layout_fx_direction&quot;:null,&quot;jet_parallax_layout_z_index&quot;:&quot;&quot;,&quot;jet_parallax_layout_bg_x&quot;:50,&quot;jet_parallax_layout_bg_x_tablet&quot;:&quot;&quot;,&quot;jet_parallax_layout_bg_x_mobile&quot;:&quot;&quot;,&quot;jet_parallax_layout_bg_y&quot;:50,&quot;jet_parallax_layout_bg_y_tablet&quot;:&quot;&quot;,&quot;jet_parallax_layout_bg_y_mobile&quot;:&quot;&quot;,&quot;jet_parallax_layout_bg_size&quot;:&quot;auto&quot;,&quot;jet_parallax_layout_bg_size_tablet&quot;:&quot;&quot;,&quot;jet_parallax_layout_bg_size_mobile&quot;:&quot;&quot;,&quot;jet_parallax_layout_animation_prop&quot;:&quot;transform&quot;,&quot;jet_parallax_layout_on&quot;:[&quot;desktop&quot;,&quot;tablet&quot;]}],&quot;background_background&quot;:&quot;classic&quot;,&quot;shape_divider_bottom&quot;:&quot;mountains&quot;}\">\n\t\t\t\t\t\t\t<div class=\"elementor-background-overlay\"><\/div>\n\t\t\t\t\t\t<div class=\"elementor-shape elementor-shape-bottom\" aria-hidden=\"true\" data-negative=\"false\">\n\t\t\t<svg xmlns=\"http:\/\/www.w3.org\/2000\/svg\" viewBox=\"0 0 1000 100\" preserveAspectRatio=\"none\">\n\t<path class=\"elementor-shape-fill\" opacity=\"0.33\" d=\"M473,67.3c-203.9,88.3-263.1-34-320.3,0C66,119.1,0,59.7,0,59.7V0h1000v59.7 c0,0-62.1,26.1-94.9,29.3c-32.8,3.3-62.8-12.3-75.8-22.1C806,49.6,745.3,8.7,694.9,4.7S492.4,59,473,67.3z\"\/>\n\t<path class=\"elementor-shape-fill\" opacity=\"0.66\" d=\"M734,67.3c-45.5,0-77.2-23.2-129.1-39.1c-28.6-8.7-150.3-10.1-254,39.1 s-91.7-34.4-149.2,0C115.7,118.3,0,39.8,0,39.8V0h1000v36.5c0,0-28.2-18.5-92.1-18.5C810.2,18.1,775.7,67.3,734,67.3z\"\/>\n\t<path class=\"elementor-shape-fill\" d=\"M766.1,28.9c-200-57.5-266,65.5-395.1,19.5C242,1.8,242,5.4,184.8,20.6C128,35.8,132.3,44.9,89.9,52.5C28.6,63.7,0,0,0,0 h1000c0,0-9.9,40.9-83.6,48.1S829.6,47,766.1,28.9z\"\/>\n<\/svg>\t\t<\/div>\n\t\t\t\t\t<div class=\"elementor-container elementor-column-gap-default\">\n\t\t\t\t\t<div class=\"elementor-column elementor-col-100 elementor-top-column elementor-element elementor-element-59260a99\" data-id=\"59260a99\" data-element_type=\"column\" data-e-type=\"column\">\n\t\t\t<div class=\"elementor-widget-wrap elementor-element-populated\">\n\t\t\t\t\t\t<div class=\"elementor-element elementor-element-3d76e39 animated-slow elementor-invisible elementor-widget elementor-widget-image\" data-id=\"3d76e39\" data-element_type=\"widget\" data-e-type=\"widget\" data-settings=\"{&quot;_animation&quot;:&quot;fadeIn&quot;,&quot;_animation_delay&quot;:2000}\" data-widget_type=\"image.default\">\n\t\t\t\t<div class=\"elementor-widget-container\">\n\t\t\t\t\t\t\t\t\t\t\t\t\t\t\t<img fetchpriority=\"high\" decoding=\"async\" width=\"300\" height=\"169\" src=\"https:\/\/langasjonas.com\/wp-content\/uploads\/2022\/09\/Langasjonas_Logo_White_line02-300x169.png\" class=\"attachment-medium size-medium wp-image-2236\" alt=\"\" srcset=\"https:\/\/langasjonas.com\/wp-content\/uploads\/2022\/09\/Langasjonas_Logo_White_line02-300x169.png 300w, https:\/\/langasjonas.com\/wp-content\/uploads\/2022\/09\/Langasjonas_Logo_White_line02-768x432.png 768w, https:\/\/langasjonas.com\/wp-content\/uploads\/2022\/09\/Langasjonas_Logo_White_line02.png 1000w\" sizes=\"(max-width: 300px) 100vw, 300px\" title=\"\">\t\t\t\t\t\t\t\t\t\t\t\t\t\t\t<\/div>\n\t\t\t\t<\/div>\n\t\t\t\t\t<\/div>\n\t\t<\/div>\n\t\t\t\t\t<\/div>\n\t\t<\/section>\n\t\t\t\t<section class=\"elementor-section elementor-top-section elementor-element elementor-element-7519960 ct-section-stretched elementor-section-boxed elementor-section-height-default elementor-section-height-default\" data-id=\"7519960\" data-element_type=\"section\" data-e-type=\"section\" data-settings=\"{&quot;jet_parallax_layout_list&quot;:[]}\">\n\t\t\t\t\t\t<div class=\"elementor-container elementor-column-gap-default\">\n\t\t\t\t\t<div class=\"elementor-column elementor-col-50 elementor-top-column elementor-element elementor-element-f30fe53\" data-id=\"f30fe53\" data-element_type=\"column\" data-e-type=\"column\">\n\t\t\t<div class=\"elementor-widget-wrap elementor-element-populated\">\n\t\t\t\t\t\t<div class=\"elementor-element elementor-element-f15acce elementor-align-center elementor-hidden-desktop elementor-hidden-tablet elementor-widget elementor-widget-button\" data-id=\"f15acce\" data-element_type=\"widget\" data-e-type=\"widget\" data-widget_type=\"button.default\">\n\t\t\t\t<div class=\"elementor-widget-container\">\n\t\t\t\t\t\t\t\t\t<div class=\"elementor-button-wrapper\">\n\t\t\t\t\t<a class=\"elementor-button elementor-button-link elementor-size-sm\" href=\"https:\/\/www.bokadirekt.se\/places\/the-lake-cottage-57300\" target=\"_blank\" rel=\"noopener\">\n\t\t\t\t\t\t<span class=\"elementor-button-content-wrapper\">\n\t\t\t\t\t\t\t\t\t<span class=\"elementor-button-text\">Book now!<\/span>\n\t\t\t\t\t<\/span>\n\t\t\t\t\t<\/a>\n\t\t\t\t<\/div>\n\t\t\t\t\t\t\t\t<\/div>\n\t\t\t\t<\/div>\n\t\t\t\t<div class=\"elementor-element elementor-element-05f1421 elementor-widget elementor-widget-image\" data-id=\"05f1421\" data-element_type=\"widget\" data-e-type=\"widget\" data-widget_type=\"image.default\">\n\t\t\t\t<div class=\"elementor-widget-container\">\n\t\t\t\t\t\t\t\t\t\t\t\t\t\t\t<img decoding=\"async\" width=\"257\" height=\"165\" src=\"https:\/\/langasjonas.com\/wp-content\/uploads\/2023\/04\/TLC2-256.png\" class=\"attachment-full size-full wp-image-20908\" alt=\"The Lake Cottage\" title=\"\">\t\t\t\t\t\t\t\t\t\t\t\t\t\t\t<\/div>\n\t\t\t\t<\/div>\n\t\t\t\t<div class=\"elementor-element elementor-element-ebac9e8 elementor-widget elementor-widget-heading\" data-id=\"ebac9e8\" data-element_type=\"widget\" data-e-type=\"widget\" data-widget_type=\"heading.default\">\n\t\t\t\t<div class=\"elementor-widget-container\">\n\t\t\t\t\t<h1 class=\"elementor-heading-title elementor-size-default\">The Lake Cottage<br><\/h1>\t\t\t\t<\/div>\n\t\t\t\t<\/div>\n\t\t\t\t<div class=\"elementor-element elementor-element-8ada2b2 elementor-widget elementor-widget-heading\" data-id=\"8ada2b2\" data-element_type=\"widget\" data-e-type=\"widget\" data-widget_type=\"heading.default\">\n\t\t\t\t<div class=\"elementor-widget-container\">\n\t\t\t\t\t<h3 class=\"elementor-heading-title elementor-size-default\">Facial treatment, andullation massage &amp; red light therapy in the camping area<\/h3>\t\t\t\t<\/div>\n\t\t\t\t<\/div>\n\t\t\t\t<div class=\"elementor-element elementor-element-547aec3 elementor-widget elementor-widget-text-editor\" data-id=\"547aec3\" data-element_type=\"widget\" data-e-type=\"widget\" data-widget_type=\"text-editor.default\">\n\t\t\t\t<div class=\"elementor-widget-container\">\n\t\t\t\t\t\t\t\t\t<p>A warm welcome to The Lake Cottage at L\u00e5ngasj\u00f6n\u00e4s Camping. Our little cottage is located next to the reception, right by the water and the boat dock. Here you can book a deep cleansing facial, a relaxing breathing massage or a beneficial red light therapy.<\/p>\n<p>I who run The Lake Cottage is called Alexandra and I am so incredibly grateful to be able to run my small business in a place that is extremely close to my heart, L\u00e5ngasj\u00f6n\u00e4s.<\/p>\n\t\t\t\t\t\t\t\t<\/div>\n\t\t\t\t<\/div>\n\t\t\t\t<div class=\"elementor-element elementor-element-ad94cf1 elementor-widget elementor-widget-heading\" data-id=\"ad94cf1\" data-element_type=\"widget\" data-e-type=\"widget\" data-widget_type=\"heading.default\">\n\t\t\t\t<div class=\"elementor-widget-container\">\n\t\t\t\t\t<h3 class=\"elementor-heading-title elementor-size-default\">Facial treatment<\/h3>\t\t\t\t<\/div>\n\t\t\t\t<\/div>\n\t\t\t\t<div class=\"elementor-element elementor-element-8b6fa8c elementor-widget elementor-widget-text-editor\" data-id=\"8b6fa8c\" data-element_type=\"widget\" data-e-type=\"widget\" data-widget_type=\"text-editor.default\">\n\t\t\t\t<div class=\"elementor-widget-container\">\n\t\t\t\t\t\t\t\t\t<p><img decoding=\"async\" class=\" wp-image-40425 alignleft\" src=\"https:\/\/langasjonas.com\/wp-content\/uploads\/2024\/03\/ansiktsbehandling_thelakecottage-300x300.jpeg\" alt=\"Facial at The Lake Cottage\" width=\"251\" height=\"251\" title=\"\" srcset=\"https:\/\/langasjonas.com\/wp-content\/uploads\/2024\/03\/ansiktsbehandling_thelakecottage-300x300.jpeg 300w, https:\/\/langasjonas.com\/wp-content\/uploads\/2024\/03\/ansiktsbehandling_thelakecottage-1024x1024.jpeg 1024w, https:\/\/langasjonas.com\/wp-content\/uploads\/2024\/03\/ansiktsbehandling_thelakecottage-150x150.jpeg 150w, https:\/\/langasjonas.com\/wp-content\/uploads\/2024\/03\/ansiktsbehandling_thelakecottage-768x768.jpeg 768w, https:\/\/langasjonas.com\/wp-content\/uploads\/2024\/03\/ansiktsbehandling_thelakecottage.jpeg 1080w\" sizes=\"(max-width: 251px) 100vw, 251px\" \/><\/p>\n<p>A relaxing and deep cleansing facial treatment.<\/p>\n<p>Cleansing, exfoliation, light facial and d\u00e9collet\u00e9 massage, mud mask, serum and day\/night cream.<\/p>\n<p>The products used in this treatment have a lovely scent and come from Ax&amp;Lin in S\u00f6lvesborg. They are also<br \/>&#8211; Award-winning<br \/>&#8211; Organic<br \/>&#8211; Natural<br \/>&#8211; Vegan<\/p>\n<p>Treatment takes about 30 minutes. Wear no makeup when you book this treatment!<\/p>\n\t\t\t\t\t\t\t\t<\/div>\n\t\t\t\t<\/div>\n\t\t\t\t<div class=\"elementor-element elementor-element-30d54d3 elementor-widget elementor-widget-heading\" data-id=\"30d54d3\" data-element_type=\"widget\" data-e-type=\"widget\" data-widget_type=\"heading.default\">\n\t\t\t\t<div class=\"elementor-widget-container\">\n\t\t\t\t\t<h3 class=\"elementor-heading-title elementor-size-default\">Andullation<\/h3>\t\t\t\t<\/div>\n\t\t\t\t<\/div>\n\t\t\t\t<div class=\"elementor-element elementor-element-6f392b7 elementor-widget elementor-widget-text-editor\" data-id=\"6f392b7\" data-element_type=\"widget\" data-e-type=\"widget\" data-widget_type=\"text-editor.default\">\n\t\t\t\t<div class=\"elementor-widget-container\">\n\t\t\t\t\t\t\t\t\t<p><img loading=\"lazy\" decoding=\"async\" class=\"size-medium wp-image-40431 alignright\" src=\"https:\/\/langasjonas.com\/wp-content\/uploads\/2024\/03\/84bfb3fc-1b2c-486b-bf43-51af0496ee95-300x169.webp\" alt=\"Andullation at The Lake Cottage\" width=\"300\" height=\"169\" title=\"\" srcset=\"https:\/\/langasjonas.com\/wp-content\/uploads\/2024\/03\/84bfb3fc-1b2c-486b-bf43-51af0496ee95-300x169.webp 300w, https:\/\/langasjonas.com\/wp-content\/uploads\/2024\/03\/84bfb3fc-1b2c-486b-bf43-51af0496ee95-1024x576.webp 1024w, https:\/\/langasjonas.com\/wp-content\/uploads\/2024\/03\/84bfb3fc-1b2c-486b-bf43-51af0496ee95-768x432.webp 768w, https:\/\/langasjonas.com\/wp-content\/uploads\/2024\/03\/84bfb3fc-1b2c-486b-bf43-51af0496ee95-1536x864.webp 1536w, https:\/\/langasjonas.com\/wp-content\/uploads\/2024\/03\/84bfb3fc-1b2c-486b-bf43-51af0496ee95.webp 1600w\" sizes=\"(max-width: 300px) 100vw, 300px\" \/>Andullation massage is a fantastic experience and very good if you suffer from back pain, fibromyalgia, sleep problems or stress. You lie on an andullation bed with comfortable clothing that combines vibrations with infrared heat, which increases well-being and relaxation while triggering many beneficial processes in both muscles and internal organs.<\/p>\n<p>Andullation works on different levels: both physical and mental. The technology does not target a specific organ or organ system, but positively affects the essential body functions. Andullation is very effective in reducing symptoms and allows the person to regain quality of life. There is no hardness or pressure that some people find painful in some massage chairs or armchairs. On the andullation system, you lie comfortably on your back. The supine position gives you greater relaxation as your spine does not have to support your body weight. With the legs raised, blood circulation is promoted and proper lymphatic drainage is obtained during an andullation session. With this position, you are completely relaxed and avoid unnecessary muscle tension, which increases the effectiveness of the treatment: the higher the relaxation, the greater the impact of the treatment.<\/p>\n<p>Please note: If you are suffering from a fever, acute inflammation, cancer (you must be cleared and fully treated if you book andullation) or if you are suspected of having a blood clot\/thrombosis, do not book andullation. The same applies during pregnancy or if you are wearing an artificial pacemaker. If you have taken a vaccine, we recommend that you book your appointment no earlier than 2 weeks afterwards.<\/p>\n\t\t\t\t\t\t\t\t<\/div>\n\t\t\t\t<\/div>\n\t\t\t\t<div class=\"elementor-element elementor-element-71ba1d5 elementor-widget elementor-widget-heading\" data-id=\"71ba1d5\" data-element_type=\"widget\" data-e-type=\"widget\" data-widget_type=\"heading.default\">\n\t\t\t\t<div class=\"elementor-widget-container\">\n\t\t\t\t\t<h3 class=\"elementor-heading-title elementor-size-default\">Red light therapy<\/h3>\t\t\t\t<\/div>\n\t\t\t\t<\/div>\n\t\t\t\t<div class=\"elementor-element elementor-element-b6d7e17 elementor-widget elementor-widget-text-editor\" data-id=\"b6d7e17\" data-element_type=\"widget\" data-e-type=\"widget\" data-widget_type=\"text-editor.default\">\n\t\t\t\t<div class=\"elementor-widget-container\">\n\t\t\t\t\t\t\t\t\t<p><img loading=\"lazy\" decoding=\"async\" class=\"size-medium wp-image-40437 alignleft\" src=\"https:\/\/langasjonas.com\/wp-content\/uploads\/2024\/03\/redlight-300x177.png\" alt=\"Red light therapy at The Lake Cottage\" width=\"300\" height=\"177\" title=\"\" srcset=\"https:\/\/langasjonas.com\/wp-content\/uploads\/2024\/03\/redlight-300x177.png 300w, https:\/\/langasjonas.com\/wp-content\/uploads\/2024\/03\/redlight-1024x603.png 1024w, https:\/\/langasjonas.com\/wp-content\/uploads\/2024\/03\/redlight-768x452.png 768w, https:\/\/langasjonas.com\/wp-content\/uploads\/2024\/03\/redlight-1536x905.png 1536w, https:\/\/langasjonas.com\/wp-content\/uploads\/2024\/03\/redlight.png 1920w\" sizes=\"(max-width: 300px) 100vw, 300px\" \/>Red light therapy involves treating the body with red light and near-infrared light. To carry out the treatment, we use a larger red light panel. It is recommended that you wear as little clothing as possible. If you feel uncomfortable with it, you can wear thin white clothing. You should expect that the effect will not be as great as without clothing. We have a small separate room where you stand alone. After the treatment, some heat generation may be experienced due to near-infrared light, but the treatment itself is considered non-heat generating. It is recommended to conduct several sessions to achieve the best effect.<\/p>\n<\/p>\n<p>  &#8211; Improves skin health and can help with acne and other skin problems.<br \/>  &#8211; Reducing inflammation<br \/>  &#8211; Promotes wound healing and reduces scarring.<br \/>  &#8211; Increases the production of collagen, which reduces wrinkles and improves skin elasticity.<br \/>  &#8211; Relieves pain and inflammation in joints and muscles.<br \/>  &#8211; Improves blood circulation and oxygenation in the body.<br \/>  &#8211; Relieves migraines and tension headaches.<br \/>  &#8211; Promotes relaxation and improves sleep.<br \/>  &#8211; Reduces stress and anxiety.<br \/>  &#8211; Improves mood and reduces symptoms of depression.<br \/>  &#8211; Increases energy levels and improves concentration.<br \/>  &#8211; Relieves symptoms of fibromyalgia and other pain conditions.<br \/>  &#8211; Improves vision and relieves eye problems.<br \/>  &#8211; Stimulates hair growth and improves hair health.<br \/>  &#8211; Strengthens the immune system and promotes general health.<br \/>  &#8211; Reduces cellulite and improves skin texture.<br \/>  &#8211; Relieves symptoms of rosacea and other skin diseases.<br \/>  &#8211; Improves scarring after surgical procedures.<br \/>  &#8211; Relieves symptoms of psoriasis and eczema.<br \/>  &#8211; Improves performance and recovery during exercise.<\/p>\n<\/p>\n<p>You should not book red light therapy if you have or suspect you have cancer.<\/p>\n<\/p>\n<p>For more information, visit our website or call us. Contact details below or on the right side of this page.<\/p>\n\t\t\t\t\t\t\t\t<\/div>\n\t\t\t\t<\/div>\n\t\t\t\t\t<\/div>\n\t\t<\/div>\n\t\t\t\t<div class=\"jet-sticky-column elementor-column elementor-col-50 elementor-top-column elementor-element elementor-element-f4cef22\" data-jet-settings=\"{&quot;id&quot;:&quot;f4cef22&quot;,&quot;sticky&quot;:true,&quot;topSpacing&quot;:120,&quot;bottomSpacing&quot;:&quot;&quot;,&quot;stickyOn&quot;:[&quot;desktop&quot;,&quot;tablet&quot;]}\" data-id=\"f4cef22\" data-element_type=\"column\" data-e-type=\"column\">\n\t\t\t<div class=\"elementor-widget-wrap elementor-element-populated\">\n\t\t\t\t\t\t<div class=\"elementor-element elementor-element-11f21f3 elementor-align-center elementor-widget elementor-widget-button\" data-id=\"11f21f3\" data-element_type=\"widget\" data-e-type=\"widget\" data-widget_type=\"button.default\">\n\t\t\t\t<div class=\"elementor-widget-container\">\n\t\t\t\t\t\t\t\t\t<div class=\"elementor-button-wrapper\">\n\t\t\t\t\t<a class=\"elementor-button elementor-button-link elementor-size-sm\" href=\"https:\/\/www.bokadirekt.se\/places\/the-lake-cottage-57300\" target=\"_blank\" rel=\"noopener\">\n\t\t\t\t\t\t<span class=\"elementor-button-content-wrapper\">\n\t\t\t\t\t\t\t\t\t<span class=\"elementor-button-text\">Book now!<\/span>\n\t\t\t\t\t<\/span>\n\t\t\t\t\t<\/a>\n\t\t\t\t<\/div>\n\t\t\t\t\t\t\t\t<\/div>\n\t\t\t\t<\/div>\n\t\t\t\t<div class=\"elementor-element elementor-element-deee2e4 elementor-widget-divider--view-line_icon elementor-view-default elementor-widget-divider--element-align-center elementor-widget elementor-widget-divider\" data-id=\"deee2e4\" data-element_type=\"widget\" data-e-type=\"widget\" data-widget_type=\"divider.default\">\n\t\t\t\t<div class=\"elementor-widget-container\">\n\t\t\t\t\t\t\t<div class=\"elementor-divider\">\n\t\t\t<span class=\"elementor-divider-separator\">\n\t\t\t\t\t\t\t<div class=\"elementor-icon elementor-divider__element\">\n\t\t\t\t\t<i aria-hidden=\"true\" class=\"fas fa-angle-up\"><\/i><\/div>\n\t\t\t\t\t\t<\/span>\n\t\t<\/div>\n\t\t\t\t\t\t<\/div>\n\t\t\t\t<\/div>\n\t\t\t\t<div class=\"elementor-element elementor-element-d85145d elementor-widget elementor-widget-heading\" data-id=\"d85145d\" data-element_type=\"widget\" data-e-type=\"widget\" data-widget_type=\"heading.default\">\n\t\t\t\t<div class=\"elementor-widget-container\">\n\t\t\t\t\t<h5 class=\"elementor-heading-title elementor-size-default\">Contact<\/h5>\t\t\t\t<\/div>\n\t\t\t\t<\/div>\n\t\t\t\t<div class=\"elementor-element elementor-element-841649d elementor-align-center elementor-icon-list--layout-traditional elementor-list-item-link-full_width elementor-widget elementor-widget-icon-list\" data-id=\"841649d\" data-element_type=\"widget\" data-e-type=\"widget\" data-widget_type=\"icon-list.default\">\n\t\t\t\t<div class=\"elementor-widget-container\">\n\t\t\t\t\t\t\t<ul class=\"elementor-icon-list-items\">\n\t\t\t\t\t\t\t<li class=\"elementor-icon-list-item\">\n\t\t\t\t\t\t\t\t\t\t\t<a href=\"https:\/\/thelakecottage.se\" target=\"_blank\" rel=\"noopener\">\n\n\t\t\t\t\t\t\t\t\t\t\t\t<span class=\"elementor-icon-list-icon\">\n\t\t\t\t\t\t\t<i aria-hidden=\"true\" class=\"far fa-window-restore\"><\/i>\t\t\t\t\t\t<\/span>\n\t\t\t\t\t\t\t\t\t\t<span class=\"elementor-icon-list-text\">thelakecottage.se<\/span>\n\t\t\t\t\t\t\t\t\t\t\t<\/a>\n\t\t\t\t\t\t\t\t\t<\/li>\n\t\t\t\t\t\t\t\t<li class=\"elementor-icon-list-item\">\n\t\t\t\t\t\t\t\t\t\t\t<a href=\"tel:+46731501120\">\n\n\t\t\t\t\t\t\t\t\t\t\t\t<span class=\"elementor-icon-list-icon\">\n\t\t\t\t\t\t\t<i aria-hidden=\"true\" class=\"fas fa-phone-volume\"><\/i>\t\t\t\t\t\t<\/span>\n\t\t\t\t\t\t\t\t\t\t<span class=\"elementor-icon-list-text\">0731 - 50 11 20<\/span>\n\t\t\t\t\t\t\t\t\t\t\t<\/a>\n\t\t\t\t\t\t\t\t\t<\/li>\n\t\t\t\t\t\t<\/ul>\n\t\t\t\t\t\t<\/div>\n\t\t\t\t<\/div>\n\t\t\t\t<div class=\"elementor-element elementor-element-25bc58b elementor-widget-divider--view-line_icon elementor-view-default elementor-widget-divider--element-align-center elementor-widget elementor-widget-divider\" data-id=\"25bc58b\" data-element_type=\"widget\" data-e-type=\"widget\" data-widget_type=\"divider.default\">\n\t\t\t\t<div class=\"elementor-widget-container\">\n\t\t\t\t\t\t\t<div class=\"elementor-divider\">\n\t\t\t<span class=\"elementor-divider-separator\">\n\t\t\t\t\t\t\t<div class=\"elementor-icon elementor-divider__element\">\n\t\t\t\t\t<i aria-hidden=\"true\" class=\"fas fa-angle-up\"><\/i><\/div>\n\t\t\t\t\t\t<\/span>\n\t\t<\/div>\n\t\t\t\t\t\t<\/div>\n\t\t\t\t<\/div>\n\t\t\t\t<div class=\"elementor-element elementor-element-bc80401 elementor-widget elementor-widget-heading\" data-id=\"bc80401\" data-element_type=\"widget\" data-e-type=\"widget\" data-widget_type=\"heading.default\">\n\t\t\t\t<div class=\"elementor-widget-container\">\n\t\t\t\t\t<h5 class=\"elementor-heading-title elementor-size-default\">Opening hours<\/h5>\t\t\t\t<\/div>\n\t\t\t\t<\/div>\n\t\t\t\t<div class=\"elementor-element elementor-element-fbf3283 elementor-widget elementor-widget-text-editor\" data-id=\"fbf3283\" data-element_type=\"widget\" data-e-type=\"widget\" data-widget_type=\"text-editor.default\">\n\t\t\t\t<div class=\"elementor-widget-container\">\n\t\t\t\t\t\t\t\t\t<p class=\"has-text-align-center has-palette-color-3-color has-text-color wp-block-heading\">Wednesday<br \/>10:00 &#8211; 12.00<br \/>13.00 &#8211; 18.00<br \/>Thursday<br \/>10:00 &#8211; 12.00<br \/>13.00 &#8211; 18.00<br \/>Friday<br \/>10:00 &#8211; 12.00<br \/>13.00 &#8211; 18.00<br \/>Saturday<br \/>10:00 &#8211; 16.00<\/p>\n\t\t\t\t\t\t\t\t<\/div>\n\t\t\t\t<\/div>\n\t\t\t\t<div class=\"elementor-element elementor-element-5dbe292 elementor-widget-divider--view-line_icon elementor-view-default elementor-widget-divider--element-align-center elementor-widget elementor-widget-divider\" data-id=\"5dbe292\" data-element_type=\"widget\" data-e-type=\"widget\" data-widget_type=\"divider.default\">\n\t\t\t\t<div class=\"elementor-widget-container\">\n\t\t\t\t\t\t\t<div class=\"elementor-divider\">\n\t\t\t<span class=\"elementor-divider-separator\">\n\t\t\t\t\t\t\t<div class=\"elementor-icon elementor-divider__element\">\n\t\t\t\t\t<i aria-hidden=\"true\" class=\"fas fa-angle-up\"><\/i><\/div>\n\t\t\t\t\t\t<\/span>\n\t\t<\/div>\n\t\t\t\t\t\t<\/div>\n\t\t\t\t<\/div>\n\t\t\t\t<div class=\"elementor-element elementor-element-74e732b elementor-widget elementor-widget-heading\" data-id=\"74e732b\" data-element_type=\"widget\" data-e-type=\"widget\" data-widget_type=\"heading.default\">\n\t\t\t\t<div class=\"elementor-widget-container\">\n\t\t\t\t\t<h5 class=\"elementor-heading-title elementor-size-default\">Find us<\/h5>\t\t\t\t<\/div>\n\t\t\t\t<\/div>\n\t\t\t\t<div class=\"elementor-element elementor-element-f042d45 elementor-widget elementor-widget-image\" data-id=\"f042d45\" data-element_type=\"widget\" data-e-type=\"widget\" data-widget_type=\"image.default\">\n\t\t\t\t<div class=\"elementor-widget-container\">\n\t\t\t\t\t\t\t\t\t\t\t\t<figure class=\"wp-caption\">\n\t\t\t\t\t\t\t\t\t\t\t<a href=\"https:\/\/langasjonas.com\/wp-content\/uploads\/2023\/04\/TLC_Campingkarta.jpg\" data-elementor-open-lightbox=\"yes\" data-elementor-lightbox-title=\"TLC_Campingkarta\" data-e-action-hash=\"#elementor-action%3Aaction%3Dlightbox%26settings%3DeyJpZCI6MjA5MjMsInVybCI6Imh0dHBzOlwvXC9sYW5nYXNqb25hcy5jb21cL3dwLWNvbnRlbnRcL3VwbG9hZHNcLzIwMjNcLzA0XC9UTENfQ2FtcGluZ2thcnRhLmpwZyJ9\">\n\t\t\t\t\t\t\t<img loading=\"lazy\" decoding=\"async\" width=\"150\" height=\"150\" src=\"https:\/\/langasjonas.com\/wp-content\/uploads\/2023\/04\/TLC_Campingkarta-150x150.jpg\" class=\"attachment-thumbnail size-thumbnail wp-image-20923\" alt=\"The Lake Cottage\" title=\"\">\t\t\t\t\t\t\t\t<\/a>\n\t\t\t\t\t\t\t\t\t\t\t<figcaption class=\"widget-image-caption wp-caption-text\">Click to enlarge<\/figcaption>\n\t\t\t\t\t\t\t\t\t\t<\/figure>\n\t\t\t\t\t\t\t\t\t<\/div>\n\t\t\t\t<\/div>\n\t\t\t\t\t<\/div>\n\t\t<\/div>\n\t\t\t\t\t<\/div>\n\t\t<\/section>\n\t\t\t\t<\/div>\n\t\t","protected":false},"excerpt":{"rendered":"<p>Farm shop &amp; andullation massage in the camping area<\/p>\n","protected":false},"author":6,"featured_media":20908,"parent":0,"menu_order":0,"comment_status":"closed","ping_status":"closed","template":"","meta":{"footnotes":""},"folder":[50],"class_list":["post-20897","page","type-page","status-publish","has-post-thumbnail","hentry"],"blocksy_meta":{"styles_descriptor":{"styles":{"desktop":"","tablet":"","mobile":""},"google_fonts":[],"version":6}},"_links":{"self":[{"href":"https:\/\/langasjonas.com\/en\/wp-json\/wp\/v2\/pages\/20897","targetHints":{"allow":["GET"]}}],"collection":[{"href":"https:\/\/langasjonas.com\/en\/wp-json\/wp\/v2\/pages"}],"about":[{"href":"https:\/\/langasjonas.com\/en\/wp-json\/wp\/v2\/types\/page"}],"author":[{"embeddable":true,"href":"https:\/\/langasjonas.com\/en\/wp-json\/wp\/v2\/users\/6"}],"replies":[{"embeddable":true,"href":"https:\/\/langasjonas.com\/en\/wp-json\/wp\/v2\/comments?post=20897"}],"version-history":[{"count":9,"href":"https:\/\/langasjonas.com\/en\/wp-json\/wp\/v2\/pages\/20897\/revisions"}],"predecessor-version":[{"id":42647,"href":"https:\/\/langasjonas.com\/en\/wp-json\/wp\/v2\/pages\/20897\/revisions\/42647"}],"wp:featuredmedia":[{"embeddable":true,"href":"https:\/\/langasjonas.com\/en\/wp-json\/wp\/v2\/media\/20908"}],"wp:attachment":[{"href":"https:\/\/langasjonas.com\/en\/wp-json\/wp\/v2\/media?parent=20897"}],"wp:term":[{"taxonomy":"folder","embeddable":true,"href":"https:\/\/langasjonas.com\/en\/wp-json\/wp\/v2\/folder?post=20897"}],"curies":[{"name":"wp","href":"https:\/\/api.w.org\/{rel}","templated":true}]}}