{"id":50621,"date":"2025-05-17T20:37:27","date_gmt":"2025-05-17T18:37:27","guid":{"rendered":"https:\/\/langasjonas.com\/merinfo1\/"},"modified":"2026-01-19T00:14:36","modified_gmt":"2026-01-18T23:14:36","slug":"merinfo1","status":"publish","type":"page","link":"https:\/\/langasjonas.com\/de\/merinfo1\/","title":{"rendered":"MERINFO1"},"content":{"rendered":"\t\t<div data-elementor-type=\"wp-page\" data-elementor-id=\"50621\" class=\"elementor elementor-50621 elementor-50435\" data-elementor-post-type=\"page\">\n\t\t\t\t\t\t<section class=\"elementor-section elementor-top-section elementor-element elementor-element-61110a45 ct-section-stretched elementor-section-full_width elementor-section-height-min-height elementor-section-content-middle elementor-section-height-default elementor-section-items-middle\" data-id=\"61110a45\" data-element_type=\"section\" data-e-type=\"section\" data-settings=\"{&quot;jet_parallax_layout_list&quot;:[{&quot;jet_parallax_layout_image&quot;:{&quot;url&quot;:&quot;&quot;,&quot;id&quot;:&quot;&quot;,&quot;size&quot;:&quot;&quot;},&quot;_id&quot;:&quot;ead59d7&quot;,&quot;jet_parallax_layout_image_tablet&quot;:{&quot;url&quot;:&quot;&quot;,&quot;id&quot;:&quot;&quot;,&quot;size&quot;:&quot;&quot;},&quot;jet_parallax_layout_image_mobile&quot;:{&quot;url&quot;:&quot;&quot;,&quot;id&quot;:&quot;&quot;,&quot;size&quot;:&quot;&quot;},&quot;jet_parallax_layout_speed&quot;:{&quot;unit&quot;:&quot;%&quot;,&quot;size&quot;:50,&quot;sizes&quot;:[]},&quot;jet_parallax_layout_type&quot;:&quot;scroll&quot;,&quot;jet_parallax_layout_direction&quot;:null,&quot;jet_parallax_layout_fx_direction&quot;:null,&quot;jet_parallax_layout_z_index&quot;:&quot;&quot;,&quot;jet_parallax_layout_bg_x&quot;:50,&quot;jet_parallax_layout_bg_x_tablet&quot;:&quot;&quot;,&quot;jet_parallax_layout_bg_x_mobile&quot;:&quot;&quot;,&quot;jet_parallax_layout_bg_y&quot;:50,&quot;jet_parallax_layout_bg_y_tablet&quot;:&quot;&quot;,&quot;jet_parallax_layout_bg_y_mobile&quot;:&quot;&quot;,&quot;jet_parallax_layout_bg_size&quot;:&quot;auto&quot;,&quot;jet_parallax_layout_bg_size_tablet&quot;:&quot;&quot;,&quot;jet_parallax_layout_bg_size_mobile&quot;:&quot;&quot;,&quot;jet_parallax_layout_animation_prop&quot;:&quot;transform&quot;,&quot;jet_parallax_layout_on&quot;:[&quot;desktop&quot;,&quot;tablet&quot;]}],&quot;background_background&quot;:&quot;slideshow&quot;,&quot;background_slideshow_gallery&quot;:[{&quot;id&quot;:1183,&quot;url&quot;:&quot;https:\\\/\\\/langasjonas.com\\\/wp-content\\\/uploads\\\/2022\\\/01\\\/WP_20140916_17_53_44_Panorama-scaled.jpeg&quot;},{&quot;id&quot;:1201,&quot;url&quot;:&quot;https:\\\/\\\/langasjonas.com\\\/wp-content\\\/uploads\\\/2022\\\/01\\\/5.Ekudden-Stuga-Panorama-scaled.jpg&quot;},{&quot;id&quot;:1205,&quot;url&quot;:&quot;https:\\\/\\\/langasjonas.com\\\/wp-content\\\/uploads\\\/2022\\\/01\\\/WP_20140902_14_29_00_Panorama-scaled.jpg&quot;},{&quot;id&quot;:1208,&quot;url&quot;:&quot;https:\\\/\\\/langasjonas.com\\\/wp-content\\\/uploads\\\/2022\\\/01\\\/WP_20140601_17_02_46_Pro-panorama-bild-scaled.jpg&quot;},{&quot;id&quot;:1195,&quot;url&quot;:&quot;https:\\\/\\\/langasjonas.com\\\/wp-content\\\/uploads\\\/2022\\\/01\\\/WP_20140704_15_05_38_Panorama-scaled.jpg&quot;}],&quot;shape_divider_bottom&quot;:&quot;mountains&quot;,&quot;background_slideshow_transition_duration&quot;:2000,&quot;background_slideshow_ken_burns&quot;:&quot;yes&quot;,&quot;background_slideshow_loop&quot;:&quot;yes&quot;,&quot;background_slideshow_slide_duration&quot;:5000,&quot;background_slideshow_slide_transition&quot;:&quot;fade&quot;,&quot;background_slideshow_ken_burns_zoom_direction&quot;:&quot;in&quot;}\">\n\t\t\t\t\t\t\t<div class=\"elementor-background-overlay\"><\/div>\n\t\t\t\t\t\t<div class=\"elementor-shape elementor-shape-bottom\" aria-hidden=\"true\" data-negative=\"false\">\n\t\t\t<svg xmlns=\"http:\/\/www.w3.org\/2000\/svg\" viewBox=\"0 0 1000 100\" preserveAspectRatio=\"none\">\n\t<path class=\"elementor-shape-fill\" opacity=\"0.33\" d=\"M473,67.3c-203.9,88.3-263.1-34-320.3,0C66,119.1,0,59.7,0,59.7V0h1000v59.7 c0,0-62.1,26.1-94.9,29.3c-32.8,3.3-62.8-12.3-75.8-22.1C806,49.6,745.3,8.7,694.9,4.7S492.4,59,473,67.3z\"\/>\n\t<path class=\"elementor-shape-fill\" opacity=\"0.66\" d=\"M734,67.3c-45.5,0-77.2-23.2-129.1-39.1c-28.6-8.7-150.3-10.1-254,39.1 s-91.7-34.4-149.2,0C115.7,118.3,0,39.8,0,39.8V0h1000v36.5c0,0-28.2-18.5-92.1-18.5C810.2,18.1,775.7,67.3,734,67.3z\"\/>\n\t<path class=\"elementor-shape-fill\" d=\"M766.1,28.9c-200-57.5-266,65.5-395.1,19.5C242,1.8,242,5.4,184.8,20.6C128,35.8,132.3,44.9,89.9,52.5C28.6,63.7,0,0,0,0 h1000c0,0-9.9,40.9-83.6,48.1S829.6,47,766.1,28.9z\"\/>\n<\/svg>\t\t<\/div>\n\t\t\t\t\t<div class=\"elementor-container elementor-column-gap-default\">\n\t\t\t\t\t<div class=\"elementor-column elementor-col-100 elementor-top-column elementor-element elementor-element-59260a99\" data-id=\"59260a99\" data-element_type=\"column\" data-e-type=\"column\">\n\t\t\t<div class=\"elementor-widget-wrap elementor-element-populated\">\n\t\t\t\t\t\t<div class=\"elementor-element elementor-element-1ab2b3e animated-slow elementor-invisible elementor-widget elementor-widget-image\" data-id=\"1ab2b3e\" data-element_type=\"widget\" data-e-type=\"widget\" data-settings=\"{&quot;_animation&quot;:&quot;fadeIn&quot;,&quot;_animation_delay&quot;:2000}\" data-widget_type=\"image.default\">\n\t\t\t\t<div class=\"elementor-widget-container\">\n\t\t\t\t\t\t\t\t\t\t\t\t\t\t\t<img fetchpriority=\"high\" decoding=\"async\" width=\"300\" height=\"169\" src=\"https:\/\/langasjonas.com\/wp-content\/uploads\/2022\/09\/Langasjonas_Logo_White_line02-300x169.png\" class=\"attachment-medium size-medium wp-image-2237\" alt=\"\" srcset=\"https:\/\/langasjonas.com\/wp-content\/uploads\/2022\/09\/Langasjonas_Logo_White_line02-300x169.png 300w, https:\/\/langasjonas.com\/wp-content\/uploads\/2022\/09\/Langasjonas_Logo_White_line02-768x432.png 768w, https:\/\/langasjonas.com\/wp-content\/uploads\/2022\/09\/Langasjonas_Logo_White_line02.png 1000w\" sizes=\"(max-width: 300px) 100vw, 300px\" title=\"\">\t\t\t\t\t\t\t\t\t\t\t\t\t\t\t<\/div>\n\t\t\t\t<\/div>\n\t\t\t\t\t<\/div>\n\t\t<\/div>\n\t\t\t\t\t<\/div>\n\t\t<\/section>\n\t\t\t\t<section class=\"elementor-section elementor-top-section elementor-element elementor-element-7519960 ct-section-stretched elementor-section-full_width elementor-section-height-default elementor-section-height-default\" data-id=\"7519960\" data-element_type=\"section\" data-e-type=\"section\" data-settings=\"{&quot;jet_parallax_layout_list&quot;:[]}\">\n\t\t\t\t\t\t<div class=\"elementor-container elementor-column-gap-default\">\n\t\t\t\t\t<div class=\"elementor-column elementor-col-66 elementor-top-column elementor-element elementor-element-f30fe53\" data-id=\"f30fe53\" data-element_type=\"column\" data-e-type=\"column\">\n\t\t\t<div class=\"elementor-widget-wrap elementor-element-populated\">\n\t\t\t\t\t\t<div class=\"elementor-element elementor-element-52d17c5 elementor-widget elementor-widget-heading\" data-id=\"52d17c5\" data-element_type=\"widget\" data-e-type=\"widget\" data-widget_type=\"heading.default\">\n\t\t\t\t<div class=\"elementor-widget-container\">\n\t\t\t\t\t<h2 class=\"elementor-heading-title elementor-size-default\">RENOVIERUNG, REPARATUREN UND NEUBAU - WAS GILT?<\/h2>\t\t\t\t<\/div>\n\t\t\t\t<\/div>\n\t\t\t\t<div class=\"elementor-element elementor-element-1eb2dce elementor-widget elementor-widget-text-editor\" data-id=\"1eb2dce\" data-element_type=\"widget\" data-e-type=\"widget\" data-widget_type=\"text-editor.default\">\n\t\t\t\t<div class=\"elementor-widget-container\">\n\t\t\t\t\t\t\t\t\t<h3>Die Modernisierung Ihres Ferienhauses ist v\u00f6llig freiwillig &#8211; aber es gibt <strong>viele Vorteile<\/strong>, sowohl in finanzieller Hinsicht als auch im Hinblick auf die Erfahrung. Eine Renovierung oder ein Neubau kann auch <strong>die Mieteinnahmen erh\u00f6hen<\/strong>. <\/h3>\n<h3><strong>Sie haben die Wahl &#8211; aber hier erfahren Sie, warum es sich lohnt:<\/strong><\/h3>\n<ul>\n<li>\n<h3><strong>H\u00f6here Mieteinnahmen:<\/strong> Standardsteigerung = mehr Buchungen + h\u00f6herer Preis<\/h3>\n<\/li>\n<li>\n<h3><strong>H\u00f6herer Wert:<\/strong> Renovierte Ferienh\u00e4user sind attraktiver f\u00fcr zuk\u00fcnftige Verk\u00e4ufe<\/h3>\n<\/li>\n<li>\n<h3><strong>Mehr Komfort:<\/strong> Ihr eigener Aufenthalt wird angenehmer und funktioneller sein<\/h3>\n<\/li>\n<li>\n<h3><strong>Ganzj\u00e4hrige Vermietung:<\/strong> Bei einigen H\u00e4usern ist nach der Renovierung eine Vermietung im Winter m\u00f6glich<\/h3>\n<\/li>\n<\/ul>\n<h3><strong>Verschiedene Arten von Ma\u00dfnahmen:<\/strong><\/h3>\n<h3><strong>Innenrenovierung &#8211; volle Freiheit!<\/strong><\/h3>\n<ul>\n<li>\n<h3>Neuer Grundriss, K\u00fcche, Bad, Innenausstattung<\/h3>\n<\/li>\n<li>\n<h3>Beispiel: Die Modellkabine S13 zeigt, was m\u00f6glich ist<\/h3>\n<\/li>\n<li>\n<h3>Inspiration und Zeichnungen sind verf\u00fcgbar<\/h3>\n<\/li>\n<\/ul>\n<h3><strong>Au\u00dfenrenovierung &#8211; es gelten die Regeln!<\/strong><\/h3>\n<ul>\n<li>\n<h3>Alle Ferienh\u00e4user in Norddorf &amp; S\u00fcddorf behalten ihr gemeinsames Aussehen<\/h3>\n<\/li>\n<li>\n<h3>Z.B. Farbe, Fassade, Terrasse m\u00fcssen den genehmigten Zeichnungen entsprechen <\/h3>\n<\/li>\n<li>\n<h3>F\u00fcr bestimmte Arbeiten d\u00fcrfen nur zugelassene Handwerker eingesetzt werden<\/h3>\n<\/li>\n<\/ul>\n<h3><strong>Neu bauen? Das ist durchaus m\u00f6glich! <\/strong><\/h3>\n<ul>\n<li>\n<h3>Baugenehmigung verf\u00fcgbar bis 2026<\/h3>\n<\/li>\n<li>\n<h3>Beispielkabine N01 zeigt, wie ein Neubau aussehen kann<\/h3>\n<\/li>\n<li>\n<h3>Sie k\u00f6nnen unsere Zeichnungen verwenden oder Ihre eigenen erstellen<\/h3>\n<\/li>\n<li>\n<h3>Wir beraten und verwalten den Bauprozess<\/h3>\n<\/li>\n<\/ul>\n<h3><strong>M\u00f6chten Sie Ihre Mieteinnahmen erh\u00f6hen?<\/strong><\/h3>\n<h3>Renovieren Sie nach unseren Richtlinien und erhalten Sie:<\/h3>\n<ul>\n<li>\n<h3><strong>55%<\/strong> f\u00fcr gr\u00f6\u00dfere \u00e4u\u00dfere Verbesserungen<\/h3>\n<\/li>\n<li>\n<h3><strong>60 %<\/strong> f\u00fcr die komplette Innen- und Au\u00dfenrenovierung<\/h3>\n<\/li>\n<li>\n<h3><strong>65%<\/strong> f\u00fcr neu gebaute Ferienh\u00e4user<\/h3>\n<\/li>\n<\/ul>\t\t\t\t\t\t\t\t<\/div>\n\t\t\t\t<\/div>\n\t\t\t\t<div class=\"elementor-element elementor-element-aaa5348 elementor-widget elementor-widget-menu-anchor\" data-id=\"aaa5348\" data-element_type=\"widget\" data-e-type=\"widget\" data-widget_type=\"menu-anchor.default\">\n\t\t\t\t<div class=\"elementor-widget-container\">\n\t\t\t\t\t\t\t<div class=\"elementor-menu-anchor\" id=\"f08loftet\"><\/div>\n\t\t\t\t\t\t<\/div>\n\t\t\t\t<\/div>\n\t\t\t\t\t<\/div>\n\t\t<\/div>\n\t\t\t\t<div class=\"jet-sticky-column elementor-column elementor-col-33 elementor-top-column elementor-element elementor-element-f4cef22\" data-jet-settings=\"{&quot;id&quot;:&quot;f4cef22&quot;,&quot;sticky&quot;:true,&quot;topSpacing&quot;:120,&quot;bottomSpacing&quot;:&quot;&quot;,&quot;stickyOn&quot;:[&quot;desktop&quot;,&quot;tablet&quot;]}\" data-id=\"f4cef22\" data-element_type=\"column\" data-e-type=\"column\">\n\t\t\t<div class=\"elementor-widget-wrap elementor-element-populated\">\n\t\t\t\t\t\t<div class=\"elementor-element elementor-element-91b5560 elementor-view-stacked elementor-shape-circle elementor-position-block-start elementor-mobile-position-block-start elementor-widget elementor-widget-icon-box\" data-id=\"91b5560\" data-element_type=\"widget\" data-e-type=\"widget\" data-widget_type=\"icon-box.default\">\n\t\t\t\t<div class=\"elementor-widget-container\">\n\t\t\t\t\t\t\t<div class=\"elementor-icon-box-wrapper\">\n\n\t\t\t\t\t\t<div class=\"elementor-icon-box-icon\">\n\t\t\t\t<a href=\"https:\/\/online.bookvisit.com\/v2\/widget\/WidgetNewWindowStart?channelId=72ed9948-3021-4cd4-9c25-7d15e2a79b0c&#038;culture=sv-SE\" target=\"_blank\" class=\"elementor-icon\" tabindex=\"-1\" aria-label=\"FERIENH\u00c4SER\" rel=\"noopener\">\n\t\t\t\t<i aria-hidden=\"true\" class=\"fas fa-house-user\"><\/i>\t\t\t\t<\/a>\n\t\t\t<\/div>\n\t\t\t\n\t\t\t\t\t\t<div class=\"elementor-icon-box-content\">\n\n\t\t\t\t\t\t\t\t\t<h1 class=\"elementor-icon-box-title\">\n\t\t\t\t\t\t<a href=\"https:\/\/online.bookvisit.com\/v2\/widget\/WidgetNewWindowStart?channelId=72ed9948-3021-4cd4-9c25-7d15e2a79b0c&#038;culture=sv-SE\" target=\"_blank\" rel=\"noopener\">\n\t\t\t\t\t\t\tFERIENH\u00c4SER\t\t\t\t\t\t<\/a>\n\t\t\t\t\t<\/h1>\n\t\t\t\t\n\t\t\t\t\t\t\t\t\t<p class=\"elementor-icon-box-description\">\n\t\t\t\t\t\tJETZT BUCHEN\t\t\t\t\t<\/p>\n\t\t\t\t\n\t\t\t<\/div>\n\t\t\t\n\t\t<\/div>\n\t\t\t\t\t\t<\/div>\n\t\t\t\t<\/div>\n\t\t\t\t<div class=\"elementor-element elementor-element-8ce4e6b elementor-align-center elementor-mobile-align-center elementor-widget elementor-widget-button\" data-id=\"8ce4e6b\" data-element_type=\"widget\" data-e-type=\"widget\" data-widget_type=\"button.default\">\n\t\t\t\t<div class=\"elementor-widget-container\">\n\t\t\t\t\t\t\t\t\t<div class=\"elementor-button-wrapper\">\n\t\t\t\t\t<a class=\"elementor-button elementor-button-link elementor-size-sm\" href=\"https:\/\/langasjonas.com\/de\/preis-ferienhaeuser\/\">\n\t\t\t\t\t\t<span class=\"elementor-button-content-wrapper\">\n\t\t\t\t\t\t<span class=\"elementor-button-icon\">\n\t\t\t\t<i aria-hidden=\"true\" class=\"fas fa-arrow-circle-right\"><\/i>\t\t\t<\/span>\n\t\t\t\t\t\t\t\t\t<span class=\"elementor-button-text\">PREIS FERIENH\u00c4USER<\/span>\n\t\t\t\t\t<\/span>\n\t\t\t\t\t<\/a>\n\t\t\t\t<\/div>\n\t\t\t\t\t\t\t\t<\/div>\n\t\t\t\t<\/div>\n\t\t\t\t<div class=\"elementor-element elementor-element-8165c9b elementor-widget-divider--view-line_icon elementor-view-default elementor-widget-divider--element-align-center elementor-widget elementor-widget-divider\" data-id=\"8165c9b\" data-element_type=\"widget\" data-e-type=\"widget\" data-widget_type=\"divider.default\">\n\t\t\t\t<div class=\"elementor-widget-container\">\n\t\t\t\t\t\t\t<div class=\"elementor-divider\">\n\t\t\t<span class=\"elementor-divider-separator\">\n\t\t\t\t\t\t\t<div class=\"elementor-icon elementor-divider__element\">\n\t\t\t\t\t<i aria-hidden=\"true\" class=\"fas fa-angle-up\"><\/i><\/div>\n\t\t\t\t\t\t<\/span>\n\t\t<\/div>\n\t\t\t\t\t\t<\/div>\n\t\t\t\t<\/div>\n\t\t\t\t<div class=\"elementor-element elementor-element-94f4773 elementor-view-stacked elementor-shape-circle elementor-position-block-start elementor-mobile-position-block-start elementor-widget elementor-widget-icon-box\" data-id=\"94f4773\" data-element_type=\"widget\" data-e-type=\"widget\" data-widget_type=\"icon-box.default\">\n\t\t\t\t<div class=\"elementor-widget-container\">\n\t\t\t\t\t\t\t<div class=\"elementor-icon-box-wrapper\">\n\n\t\t\t\t\t\t<div class=\"elementor-icon-box-icon\">\n\t\t\t\t<a href=\"https:\/\/online.bookvisit.com\/v2\/widget\/WidgetNewWindowStart?channelId=71c751b4-2d85-42f7-a0f7-056c894119a5&#038;culture=sv-SE\" target=\"_blank\" class=\"elementor-icon\" tabindex=\"-1\" aria-label=\"CAMPING\" rel=\"noopener\">\n\t\t\t\t<i aria-hidden=\"true\" class=\"fas fa-caravan\"><\/i>\t\t\t\t<\/a>\n\t\t\t<\/div>\n\t\t\t\n\t\t\t\t\t\t<div class=\"elementor-icon-box-content\">\n\n\t\t\t\t\t\t\t\t\t<h1 class=\"elementor-icon-box-title\">\n\t\t\t\t\t\t<a href=\"https:\/\/online.bookvisit.com\/v2\/widget\/WidgetNewWindowStart?channelId=71c751b4-2d85-42f7-a0f7-056c894119a5&#038;culture=sv-SE\" target=\"_blank\" rel=\"noopener\">\n\t\t\t\t\t\t\tCAMPING\t\t\t\t\t\t<\/a>\n\t\t\t\t\t<\/h1>\n\t\t\t\t\n\t\t\t\t\t\t\t\t\t<p class=\"elementor-icon-box-description\">\n\t\t\t\t\t\tBuchen Sie jetzt\t\t\t\t\t<\/p>\n\t\t\t\t\n\t\t\t<\/div>\n\t\t\t\n\t\t<\/div>\n\t\t\t\t\t\t<\/div>\n\t\t\t\t<\/div>\n\t\t\t\t<div class=\"elementor-element elementor-element-efa6eb1 elementor-align-center elementor-mobile-align-center elementor-widget elementor-widget-button\" data-id=\"efa6eb1\" data-element_type=\"widget\" data-e-type=\"widget\" data-widget_type=\"button.default\">\n\t\t\t\t<div class=\"elementor-widget-container\">\n\t\t\t\t\t\t\t\t\t<div class=\"elementor-button-wrapper\">\n\t\t\t\t\t<a class=\"elementor-button elementor-button-link elementor-size-sm\" href=\"https:\/\/langasjonas.com\/de\/camping-preise\/\">\n\t\t\t\t\t\t<span class=\"elementor-button-content-wrapper\">\n\t\t\t\t\t\t<span class=\"elementor-button-icon\">\n\t\t\t\t<i aria-hidden=\"true\" class=\"fas fa-arrow-circle-right\"><\/i>\t\t\t<\/span>\n\t\t\t\t\t\t\t\t\t<span class=\"elementor-button-text\">CAMPING-PREISE<\/span>\n\t\t\t\t\t<\/span>\n\t\t\t\t\t<\/a>\n\t\t\t\t<\/div>\n\t\t\t\t\t\t\t\t<\/div>\n\t\t\t\t<\/div>\n\t\t\t\t<div class=\"elementor-element elementor-element-3b9eaaf elementor-widget-divider--view-line_icon elementor-view-default elementor-widget-divider--element-align-center elementor-widget elementor-widget-divider\" data-id=\"3b9eaaf\" data-element_type=\"widget\" data-e-type=\"widget\" data-widget_type=\"divider.default\">\n\t\t\t\t<div class=\"elementor-widget-container\">\n\t\t\t\t\t\t\t<div class=\"elementor-divider\">\n\t\t\t<span class=\"elementor-divider-separator\">\n\t\t\t\t\t\t\t<div class=\"elementor-icon elementor-divider__element\">\n\t\t\t\t\t<i aria-hidden=\"true\" class=\"fas fa-angle-up\"><\/i><\/div>\n\t\t\t\t\t\t<\/span>\n\t\t<\/div>\n\t\t\t\t\t\t<\/div>\n\t\t\t\t<\/div>\n\t\t\t\t<div class=\"elementor-element elementor-element-d85145d elementor-widget elementor-widget-heading\" data-id=\"d85145d\" data-element_type=\"widget\" data-e-type=\"widget\" data-widget_type=\"heading.default\">\n\t\t\t\t<div class=\"elementor-widget-container\">\n\t\t\t\t\t<h5 class=\"elementor-heading-title elementor-size-default\">Camping Karte<\/h5>\t\t\t\t<\/div>\n\t\t\t\t<\/div>\n\t\t\t\t<div class=\"elementor-element elementor-element-5cce46b elementor-widget elementor-widget-image\" data-id=\"5cce46b\" data-element_type=\"widget\" data-e-type=\"widget\" data-widget_type=\"image.default\">\n\t\t\t\t<div class=\"elementor-widget-container\">\n\t\t\t\t\t\t\t\t\t\t\t\t\t\t\t\t<a href=\"\/wp-content\/uploads\/2022\/09\/karta_langasjonas_2021.pdf\" target=\"_blank\">\n\t\t\t\t\t\t\t<img decoding=\"async\" width=\"583\" height=\"519\" src=\"https:\/\/langasjonas.com\/wp-content\/uploads\/2022\/09\/campingkarta-small.jpg\" class=\"attachment-large size-large wp-image-2384\" alt=\"\" srcset=\"https:\/\/langasjonas.com\/wp-content\/uploads\/2022\/09\/campingkarta-small.jpg 583w, https:\/\/langasjonas.com\/wp-content\/uploads\/2022\/09\/campingkarta-small-300x267.jpg 300w\" sizes=\"(max-width: 583px) 100vw, 583px\" title=\"\">\t\t\t\t\t\t\t\t<\/a>\n\t\t\t\t\t\t\t\t\t\t\t\t\t\t\t<\/div>\n\t\t\t\t<\/div>\n\t\t\t\t<div class=\"elementor-element elementor-element-3aeeb7c elementor-widget-divider--view-line_icon elementor-view-default elementor-widget-divider--element-align-center elementor-widget elementor-widget-divider\" data-id=\"3aeeb7c\" data-element_type=\"widget\" data-e-type=\"widget\" data-widget_type=\"divider.default\">\n\t\t\t\t<div class=\"elementor-widget-container\">\n\t\t\t\t\t\t\t<div class=\"elementor-divider\">\n\t\t\t<span class=\"elementor-divider-separator\">\n\t\t\t\t\t\t\t<div class=\"elementor-icon elementor-divider__element\">\n\t\t\t\t\t<i aria-hidden=\"true\" class=\"fas fa-angle-up\"><\/i><\/div>\n\t\t\t\t\t\t<\/span>\n\t\t<\/div>\n\t\t\t\t\t\t<\/div>\n\t\t\t\t<\/div>\n\t\t\t\t<div class=\"elementor-element elementor-element-bc80401 elementor-widget elementor-widget-heading\" data-id=\"bc80401\" data-element_type=\"widget\" data-e-type=\"widget\" data-widget_type=\"heading.default\">\n\t\t\t\t<div class=\"elementor-widget-container\">\n\t\t\t\t\t<h5 class=\"elementor-heading-title elementor-size-default\">Camping-Brosch\u00fcre<\/h5>\t\t\t\t<\/div>\n\t\t\t\t<\/div>\n\t\t\t\t<div class=\"elementor-element elementor-element-7d8e676 elementor-align-center elementor-widget elementor-widget-button\" data-id=\"7d8e676\" data-element_type=\"widget\" data-e-type=\"widget\" data-widget_type=\"button.default\">\n\t\t\t\t<div class=\"elementor-widget-container\">\n\t\t\t\t\t\t\t\t\t<div class=\"elementor-button-wrapper\">\n\t\t\t\t\t<a class=\"elementor-button elementor-button-link elementor-size-sm\" href=\"\/wp-content\/uploads\/2022\/08\/La\u030angasjo\u0308na\u0308s_2022.pdf\" target=\"_blank\">\n\t\t\t\t\t\t<span class=\"elementor-button-content-wrapper\">\n\t\t\t\t\t\t\t\t\t<span class=\"elementor-button-text\">BROSCH\u00dcRE HERUNTERLADEN<\/span>\n\t\t\t\t\t<\/span>\n\t\t\t\t\t<\/a>\n\t\t\t\t<\/div>\n\t\t\t\t\t\t\t\t<\/div>\n\t\t\t\t<\/div>\n\t\t\t\t\t<\/div>\n\t\t<\/div>\n\t\t\t\t\t<\/div>\n\t\t<\/section>\n\t\t\t\t<\/div>\n\t\t","protected":false},"excerpt":{"rendered":"<p>RENOVIERUNG, REPARATUREN UND NEUBAU &#8211; WAS GILT? Die Modernisierung Ihres Ferienhauses ist v\u00f6llig freiwillig &#8211; aber es gibt viele Vorteile, sowohl in finanzieller Hinsicht als auch im Hinblick auf die Erfahrung. Eine Renovierung oder ein Neubau kann auch die Mieteinnahmen erh\u00f6hen. Sie haben die Wahl &#8211; aber hier erfahren Sie, warum es sich lohnt: H\u00f6here [&hellip;]<\/p>\n","protected":false},"author":2,"featured_media":0,"parent":0,"menu_order":0,"comment_status":"closed","ping_status":"closed","template":"","meta":{"footnotes":""},"folder":[79],"class_list":["post-50621","page","type-page","status-publish","hentry"],"blocksy_meta":[],"_links":{"self":[{"href":"https:\/\/langasjonas.com\/de\/wp-json\/wp\/v2\/pages\/50621","targetHints":{"allow":["GET"]}}],"collection":[{"href":"https:\/\/langasjonas.com\/de\/wp-json\/wp\/v2\/pages"}],"about":[{"href":"https:\/\/langasjonas.com\/de\/wp-json\/wp\/v2\/types\/page"}],"author":[{"embeddable":true,"href":"https:\/\/langasjonas.com\/de\/wp-json\/wp\/v2\/users\/2"}],"replies":[{"embeddable":true,"href":"https:\/\/langasjonas.com\/de\/wp-json\/wp\/v2\/comments?post=50621"}],"version-history":[{"count":3,"href":"https:\/\/langasjonas.com\/de\/wp-json\/wp\/v2\/pages\/50621\/revisions"}],"predecessor-version":[{"id":62586,"href":"https:\/\/langasjonas.com\/de\/wp-json\/wp\/v2\/pages\/50621\/revisions\/62586"}],"wp:attachment":[{"href":"https:\/\/langasjonas.com\/de\/wp-json\/wp\/v2\/media?parent=50621"}],"wp:term":[{"taxonomy":"folder","embeddable":true,"href":"https:\/\/langasjonas.com\/de\/wp-json\/wp\/v2\/folder?post=50621"}],"curies":[{"name":"wp","href":"https:\/\/api.w.org\/{rel}","templated":true}]}}