{"id":38112,"date":"2024-01-16T18:45:42","date_gmt":"2024-01-16T17:45:42","guid":{"rendered":"https:\/\/langasjonas.com\/?page_id=38112"},"modified":"2025-04-15T19:10:53","modified_gmt":"2025-04-15T17:10:53","slug":"the-lake-project-kostenlose-aktivitaeten","status":"publish","type":"page","link":"https:\/\/langasjonas.com\/de\/the-lake-project-kostenlose-aktivitaeten\/","title":{"rendered":"The Lake Project &#8211; Kostenlose Aktivit\u00e4ten"},"content":{"rendered":"\t\t<div data-elementor-type=\"wp-page\" data-elementor-id=\"38112\" class=\"elementor elementor-38112 elementor-35039\" data-elementor-post-type=\"page\">\n\t\t\t\t\t\t<section class=\"elementor-section elementor-top-section elementor-element elementor-element-90d85df elementor-section-boxed elementor-section-height-default elementor-section-height-default\" data-id=\"90d85df\" data-element_type=\"section\" data-e-type=\"section\" data-settings=\"{&quot;jet_parallax_layout_list&quot;:[]}\">\n\t\t\t\t\t\t<div class=\"elementor-container elementor-column-gap-default\">\n\t\t\t\t\t<div class=\"elementor-column elementor-col-100 elementor-top-column elementor-element elementor-element-2d467f9\" data-id=\"2d467f9\" data-element_type=\"column\" data-e-type=\"column\">\n\t\t\t<div class=\"elementor-widget-wrap elementor-element-populated\">\n\t\t\t\t\t\t<div class=\"elementor-element elementor-element-707641e elementor-widget elementor-widget-heading\" data-id=\"707641e\" data-element_type=\"widget\" data-e-type=\"widget\" data-widget_type=\"heading.default\">\n\t\t\t\t<div class=\"elementor-widget-container\">\n\t\t\t\t\t<h1 class=\"elementor-heading-title elementor-size-default\">FREIE AKTIVIT\u00c4TEN - 2025<\/h1>\t\t\t\t<\/div>\n\t\t\t\t<\/div>\n\t\t\t\t<div class=\"elementor-element elementor-element-5264209 elementor-widget elementor-widget-heading\" data-id=\"5264209\" data-element_type=\"widget\" data-e-type=\"widget\" data-widget_type=\"heading.default\">\n\t\t\t\t<div class=\"elementor-widget-container\">\n\t\t\t\t\t<h3 class=\"elementor-heading-title elementor-size-default\"> WIE FUNKTIONIERT ES?<\/h3>\t\t\t\t<\/div>\n\t\t\t\t<\/div>\n\t\t\t\t<div class=\"elementor-element elementor-element-ad055e4 elementor-widget elementor-widget-text-editor\" data-id=\"ad055e4\" data-element_type=\"widget\" data-e-type=\"widget\" data-widget_type=\"text-editor.default\">\n\t\t\t\t<div class=\"elementor-widget-container\">\n\t\t\t\t\t\t\t\t\t<h3>Jeder Ferienhausbesitzer hat freien Zugang zu all unseren Booten, Kanus, Kajaks und Paddelbrettern, einschlie\u00dflich der Boote in unseren drei Regenbogenseen. Wir hoffen, dass Sie dadurch noch mehr Spa\u00df und Freude an Ihrem Aufenthalt bei uns haben und dass Sie noch mehr besondere und unbezahlbare Erinnerungen mit Ihren Lieben schaffen k\u00f6nnen. Sie k\u00f6nnen alle unsere Aktivit\u00e4ten innerhalb der hier dargelegten Richtlinien v\u00f6llig kostenlos nutzen.<\/h3>\n<h3>Sie und Ihre Familie k\u00f6nnen sogar unser Minigolf spielen, wann immer Sie wollen. Und es ist kostenlos!<\/h3>\n<h3>Damit das Konzept der &#8222;Kostenlose Aktivit\u00e4ten&#8220; funktioniert, bei dem jeder die gleiche Chance hat, seine freien Aktivit\u00e4ten zu buchen, gelten die folgenden Richtlinien:<\/h3>\n\t\t\t\t\t\t\t\t<\/div>\n\t\t\t\t<\/div>\n\t\t\t\t<div class=\"elementor-element elementor-element-b5bc05e elementor-widget elementor-widget-heading\" data-id=\"b5bc05e\" data-element_type=\"widget\" data-e-type=\"widget\" data-widget_type=\"heading.default\">\n\t\t\t\t<div class=\"elementor-widget-container\">\n\t\t\t\t\t<h3 class=\"elementor-heading-title elementor-size-default\">1: BUCHUNG VON KOSTENLOSEN AKTIVIT\u00c4TEN: NUR W\u00c4HREND IHRES AUFENTHALTS<\/h3>\t\t\t\t<\/div>\n\t\t\t\t<\/div>\n\t\t\t\t<div class=\"elementor-element elementor-element-24d8104 elementor-widget elementor-widget-text-editor\" data-id=\"24d8104\" data-element_type=\"widget\" data-e-type=\"widget\" data-widget_type=\"text-editor.default\">\n\t\t\t\t<div class=\"elementor-widget-container\">\n\t\t\t\t\t\t\t\t\t<h3>Sie k\u00f6nnen eine Aktivit\u00e4t buchen, sobald Sie Ihre Ferienhaus gebucht haben und in Ihre Ferianhaus eingecheckt haben. Wenn Sie das Resort nur besuchen (ohne einzuchecken), k\u00f6nnen Sie die Aktivit\u00e4ten nicht kostenlos nutzen, aber nat\u00fcrlich k\u00f6nnen Sie trotzdem als regul\u00e4rer Gast Aktivit\u00e4ten buchen.<\/h3>\n\t\t\t\t\t\t\t\t<\/div>\n\t\t\t\t<\/div>\n\t\t\t\t<div class=\"elementor-element elementor-element-26d69cd elementor-widget elementor-widget-heading\" data-id=\"26d69cd\" data-element_type=\"widget\" data-e-type=\"widget\" data-widget_type=\"heading.default\">\n\t\t\t\t<div class=\"elementor-widget-container\">\n\t\t\t\t\t<h3 class=\"elementor-heading-title elementor-size-default\">2: AKTIVIT\u00c4TSKARTEN<\/h3>\t\t\t\t<\/div>\n\t\t\t\t<\/div>\n\t\t\t\t<section class=\"elementor-section elementor-inner-section elementor-element elementor-element-bb7c3ef elementor-section-boxed elementor-section-height-default elementor-section-height-default\" data-id=\"bb7c3ef\" data-element_type=\"section\" data-e-type=\"section\" data-settings=\"{&quot;jet_parallax_layout_list&quot;:[]}\">\n\t\t\t\t\t\t<div class=\"elementor-container elementor-column-gap-default\">\n\t\t\t\t\t<div class=\"elementor-column elementor-col-50 elementor-inner-column elementor-element elementor-element-933efdb\" data-id=\"933efdb\" data-element_type=\"column\" data-e-type=\"column\">\n\t\t\t<div class=\"elementor-widget-wrap elementor-element-populated\">\n\t\t\t\t\t\t<div class=\"elementor-element elementor-element-a8e21f7 elementor-widget elementor-widget-text-editor\" data-id=\"a8e21f7\" data-element_type=\"widget\" data-e-type=\"widget\" data-widget_type=\"text-editor.default\">\n\t\t\t\t<div class=\"elementor-widget-container\">\n\t\t\t\t\t\t\t\t\t<h3>Sobald Sie eingecheckt haben, k\u00f6nnen Sie bestimmte Aktivit\u00e4ten buchen. Sie k\u00f6nnen mit Ihrem Gutschein einmal pro Tag Aktivit\u00e4ten buchen. Der Restwert kann nicht auf eine sp\u00e4tere Buchung oder auf einen anderen Tag \u00fcbertragen werden. Jeder Chaletbesitzer erh\u00e4lt 1 &#8222;Aktivit\u00e4tskarte&#8220;, mit der Sie an der Rezeption nachweisen k\u00f6nnen, dass Sie zu diesem Angebot berechtigt sind. Grunds\u00e4tzlich k\u00f6nnen Sie buchen, was immer Sie wollen und wann immer Sie wollen. Um jedoch eine \u00fcberm\u00e4\u00dfige Nutzung unserer Aktivit\u00e4ten zu vermeiden, ist Ihre kostenlose Nutzung der Aktivit\u00e4ten auf einen festen Betrag pro Buchung und Tag begrenzt.    Jedes Mal, wenn Sie f\u00fcr Ihre kostenlose Aktivit\u00e4t an die Rezeption kommen, m\u00fcssen Sie Ihre Aktivit\u00e4tskarte vorzeigen.<\/h3>\n\t\t\t\t\t\t\t\t<\/div>\n\t\t\t\t<\/div>\n\t\t\t\t\t<\/div>\n\t\t<\/div>\n\t\t\t\t<div class=\"elementor-column elementor-col-50 elementor-inner-column elementor-element elementor-element-eb11468\" data-id=\"eb11468\" data-element_type=\"column\" data-e-type=\"column\">\n\t\t\t<div class=\"elementor-widget-wrap elementor-element-populated\">\n\t\t\t\t\t\t<div class=\"elementor-element elementor-element-278af6a elementor-widget elementor-widget-image\" data-id=\"278af6a\" data-element_type=\"widget\" data-e-type=\"widget\" data-widget_type=\"image.default\">\n\t\t\t\t<div class=\"elementor-widget-container\">\n\t\t\t\t\t\t\t\t\t\t\t\t\t\t\t<img fetchpriority=\"high\" decoding=\"async\" width=\"300\" height=\"189\" src=\"https:\/\/langasjonas.com\/wp-content\/uploads\/2024\/09\/activity-card-300x189.jpg\" class=\"attachment-medium size-medium wp-image-45032\" alt=\"\" srcset=\"https:\/\/langasjonas.com\/wp-content\/uploads\/2024\/09\/activity-card-300x189.jpg 300w, https:\/\/langasjonas.com\/wp-content\/uploads\/2024\/09\/activity-card-1024x646.jpg 1024w, https:\/\/langasjonas.com\/wp-content\/uploads\/2024\/09\/activity-card-768x484.jpg 768w, https:\/\/langasjonas.com\/wp-content\/uploads\/2024\/09\/activity-card-1536x969.jpg 1536w, https:\/\/langasjonas.com\/wp-content\/uploads\/2024\/09\/activity-card-2048x1292.jpg 2048w\" sizes=\"(max-width: 300px) 100vw, 300px\" title=\"\">\t\t\t\t\t\t\t\t\t\t\t\t\t\t\t<\/div>\n\t\t\t\t<\/div>\n\t\t\t\t\t<\/div>\n\t\t<\/div>\n\t\t\t\t\t<\/div>\n\t\t<\/section>\n\t\t\t\t<div class=\"elementor-element elementor-element-4920f4f elementor-widget elementor-widget-text-editor\" data-id=\"4920f4f\" data-element_type=\"widget\" data-e-type=\"widget\" data-widget_type=\"text-editor.default\">\n\t\t\t\t<div class=\"elementor-widget-container\">\n\t\t\t\t\t\t\t\t\t<h3>Die Aktivit\u00e4tskarten dienen als Ausweis f\u00fcr den Eigent\u00fcmer oder eine Person Ihrer Gruppe, die an der Rezeption die Buchung vornimmt.  <\/h3>\n<h3>Sie erhalten den folgenden Wert auf dem Gutschein:<\/h3>\n<h3>In der Hochsaison (15\/06 &#8211; 31\/08): <strong>360 SEK pro Tag.<\/strong><\/h3>\n<h3>Au\u00dferhalb der Hochsaison (1\/09 &#8211; 14\/6): <strong>600 SEK pro Tag<\/strong><\/h3>\n<h3>Jedes Mal, wenn Sie f\u00fcr Ihre kostenlose Aktivit\u00e4t an die Rezeption kommen, m\u00fcssen Sie Ihre Aktivit\u00e4tskarte vorzeigen. <\/h3>\n\t\t\t\t\t\t\t\t<\/div>\n\t\t\t\t<\/div>\n\t\t\t\t<div class=\"elementor-element elementor-element-7af933c elementor-widget elementor-widget-heading\" data-id=\"7af933c\" data-element_type=\"widget\" data-e-type=\"widget\" data-widget_type=\"heading.default\">\n\t\t\t\t<div class=\"elementor-widget-container\">\n\t\t\t\t\t<h3 class=\"elementor-heading-title elementor-size-default\">3: BUCHUNG VOR ORT<\/h3>\t\t\t\t<\/div>\n\t\t\t\t<\/div>\n\t\t\t\t<div class=\"elementor-element elementor-element-b623350 elementor-widget elementor-widget-text-editor\" data-id=\"b623350\" data-element_type=\"widget\" data-e-type=\"widget\" data-widget_type=\"text-editor.default\">\n\t\t\t\t<div class=\"elementor-widget-container\">\n\t\t\t\t\t\t\t\t\t<h3>Um jedem Eigent\u00fcmer die gleiche Chance zu geben, seine kostenlosen Aktivit\u00e4ten zu nutzen, ist es nur m\u00f6glich, w\u00e4hrend Ihres Aufenthalts an der Rezeption zu buchen. Das bedeutet, dass Sie nicht im Voraus buchen k\u00f6nnen, sondern nur w\u00e4hrend Ihres Aufenthalts. Wenn Sie dennoch im Voraus buchen m\u00f6chten, k\u00f6nnen Sie dies online auf unserer Website unter der Registerkarte &#8222;Aktivit\u00e4ten&#8220; oder \u00fcber unsere App tun, allerdings zu den aktuellen Preisen und Bedingungen.<\/h3>\n\t\t\t\t\t\t\t\t<\/div>\n\t\t\t\t<\/div>\n\t\t\t\t<div class=\"elementor-element elementor-element-bef4a12 elementor-widget elementor-widget-heading\" data-id=\"bef4a12\" data-element_type=\"widget\" data-e-type=\"widget\" data-widget_type=\"heading.default\">\n\t\t\t\t<div class=\"elementor-widget-container\">\n\t\t\t\t\t<h3 class=\"elementor-heading-title elementor-size-default\">4: AKTIVIT\u00c4TEN, DIE NICHT KOSTENLOS SIND<\/h3>\t\t\t\t<\/div>\n\t\t\t\t<\/div>\n\t\t\t\t<div class=\"elementor-element elementor-element-b2ad623 elementor-widget elementor-widget-text-editor\" data-id=\"b2ad623\" data-element_type=\"widget\" data-e-type=\"widget\" data-widget_type=\"text-editor.default\">\n\t\t\t\t<div class=\"elementor-widget-container\">\n\t\t\t\t\t\t\t\t\t<h3>Die folgenden Aktivit\u00e4ten sind nicht von diesem Angebot an &#8222;kostenlosen&#8220; Aktivit\u00e4ten abgedeckt.<\/h3>\n<ul>\n<li>\n<h3>Angelschein<\/h3>\n<\/li>\n<li>\n<h3>Elektromotoren<\/h3>\n<\/li>\n<li>\n<h3>von externen Unternehmen organisierte Aktivit\u00e4ten<\/h3>\n<\/li>\n<\/ul>\n<h3><span style=\"font-size: 16px;\">Wenn Sie Schwimmwesten ben\u00f6tigen, k\u00f6nnen Sie diese kostenlos ausleihen.<\/span><\/h3>\n<h3>Dieses Angebot ist ohne Verfallsdatum g\u00fcltig, aber L\u00e5ngasjonas Camping och Stugby AB beh\u00e4lt sich das Recht vor, dieses Angebot zu \u00e4ndern oder zu stornieren. Mit den oben genannten Regeln hoffen wir, ein Gleichgewicht zu schaffen, bei dem jeder Eigent\u00fcmer die gleichen Chancen hat, seine Aktivit\u00e4ten zu buchen, und auch anderen (zahlenden) G\u00e4sten die Nutzung unserer Aktivit\u00e4ten zu erm\u00f6glichen.<\/h3>\n\t\t\t\t\t\t\t\t<\/div>\n\t\t\t\t<\/div>\n\t\t\t\t<div class=\"elementor-element elementor-element-efca1e8 elementor-widget elementor-widget-heading\" data-id=\"efca1e8\" data-element_type=\"widget\" data-e-type=\"widget\" data-widget_type=\"heading.default\">\n\t\t\t\t<div class=\"elementor-widget-container\">\n\t\t\t\t\t<h3 class=\"elementor-heading-title elementor-size-default\">4: FRAGEN UND ANTWORTEN<\/h3>\t\t\t\t<\/div>\n\t\t\t\t<\/div>\n\t\t\t\t<div class=\"elementor-element elementor-element-8edd9aa elementor-widget elementor-widget-text-editor\" data-id=\"8edd9aa\" data-element_type=\"widget\" data-e-type=\"widget\" data-widget_type=\"text-editor.default\">\n\t\t\t\t<div class=\"elementor-widget-container\">\n\t\t\t\t\t\t\t\t\t<h3><em>Kann ich den Gutschein verwenden, um Aktivit\u00e4ten f\u00fcr meine Freunde zu bezahlen?<\/em><\/h3>\n<h3>Ja, der Gutschein gilt f\u00fcr jeden, der in dem Ferienhaus wohnt, solange das Ferienhaus vom Eigent\u00fcmer gebucht wird.  <\/h3>\n\t\t\t\t\t\t\t\t<\/div>\n\t\t\t\t<\/div>\n\t\t\t\t<div class=\"elementor-element elementor-element-800090c elementor-view-default elementor-widget elementor-widget-icon\" data-id=\"800090c\" data-element_type=\"widget\" data-e-type=\"widget\" data-widget_type=\"icon.default\">\n\t\t\t\t<div class=\"elementor-widget-container\">\n\t\t\t\t\t\t\t<div class=\"elementor-icon-wrapper\">\n\t\t\t<div class=\"elementor-icon\">\n\t\t\t<i aria-hidden=\"true\" class=\"fas fa-angle-up\"><\/i>\t\t\t<\/div>\n\t\t<\/div>\n\t\t\t\t\t\t<\/div>\n\t\t\t\t<\/div>\n\t\t\t\t<div class=\"elementor-element elementor-element-3d78198 elementor-widget elementor-widget-text-editor\" data-id=\"3d78198\" data-element_type=\"widget\" data-e-type=\"widget\" data-widget_type=\"text-editor.default\">\n\t\t\t\t<div class=\"elementor-widget-container\">\n\t\t\t\t\t\t\t\t\t<h3><em>Kann ich den Gutschein mehr als einmal am selben Tag einl\u00f6sen?<\/em><\/h3>\n<h3>Nein, der Gutschein und der Wert k\u00f6nnen nur einmal pro Tag verwendet werden.<\/h3>\n\t\t\t\t\t\t\t\t<\/div>\n\t\t\t\t<\/div>\n\t\t\t\t<div class=\"elementor-element elementor-element-2e42b90 elementor-view-default elementor-widget elementor-widget-icon\" data-id=\"2e42b90\" data-element_type=\"widget\" data-e-type=\"widget\" data-widget_type=\"icon.default\">\n\t\t\t\t<div class=\"elementor-widget-container\">\n\t\t\t\t\t\t\t<div class=\"elementor-icon-wrapper\">\n\t\t\t<div class=\"elementor-icon\">\n\t\t\t<i aria-hidden=\"true\" class=\"fas fa-angle-up\"><\/i>\t\t\t<\/div>\n\t\t<\/div>\n\t\t\t\t\t\t<\/div>\n\t\t\t\t<\/div>\n\t\t\t\t<div class=\"elementor-element elementor-element-364ef3f elementor-widget elementor-widget-text-editor\" data-id=\"364ef3f\" data-element_type=\"widget\" data-e-type=\"widget\" data-widget_type=\"text-editor.default\">\n\t\t\t\t<div class=\"elementor-widget-container\">\n\t\t\t\t\t\t\t\t\t<h3><em>Kann ich den Gutschein verwenden, um Angelscheine bei iFiske zu kaufen?<\/em><\/h3>\n<h3>Nein, iFiske geh\u00f6rt nicht zu Camping.<\/h3>\n\t\t\t\t\t\t\t\t<\/div>\n\t\t\t\t<\/div>\n\t\t\t\t<div class=\"elementor-element elementor-element-79fecc8 elementor-view-default elementor-widget elementor-widget-icon\" data-id=\"79fecc8\" data-element_type=\"widget\" data-e-type=\"widget\" data-widget_type=\"icon.default\">\n\t\t\t\t<div class=\"elementor-widget-container\">\n\t\t\t\t\t\t\t<div class=\"elementor-icon-wrapper\">\n\t\t\t<div class=\"elementor-icon\">\n\t\t\t<i aria-hidden=\"true\" class=\"fas fa-angle-up\"><\/i>\t\t\t<\/div>\n\t\t<\/div>\n\t\t\t\t\t\t<\/div>\n\t\t\t\t<\/div>\n\t\t\t\t<div class=\"elementor-element elementor-element-1a24c14 elementor-widget elementor-widget-text-editor\" data-id=\"1a24c14\" data-element_type=\"widget\" data-e-type=\"widget\" data-widget_type=\"text-editor.default\">\n\t\t\t\t<div class=\"elementor-widget-container\">\n\t\t\t\t\t\t\t\t\t<h3>Werden die Kosten f\u00fcr den Minigolfplatz vom Gutschein abgezogen?<\/h3>\n<h3>Nein. k\u00f6nnen Sie und Ihre Familie immer kostenlos Minigolf spielen.  <\/h3>\n<h3> <\/h3>\n\t\t\t\t\t\t\t\t<\/div>\n\t\t\t\t<\/div>\n\t\t\t\t<div class=\"elementor-element elementor-element-6072946 elementor-view-default elementor-widget elementor-widget-icon\" data-id=\"6072946\" data-element_type=\"widget\" data-e-type=\"widget\" data-widget_type=\"icon.default\">\n\t\t\t\t<div class=\"elementor-widget-container\">\n\t\t\t\t\t\t\t<div class=\"elementor-icon-wrapper\">\n\t\t\t<div class=\"elementor-icon\">\n\t\t\t<i aria-hidden=\"true\" class=\"fas fa-angle-up\"><\/i>\t\t\t<\/div>\n\t\t<\/div>\n\t\t\t\t\t\t<\/div>\n\t\t\t\t<\/div>\n\t\t\t\t\t<\/div>\n\t\t<\/div>\n\t\t\t\t\t<\/div>\n\t\t<\/section>\n\t\t\t\t<\/div>\n\t\t","protected":false},"excerpt":{"rendered":"<p>FREIE AKTIVIT\u00c4TEN &#8211; 2025 WIE FUNKTIONIERT ES? Jeder Ferienhausbesitzer hat freien Zugang zu all unseren Booten, Kanus, Kajaks und Paddelbrettern, einschlie\u00dflich der Boote in unseren drei Regenbogenseen. Wir hoffen, dass Sie dadurch noch mehr Spa\u00df und Freude an Ihrem Aufenthalt bei uns haben und dass Sie noch mehr besondere und unbezahlbare Erinnerungen mit Ihren Lieben [&hellip;]<\/p>\n","protected":false},"author":2,"featured_media":0,"parent":0,"menu_order":0,"comment_status":"closed","ping_status":"closed","template":"","meta":{"footnotes":""},"folder":[50,55],"class_list":["post-38112","page","type-page","status-publish","hentry"],"blocksy_meta":[],"_links":{"self":[{"href":"https:\/\/langasjonas.com\/de\/wp-json\/wp\/v2\/pages\/38112","targetHints":{"allow":["GET"]}}],"collection":[{"href":"https:\/\/langasjonas.com\/de\/wp-json\/wp\/v2\/pages"}],"about":[{"href":"https:\/\/langasjonas.com\/de\/wp-json\/wp\/v2\/types\/page"}],"author":[{"embeddable":true,"href":"https:\/\/langasjonas.com\/de\/wp-json\/wp\/v2\/users\/2"}],"replies":[{"embeddable":true,"href":"https:\/\/langasjonas.com\/de\/wp-json\/wp\/v2\/comments?post=38112"}],"version-history":[{"count":15,"href":"https:\/\/langasjonas.com\/de\/wp-json\/wp\/v2\/pages\/38112\/revisions"}],"predecessor-version":[{"id":47431,"href":"https:\/\/langasjonas.com\/de\/wp-json\/wp\/v2\/pages\/38112\/revisions\/47431"}],"wp:attachment":[{"href":"https:\/\/langasjonas.com\/de\/wp-json\/wp\/v2\/media?parent=38112"}],"wp:term":[{"taxonomy":"folder","embeddable":true,"href":"https:\/\/langasjonas.com\/de\/wp-json\/wp\/v2\/folder?post=38112"}],"curies":[{"name":"wp","href":"https:\/\/api.w.org\/{rel}","templated":true}]}}