{"id":37910,"date":"2023-07-02T12:20:04","date_gmt":"2023-07-02T10:20:04","guid":{"rendered":"https:\/\/langasjonas.com\/innere-renovierung\/"},"modified":"2024-11-03T18:17:31","modified_gmt":"2024-11-03T17:17:31","slug":"renovierung","status":"publish","type":"page","link":"https:\/\/langasjonas.com\/de\/renovierung\/","title":{"rendered":"Renovierung"},"content":{"rendered":"\t\t<div data-elementor-type=\"wp-page\" data-elementor-id=\"37910\" class=\"elementor elementor-37910 elementor-23767\" data-elementor-post-type=\"page\">\n\t\t\t\t\t\t<section class=\"elementor-section elementor-top-section elementor-element elementor-element-61110a45 ct-section-stretched elementor-section-full_width elementor-section-height-min-height elementor-section-content-middle elementor-section-height-default elementor-section-items-middle\" data-id=\"61110a45\" data-element_type=\"section\" data-e-type=\"section\" data-settings=\"{&quot;jet_parallax_layout_list&quot;:[{&quot;jet_parallax_layout_image&quot;:{&quot;url&quot;:&quot;&quot;,&quot;id&quot;:&quot;&quot;,&quot;size&quot;:&quot;&quot;},&quot;_id&quot;:&quot;ead59d7&quot;,&quot;jet_parallax_layout_image_tablet&quot;:{&quot;url&quot;:&quot;&quot;,&quot;id&quot;:&quot;&quot;,&quot;size&quot;:&quot;&quot;},&quot;jet_parallax_layout_image_mobile&quot;:{&quot;url&quot;:&quot;&quot;,&quot;id&quot;:&quot;&quot;,&quot;size&quot;:&quot;&quot;},&quot;jet_parallax_layout_speed&quot;:{&quot;unit&quot;:&quot;%&quot;,&quot;size&quot;:50,&quot;sizes&quot;:[]},&quot;jet_parallax_layout_type&quot;:&quot;scroll&quot;,&quot;jet_parallax_layout_direction&quot;:null,&quot;jet_parallax_layout_fx_direction&quot;:null,&quot;jet_parallax_layout_z_index&quot;:&quot;&quot;,&quot;jet_parallax_layout_bg_x&quot;:50,&quot;jet_parallax_layout_bg_x_tablet&quot;:&quot;&quot;,&quot;jet_parallax_layout_bg_x_mobile&quot;:&quot;&quot;,&quot;jet_parallax_layout_bg_y&quot;:50,&quot;jet_parallax_layout_bg_y_tablet&quot;:&quot;&quot;,&quot;jet_parallax_layout_bg_y_mobile&quot;:&quot;&quot;,&quot;jet_parallax_layout_bg_size&quot;:&quot;auto&quot;,&quot;jet_parallax_layout_bg_size_tablet&quot;:&quot;&quot;,&quot;jet_parallax_layout_bg_size_mobile&quot;:&quot;&quot;,&quot;jet_parallax_layout_animation_prop&quot;:&quot;transform&quot;,&quot;jet_parallax_layout_on&quot;:[&quot;desktop&quot;,&quot;tablet&quot;]}],&quot;background_background&quot;:&quot;slideshow&quot;,&quot;background_slideshow_gallery&quot;:[{&quot;id&quot;:22210,&quot;url&quot;:&quot;https:\\\/\\\/langasjonas.com\\\/wp-content\\\/uploads\\\/2023\\\/06\\\/Stuga-S13-scaled.jpg&quot;},{&quot;id&quot;:14178,&quot;url&quot;:&quot;https:\\\/\\\/langasjonas.com\\\/wp-content\\\/uploads\\\/2022\\\/12\\\/WP_20141004_14_06_03_Pro.jpg&quot;},{&quot;id&quot;:22231,&quot;url&quot;:&quot;https:\\\/\\\/langasjonas.com\\\/wp-content\\\/uploads\\\/2023\\\/06\\\/WP_20140501_09_45_48_Pro-scaled.jpg&quot;},{&quot;id&quot;:22204,&quot;url&quot;:&quot;https:\\\/\\\/langasjonas.com\\\/wp-content\\\/uploads\\\/2023\\\/06\\\/526010-447-1_004-scaled.jpg&quot;},{&quot;id&quot;:81,&quot;url&quot;:&quot;https:\\\/\\\/langasjonas.com\\\/wp-content\\\/uploads\\\/2022\\\/01\\\/WP_20140704_15_05_38_Panorama-scaled.jpg&quot;}],&quot;shape_divider_bottom&quot;:&quot;mountains&quot;,&quot;background_slideshow_transition_duration&quot;:2000,&quot;background_slideshow_ken_burns&quot;:&quot;yes&quot;,&quot;background_slideshow_loop&quot;:&quot;yes&quot;,&quot;background_slideshow_slide_duration&quot;:5000,&quot;background_slideshow_slide_transition&quot;:&quot;fade&quot;,&quot;background_slideshow_ken_burns_zoom_direction&quot;:&quot;in&quot;}\">\n\t\t\t\t\t\t\t<div class=\"elementor-background-overlay\"><\/div>\n\t\t\t\t\t\t<div class=\"elementor-shape elementor-shape-bottom\" aria-hidden=\"true\" data-negative=\"false\">\n\t\t\t<svg xmlns=\"http:\/\/www.w3.org\/2000\/svg\" viewBox=\"0 0 1000 100\" preserveAspectRatio=\"none\">\n\t<path class=\"elementor-shape-fill\" opacity=\"0.33\" d=\"M473,67.3c-203.9,88.3-263.1-34-320.3,0C66,119.1,0,59.7,0,59.7V0h1000v59.7 c0,0-62.1,26.1-94.9,29.3c-32.8,3.3-62.8-12.3-75.8-22.1C806,49.6,745.3,8.7,694.9,4.7S492.4,59,473,67.3z\"\/>\n\t<path class=\"elementor-shape-fill\" opacity=\"0.66\" d=\"M734,67.3c-45.5,0-77.2-23.2-129.1-39.1c-28.6-8.7-150.3-10.1-254,39.1 s-91.7-34.4-149.2,0C115.7,118.3,0,39.8,0,39.8V0h1000v36.5c0,0-28.2-18.5-92.1-18.5C810.2,18.1,775.7,67.3,734,67.3z\"\/>\n\t<path class=\"elementor-shape-fill\" d=\"M766.1,28.9c-200-57.5-266,65.5-395.1,19.5C242,1.8,242,5.4,184.8,20.6C128,35.8,132.3,44.9,89.9,52.5C28.6,63.7,0,0,0,0 h1000c0,0-9.9,40.9-83.6,48.1S829.6,47,766.1,28.9z\"\/>\n<\/svg>\t\t<\/div>\n\t\t\t\t\t<div class=\"elementor-container elementor-column-gap-default\">\n\t\t\t\t\t<div class=\"elementor-column elementor-col-100 elementor-top-column elementor-element elementor-element-59260a99\" data-id=\"59260a99\" data-element_type=\"column\" data-e-type=\"column\">\n\t\t\t<div class=\"elementor-widget-wrap elementor-element-populated\">\n\t\t\t\t\t\t<div class=\"elementor-element elementor-element-1ab2b3e animated-slow elementor-invisible elementor-widget elementor-widget-image\" data-id=\"1ab2b3e\" data-element_type=\"widget\" data-e-type=\"widget\" data-settings=\"{&quot;_animation&quot;:&quot;fadeIn&quot;,&quot;_animation_delay&quot;:2000}\" data-widget_type=\"image.default\">\n\t\t\t\t<div class=\"elementor-widget-container\">\n\t\t\t\t\t\t\t\t\t\t\t\t\t\t\t<img fetchpriority=\"high\" decoding=\"async\" width=\"300\" height=\"169\" src=\"https:\/\/langasjonas.com\/wp-content\/uploads\/2022\/09\/Langasjonas_Logo_White_line02-300x169.png\" class=\"attachment-medium size-medium wp-image-2237\" alt=\"\" srcset=\"https:\/\/langasjonas.com\/wp-content\/uploads\/2022\/09\/Langasjonas_Logo_White_line02-300x169.png 300w, https:\/\/langasjonas.com\/wp-content\/uploads\/2022\/09\/Langasjonas_Logo_White_line02-768x432.png 768w, https:\/\/langasjonas.com\/wp-content\/uploads\/2022\/09\/Langasjonas_Logo_White_line02.png 1000w\" sizes=\"(max-width: 300px) 100vw, 300px\" title=\"\">\t\t\t\t\t\t\t\t\t\t\t\t\t\t\t<\/div>\n\t\t\t\t<\/div>\n\t\t\t\t\t<\/div>\n\t\t<\/div>\n\t\t\t\t\t<\/div>\n\t\t<\/section>\n\t\t\t\t<section class=\"elementor-section elementor-top-section elementor-element elementor-element-7519960 ct-section-stretched elementor-section-full_width elementor-section-height-default elementor-section-height-default\" data-id=\"7519960\" data-element_type=\"section\" data-e-type=\"section\" data-settings=\"{&quot;jet_parallax_layout_list&quot;:[]}\">\n\t\t\t\t\t\t<div class=\"elementor-container elementor-column-gap-default\">\n\t\t\t\t\t<div class=\"elementor-column elementor-col-100 elementor-top-column elementor-element elementor-element-f30fe53\" data-id=\"f30fe53\" data-element_type=\"column\" data-e-type=\"column\">\n\t\t\t<div class=\"elementor-widget-wrap elementor-element-populated\">\n\t\t\t\t\t\t<div class=\"elementor-element elementor-element-0163267 elementor-widget elementor-widget-text-editor\" data-id=\"0163267\" data-element_type=\"widget\" data-e-type=\"widget\" data-widget_type=\"text-editor.default\">\n\t\t\t\t<div class=\"elementor-widget-container\">\n\t\t\t\t\t\t\t\t\t<h1 style=\"text-align: left;\">THE LAKE PROJECT<\/h1>\n\t\t\t\t\t\t\t\t<\/div>\n\t\t\t\t<\/div>\n\t\t\t\t<div class=\"elementor-element elementor-element-8c25290 elementor-widget elementor-widget-heading\" data-id=\"8c25290\" data-element_type=\"widget\" data-e-type=\"widget\" data-widget_type=\"heading.default\">\n\t\t\t\t<div class=\"elementor-widget-container\">\n\t\t\t\t\t<h2 class=\"elementor-heading-title elementor-size-default\">Innen-Renovierung <\/h2>\t\t\t\t<\/div>\n\t\t\t\t<\/div>\n\t\t\t\t<div class=\"elementor-element elementor-element-a4a90af elementor-widget elementor-widget-text-editor\" data-id=\"a4a90af\" data-element_type=\"widget\" data-e-type=\"widget\" data-widget_type=\"text-editor.default\">\n\t\t\t\t<div class=\"elementor-widget-container\">\n\t\t\t\t\t\t\t\t\t<h3><em>Viel Freiheit bei der Innenrenovierung Ihres Ferienhauses<\/em><\/h3>\n<h3>Bei der Innenrenovierung eines Ferienhauses gelten keine besonderen Einschr\u00e4nkungen. Sie k\u00f6nnen den Innenraum nach Ihren eigenen W\u00fcnschen und Vorstellungen renovieren. In der Rubrik<a href=\"https:\/\/langasjonas.com\/de\/grundrisse-inne\/\" target=\"_blank\" rel=\"noopener\">&#8222;Anhang L &#8211; Grundrisse<\/a>&#8220; haben wir verschiedene Grundrisse zusammengestellt, die Sie verwenden k\u00f6nnen, wenn Sie planen, Ihre H\u00fctte im Innenbereich zu renovieren. Oder Sie nutzen sie einfach als Inspiration f\u00fcr Ihren eigenen Grundriss. Ein Ferienhaus haben wir bereits selbst renoviert, n\u00e4mlich das Ferienhaus S13. Schauen Sie sich dieses Ferienhaus gerne an, um die Metamorphose zu sehen, die dieses Ferienhaus durchgemacht hat. Wir hoffen, dass es ein gutes Beispiel daf\u00fcr ist, wie Sie Ihr Ferienhaus selbst renovieren k\u00f6nnen.<\/h3>\n<h3>Um mehr dar\u00fcber zu erfahren, was Sie bei einer Innenrenovierung beachten sollten, lesen Sie bitte \u201e<a href=\"https:\/\/langasjonas.com\/wp-content\/uploads\/2024\/08\/Appendix-D-Rental-Income-Renovation-EN-1.pdf\" target=\"_blank\" rel=\"noopener\">Anhang D \u2013 Mieteinnahmen und Renovierung<\/a>\u201c (Seite 9-11).<\/h3>\n\t\t\t\t\t\t\t\t<\/div>\n\t\t\t\t<\/div>\n\t\t\t\t<div class=\"elementor-element elementor-element-a8c8593 elementor-widget elementor-widget-heading\" data-id=\"a8c8593\" data-element_type=\"widget\" data-e-type=\"widget\" data-widget_type=\"heading.default\">\n\t\t\t\t<div class=\"elementor-widget-container\">\n\t\t\t\t\t<h2 class=\"elementor-heading-title elementor-size-default\">Renovierung im Freien <\/h2>\t\t\t\t<\/div>\n\t\t\t\t<\/div>\n\t\t\t\t<div class=\"elementor-element elementor-element-e49424b elementor-widget elementor-widget-text-editor\" data-id=\"e49424b\" data-element_type=\"widget\" data-e-type=\"widget\" data-widget_type=\"text-editor.default\">\n\t\t\t\t<div class=\"elementor-widget-container\">\n\t\t\t\t\t\t\t\t\t<h3>Worauf Sie beim Renovieren achten sollten Bei der Au\u00dfenrenovierung m\u00f6chten wir zwischen unseren Ferienh\u00e4usern in Nord &amp; S\u00fcddorf, und unseren Premium-Ferienh\u00e4user F01-F10, <strong>S13 und N01<\/strong> unterscheiden.<\/h3>\n\t\t\t\t\t\t\t\t<\/div>\n\t\t\t\t<\/div>\n\t\t\t\t<div class=\"elementor-element elementor-element-f9f7ae2 elementor-widget elementor-widget-heading\" data-id=\"f9f7ae2\" data-element_type=\"widget\" data-e-type=\"widget\" data-widget_type=\"heading.default\">\n\t\t\t\t<div class=\"elementor-widget-container\">\n\t\t\t\t\t<h3 class=\"elementor-heading-title elementor-size-default\"><b>S\u00dcDDORF &amp; NORDDORF<\/h3>\t\t\t\t<\/div>\n\t\t\t\t<\/div>\n\t\t\t\t<div class=\"elementor-element elementor-element-f1e4c1f elementor-widget elementor-widget-text-editor\" data-id=\"f1e4c1f\" data-element_type=\"widget\" data-e-type=\"widget\" data-widget_type=\"text-editor.default\">\n\t\t\t\t<div class=\"elementor-widget-container\">\n\t\t\t\t\t\t\t\t\t<h3>Bei fast 40 Ferienh\u00e4usern sind nat\u00fcrlich gewisse Regeln n\u00f6tig. Wir m\u00f6chten nicht, dass irgendein Ferienhausbesitzer sein Ferienhaus gelb oder orange anstreicht, vielleicht einen Zaun um sein Ferienhaus baut oder etwas tut, was zu Konflikten f\u00fchren k\u00f6nnte, oder einfach etwas tut, das nicht in unsere Umgebung passt. Wir m\u00fcssen auch die Regeln und Vorschriften ber\u00fccksichtigen, die die Gemeinde Karlshamn f\u00fcr dieses Gebiet in ihrem Gebietsplan aufgestellt hat.<\/h3>\n<h3>Was f\u00fcr das Erscheinungsbild unseres gesamten S\u00fcd- und Norddorfes wichtig ist, ist, dass alle Ferienh\u00e4user von au\u00dfen gleich aussehen, sowohl was die Farbe als auch die Bauweise betrifft. Eine Terrasse muss den von uns erstellten Bauzeichnungen entsprechen und von einem unserer zugelassenen Handwerker sowie den Bauvorschriften der Gemeinde Karlshamns gebaut werden.<\/h3>\n<h3>Um zu sehen, wie eine Renovierung durchgef\u00fchrt werden kann, k\u00f6nnen Sie sich unser Modellhaus S13 ansehen. Dieses Haus hat ein neues Dach und eine neue Fassade (mit Isolierung), neue T\u00fcren und Fenster, eine gro\u00dfe Terrasse und eine W\u00e4rmepumpe erhalten. <\/h3>\n<h3>Ob und wie Sie renovieren m\u00f6chten, steht Ihnen frei. Grunds\u00e4tzlich haben Sie die Freiheit, zu renovieren, wie Sie m\u00f6chten. Doch bevor Sie mit Ihrer Renovierung beginnen oder vielleicht auch neu bauen, ist es wichtig, den Anhang <a href=\"\" target=\"\" rel=\"\">D \u2013 Mieteinnahmen &amp; Renovierung<\/a> \u2013 zu lesen. In diesem Anhang k\u00f6nnen Sie alles dar\u00fcber lesen, was Sie bei der Planung einer Renovierung oder eines Neubaus beachten sollten.   <\/h3>\n<h3> <\/h3>\n\t\t\t\t\t\t\t\t<\/div>\n\t\t\t\t<\/div>\n\t\t\t\t<div class=\"elementor-element elementor-element-b7a3e63 elementor-widget elementor-widget-heading\" data-id=\"b7a3e63\" data-element_type=\"widget\" data-e-type=\"widget\" data-widget_type=\"heading.default\">\n\t\t\t\t<div class=\"elementor-widget-container\">\n\t\t\t\t\t<h3 class=\"elementor-heading-title elementor-size-default\"><b>FERIENH\u00c4USER F01-F10<\/h3>\t\t\t\t<\/div>\n\t\t\t\t<\/div>\n\t\t\t\t<div class=\"elementor-element elementor-element-a9498d2 elementor-widget elementor-widget-text-editor\" data-id=\"a9498d2\" data-element_type=\"widget\" data-e-type=\"widget\" data-widget_type=\"text-editor.default\">\n\t\t\t\t<div class=\"elementor-widget-container\">\n\t\t\t\t\t\t\t\t\t<h3>Unsere Ferienh\u00e4user F01-F10 sind allesamt einzigartige Ferienh\u00e4user mit eigener Aufteilung und Lage. Dies erm\u00f6glicht einzigartige L\u00f6sungen f\u00fcr jedes Ferienhaus. Grunds\u00e4tzlich k\u00f6nnen Sie jedes dieser Ferienh\u00e4user nach Ihren W\u00fcnschen renovieren, wenn Sie \u00fcber eine Baugenehmigung des Bauausschusses der Gemeinde Karlshamn verf\u00fcgen, die Sie auf deren Website beantragen k\u00f6nnen. Auch wenn wir bei Ihren Renovierungs- oder Neubaupl\u00e4nen keine aktive Rolle spielen werden, da dies eine Sache zwischen Ihnen und dem Bauausschuss der Gemeinde Karlshamns ist, m\u00f6chten wir, dass Sie uns eine Kopie dieses Antrags auf Renovierung oder Neubau zusenden.<\/h3>\n<h3>Wenn Sie \u00c4nderungen an Ihrem Ferienhaus vornehmen m\u00f6chten, f\u00fcr die keine Baugenehmigung erforderlich ist, steht es Ihnen grunds\u00e4tzlich frei, die gew\u00fcnschten \u00c4nderungen vorzunehmen, solange Sie sicher sind, dass diese Pl\u00e4ne nicht im Widerspruch zur Planbeschreibung der Gemeinde stehen, wie in deren Beschreibung beschrieben \u201e<a href=\"https:\/\/langasjonas.com\/wp-content\/uploads\/2024\/01\/Planbeskrivning-Langasjonas-SE.pdf\" target=\"_blank\" rel=\"noopener\">Planbeschreibung L\u00e5ngasj\u00f6n\u00e4s<\/a>.\u201c<\/h3>\n<h3>Bitte lesen Sie diesen Detailplan sorgf\u00e4ltig durch, um sicherzustellen, was Sie ohne Genehmigung tun d\u00fcrfen und was nicht. Im Zweifelsfall sollten Sie sich zur Beratung an den Bauausschuss wenden oder mit uns sprechen.<\/h3>\n<h3>Wie Sie in diesem<a href=\"https:\/\/langasjonas.com\/wp-content\/uploads\/2024\/08\/Langajonas-Camping-B88-Planbeskrivning.pdf\" target=\"_blank\" rel=\"noopener\">&#8222;Planbeskrivning L\u00e5ngasj\u00f6n\u00e4s<\/a>&#8220; (Seite 16) lesen k\u00f6nnen, k\u00f6nnen Sie Ihre H\u00fctte auf eine Gesamtfl\u00e4che von bis zu 60 Quadratmetern ausbauen. Sie k\u00f6nnen auch so genannte Freifl\u00e4chen bauen, wie zum Beispiel eine Terrasse (ohne Dach). Diese Arten von Freifl\u00e4chen werden nicht zur Gesamtfl\u00e4che des Geb\u00e4udes gez\u00e4hlt. Die Ferienhaus F02\/Ekudden kann auch auf bis zu 90 Quadratmeter erweitert werden (vorausgesetzt, die Kabine bleibt eine rollstuhlgerechte Kabine).   <\/h3>\n<h3>Sie m\u00fcssen uns dennoch mitteilen, wann Sie sich f\u00fcr eine Renovierung entscheiden, damit wir noch einmal \u00fcberpr\u00fcfen k\u00f6nnen, dass Ihre Pl\u00e4ne nicht im Widerspruch zum Detailplan stehen. Ein weiterer Grund, warum wir \u00fcber Ihre Renovierungspl\u00e4ne informiert werden m\u00fcssen, besteht darin, dass die Renovierung zu Verbesserungen in Ihrem Ferienhaus f\u00fchrt, was bedeutet, dass wir den Mietpreis Ihres Ferienhauses \u00e4ndern und zus\u00e4tzliche Mieteinnahmen erzielen k\u00f6nnen.<\/h3>\n\t\t\t\t\t\t\t\t<\/div>\n\t\t\t\t<\/div>\n\t\t\t\t\t<\/div>\n\t\t<\/div>\n\t\t\t\t\t<\/div>\n\t\t<\/section>\n\t\t\t\t<\/div>\n\t\t","protected":false},"excerpt":{"rendered":"<p>THE LAKE PROJECT Innen-Renovierung Viel Freiheit bei der Innenrenovierung Ihres Ferienhauses Bei der Innenrenovierung eines Ferienhauses gelten keine besonderen Einschr\u00e4nkungen. Sie k\u00f6nnen den Innenraum nach Ihren eigenen W\u00fcnschen und Vorstellungen renovieren. In der Rubrik&#8222;Anhang L &#8211; Grundrisse&#8220; haben wir verschiedene Grundrisse zusammengestellt, die Sie verwenden k\u00f6nnen, wenn Sie planen, Ihre H\u00fctte im Innenbereich zu renovieren. [&hellip;]<\/p>\n","protected":false},"author":2,"featured_media":0,"parent":0,"menu_order":0,"comment_status":"closed","ping_status":"closed","template":"","meta":{"footnotes":""},"folder":[55],"class_list":["post-37910","page","type-page","status-publish","hentry"],"blocksy_meta":[],"_links":{"self":[{"href":"https:\/\/langasjonas.com\/de\/wp-json\/wp\/v2\/pages\/37910","targetHints":{"allow":["GET"]}}],"collection":[{"href":"https:\/\/langasjonas.com\/de\/wp-json\/wp\/v2\/pages"}],"about":[{"href":"https:\/\/langasjonas.com\/de\/wp-json\/wp\/v2\/types\/page"}],"author":[{"embeddable":true,"href":"https:\/\/langasjonas.com\/de\/wp-json\/wp\/v2\/users\/2"}],"replies":[{"embeddable":true,"href":"https:\/\/langasjonas.com\/de\/wp-json\/wp\/v2\/comments?post=37910"}],"version-history":[{"count":31,"href":"https:\/\/langasjonas.com\/de\/wp-json\/wp\/v2\/pages\/37910\/revisions"}],"predecessor-version":[{"id":45780,"href":"https:\/\/langasjonas.com\/de\/wp-json\/wp\/v2\/pages\/37910\/revisions\/45780"}],"wp:attachment":[{"href":"https:\/\/langasjonas.com\/de\/wp-json\/wp\/v2\/media?parent=37910"}],"wp:term":[{"taxonomy":"folder","embeddable":true,"href":"https:\/\/langasjonas.com\/de\/wp-json\/wp\/v2\/folder?post=37910"}],"curies":[{"name":"wp","href":"https:\/\/api.w.org\/{rel}","templated":true}]}}