{"id":37897,"date":"2023-07-01T14:55:09","date_gmt":"2023-07-01T12:55:09","guid":{"rendered":"https:\/\/langasjonas.com\/viele-vorteile-eine-bedingung\/"},"modified":"2024-08-11T14:04:03","modified_gmt":"2024-08-11T12:04:03","slug":"viele-vorteile-eine-bedingung","status":"publish","type":"page","link":"https:\/\/langasjonas.com\/de\/viele-vorteile-eine-bedingung\/","title":{"rendered":"Viele vorteile \u2013 eine bedingung"},"content":{"rendered":"\t\t<div data-elementor-type=\"wp-page\" data-elementor-id=\"37897\" class=\"elementor elementor-37897 elementor-23662\" data-elementor-post-type=\"page\">\n\t\t\t\t\t\t<section class=\"elementor-section elementor-top-section elementor-element elementor-element-61110a45 ct-section-stretched elementor-section-full_width elementor-section-height-min-height elementor-section-content-middle elementor-section-height-default elementor-section-items-middle\" data-id=\"61110a45\" data-element_type=\"section\" data-e-type=\"section\" data-settings=\"{&quot;jet_parallax_layout_list&quot;:[{&quot;jet_parallax_layout_image&quot;:{&quot;url&quot;:&quot;&quot;,&quot;id&quot;:&quot;&quot;,&quot;size&quot;:&quot;&quot;},&quot;_id&quot;:&quot;ead59d7&quot;,&quot;jet_parallax_layout_image_tablet&quot;:{&quot;url&quot;:&quot;&quot;,&quot;id&quot;:&quot;&quot;,&quot;size&quot;:&quot;&quot;},&quot;jet_parallax_layout_image_mobile&quot;:{&quot;url&quot;:&quot;&quot;,&quot;id&quot;:&quot;&quot;,&quot;size&quot;:&quot;&quot;},&quot;jet_parallax_layout_speed&quot;:{&quot;unit&quot;:&quot;%&quot;,&quot;size&quot;:50,&quot;sizes&quot;:[]},&quot;jet_parallax_layout_type&quot;:&quot;scroll&quot;,&quot;jet_parallax_layout_direction&quot;:null,&quot;jet_parallax_layout_fx_direction&quot;:null,&quot;jet_parallax_layout_z_index&quot;:&quot;&quot;,&quot;jet_parallax_layout_bg_x&quot;:50,&quot;jet_parallax_layout_bg_x_tablet&quot;:&quot;&quot;,&quot;jet_parallax_layout_bg_x_mobile&quot;:&quot;&quot;,&quot;jet_parallax_layout_bg_y&quot;:50,&quot;jet_parallax_layout_bg_y_tablet&quot;:&quot;&quot;,&quot;jet_parallax_layout_bg_y_mobile&quot;:&quot;&quot;,&quot;jet_parallax_layout_bg_size&quot;:&quot;auto&quot;,&quot;jet_parallax_layout_bg_size_tablet&quot;:&quot;&quot;,&quot;jet_parallax_layout_bg_size_mobile&quot;:&quot;&quot;,&quot;jet_parallax_layout_animation_prop&quot;:&quot;transform&quot;,&quot;jet_parallax_layout_on&quot;:[&quot;desktop&quot;,&quot;tablet&quot;]}],&quot;background_background&quot;:&quot;slideshow&quot;,&quot;background_slideshow_gallery&quot;:[{&quot;id&quot;:62,&quot;url&quot;:&quot;https:\\\/\\\/langasjonas.com\\\/wp-content\\\/uploads\\\/2022\\\/01\\\/WP_20140916_17_53_44_Panorama-scaled.jpeg&quot;},{&quot;id&quot;:83,&quot;url&quot;:&quot;https:\\\/\\\/langasjonas.com\\\/wp-content\\\/uploads\\\/2022\\\/01\\\/Langasjonas2-scaled.jpeg&quot;},{&quot;id&quot;:84,&quot;url&quot;:&quot;https:\\\/\\\/langasjonas.com\\\/wp-content\\\/uploads\\\/2022\\\/01\\\/5.Ekudden-Stuga-Panorama-scaled.jpg&quot;},{&quot;id&quot;:85,&quot;url&quot;:&quot;https:\\\/\\\/langasjonas.com\\\/wp-content\\\/uploads\\\/2022\\\/01\\\/WP_20140902_14_29_00_Panorama-scaled.jpg&quot;},{&quot;id&quot;:86,&quot;url&quot;:&quot;https:\\\/\\\/langasjonas.com\\\/wp-content\\\/uploads\\\/2022\\\/01\\\/WP_20140601_17_02_46_Pro-panorama-bild-scaled.jpg&quot;},{&quot;id&quot;:81,&quot;url&quot;:&quot;https:\\\/\\\/langasjonas.com\\\/wp-content\\\/uploads\\\/2022\\\/01\\\/WP_20140704_15_05_38_Panorama-scaled.jpg&quot;},{&quot;id&quot;:31,&quot;url&quot;:&quot;https:\\\/\\\/langasjonas.com\\\/wp-content\\\/uploads\\\/2022\\\/01\\\/20211028_154612-EFFECTS-scaled.jpeg&quot;}],&quot;shape_divider_bottom&quot;:&quot;mountains&quot;,&quot;background_slideshow_transition_duration&quot;:2000,&quot;background_slideshow_ken_burns&quot;:&quot;yes&quot;,&quot;background_slideshow_loop&quot;:&quot;yes&quot;,&quot;background_slideshow_slide_duration&quot;:5000,&quot;background_slideshow_slide_transition&quot;:&quot;fade&quot;,&quot;background_slideshow_ken_burns_zoom_direction&quot;:&quot;in&quot;}\">\n\t\t\t\t\t\t\t<div class=\"elementor-background-overlay\"><\/div>\n\t\t\t\t\t\t<div class=\"elementor-shape elementor-shape-bottom\" aria-hidden=\"true\" data-negative=\"false\">\n\t\t\t<svg xmlns=\"http:\/\/www.w3.org\/2000\/svg\" viewBox=\"0 0 1000 100\" preserveAspectRatio=\"none\">\n\t<path class=\"elementor-shape-fill\" opacity=\"0.33\" d=\"M473,67.3c-203.9,88.3-263.1-34-320.3,0C66,119.1,0,59.7,0,59.7V0h1000v59.7 c0,0-62.1,26.1-94.9,29.3c-32.8,3.3-62.8-12.3-75.8-22.1C806,49.6,745.3,8.7,694.9,4.7S492.4,59,473,67.3z\"\/>\n\t<path class=\"elementor-shape-fill\" opacity=\"0.66\" d=\"M734,67.3c-45.5,0-77.2-23.2-129.1-39.1c-28.6-8.7-150.3-10.1-254,39.1 s-91.7-34.4-149.2,0C115.7,118.3,0,39.8,0,39.8V0h1000v36.5c0,0-28.2-18.5-92.1-18.5C810.2,18.1,775.7,67.3,734,67.3z\"\/>\n\t<path class=\"elementor-shape-fill\" d=\"M766.1,28.9c-200-57.5-266,65.5-395.1,19.5C242,1.8,242,5.4,184.8,20.6C128,35.8,132.3,44.9,89.9,52.5C28.6,63.7,0,0,0,0 h1000c0,0-9.9,40.9-83.6,48.1S829.6,47,766.1,28.9z\"\/>\n<\/svg>\t\t<\/div>\n\t\t\t\t\t<div class=\"elementor-container elementor-column-gap-default\">\n\t\t\t\t\t<div class=\"elementor-column elementor-col-100 elementor-top-column elementor-element elementor-element-59260a99\" data-id=\"59260a99\" data-element_type=\"column\" data-e-type=\"column\">\n\t\t\t<div class=\"elementor-widget-wrap elementor-element-populated\">\n\t\t\t\t\t\t<div class=\"elementor-element elementor-element-1ab2b3e animated-slow elementor-invisible elementor-widget elementor-widget-image\" data-id=\"1ab2b3e\" data-element_type=\"widget\" data-e-type=\"widget\" data-settings=\"{&quot;_animation&quot;:&quot;fadeIn&quot;,&quot;_animation_delay&quot;:2000}\" data-widget_type=\"image.default\">\n\t\t\t\t<div class=\"elementor-widget-container\">\n\t\t\t\t\t\t\t\t\t\t\t\t\t\t\t<img fetchpriority=\"high\" decoding=\"async\" width=\"300\" height=\"169\" src=\"https:\/\/langasjonas.com\/wp-content\/uploads\/2022\/09\/Langasjonas_Logo_White_line02-300x169.png\" class=\"attachment-medium size-medium wp-image-2237\" alt=\"\" srcset=\"https:\/\/langasjonas.com\/wp-content\/uploads\/2022\/09\/Langasjonas_Logo_White_line02-300x169.png 300w, https:\/\/langasjonas.com\/wp-content\/uploads\/2022\/09\/Langasjonas_Logo_White_line02-768x432.png 768w, https:\/\/langasjonas.com\/wp-content\/uploads\/2022\/09\/Langasjonas_Logo_White_line02.png 1000w\" sizes=\"(max-width: 300px) 100vw, 300px\" title=\"\">\t\t\t\t\t\t\t\t\t\t\t\t\t\t\t<\/div>\n\t\t\t\t<\/div>\n\t\t\t\t\t<\/div>\n\t\t<\/div>\n\t\t\t\t\t<\/div>\n\t\t<\/section>\n\t\t\t\t<section class=\"elementor-section elementor-top-section elementor-element elementor-element-7519960 ct-section-stretched elementor-section-full_width elementor-section-height-default elementor-section-height-default\" data-id=\"7519960\" data-element_type=\"section\" data-e-type=\"section\" data-settings=\"{&quot;jet_parallax_layout_list&quot;:[]}\">\n\t\t\t\t\t\t<div class=\"elementor-container elementor-column-gap-default\">\n\t\t\t\t\t<div class=\"elementor-column elementor-col-100 elementor-top-column elementor-element elementor-element-f30fe53\" data-id=\"f30fe53\" data-element_type=\"column\" data-e-type=\"column\">\n\t\t\t<div class=\"elementor-widget-wrap elementor-element-populated\">\n\t\t\t\t\t\t<div class=\"elementor-element elementor-element-0163267 elementor-widget elementor-widget-text-editor\" data-id=\"0163267\" data-element_type=\"widget\" data-e-type=\"widget\" data-widget_type=\"text-editor.default\">\n\t\t\t\t<div class=\"elementor-widget-container\">\n\t\t\t\t\t\t\t\t\t<h1 style=\"text-align: left;\">THE LAKE PROJECT<\/h1>\n\t\t\t\t\t\t\t\t<\/div>\n\t\t\t\t<\/div>\n\t\t\t\t<div class=\"elementor-element elementor-element-ccdb2ca elementor-widget elementor-widget-heading\" data-id=\"ccdb2ca\" data-element_type=\"widget\" data-e-type=\"widget\" data-widget_type=\"heading.default\">\n\t\t\t\t<div class=\"elementor-widget-container\">\n\t\t\t\t\t<h2 class=\"elementor-heading-title elementor-size-default\">Viele vorteile \u2013 eine bedingung<\/h2>\t\t\t\t<\/div>\n\t\t\t\t<\/div>\n\t\t\t\t<div class=\"elementor-element elementor-element-05998fe elementor-widget elementor-widget-text-editor\" data-id=\"05998fe\" data-element_type=\"widget\" data-e-type=\"widget\" data-widget_type=\"text-editor.default\">\n\t\t\t\t<div class=\"elementor-widget-container\">\n\t\t\t\t\t\t\t\t\t<h3>The Lake Project bietet Ihnen als Eigent\u00fcmer eines Ferienhauses viele finanzielle Vorteile, da wir Ihr Ferienhaus vermieten k\u00f6nnen, wenn Sie es nicht selbst nutzen. Da wir Ihr Ferienhaus vermieten k\u00f6nnen, erzielen Sie zus\u00e4tzliche Mieteinnahmen. Diese Einnahmen betragen 50% aller Mieteinnahmen und erh\u00f6hen sich sogar auf 60% der Mieteinnahmen, wenn Sie sich f\u00fcr eine Renovierung Ihres Ferienhauses entscheiden und diese abgeschlossen haben. Bei einem Neubau erhalten Sie einen noch gr\u00f6\u00dferen Anteil der Mieteinnahmen, n\u00e4mlich 65 %<\/h3>\n<h3>Diese eine Bedingung, unter der Sie uns die Vermietung Ihres Ferienhauses gestatten, hat viele Vorteile:<\/h3>\n<ul>\n<li>\n<h3>Es erm\u00f6glicht uns, unsere Ferienh\u00e4user zu einem g\u00fcnstigeren Preis zu verkaufen, als wir sie sonst verkaufen w\u00fcrden.<\/h3>\n<\/li>\n<li>\n<h3>Sie erhalten 50%, 60% oder 65% der Mieteinnahmen.<\/h3>\n<\/li>\n<li>\n<h3>Sie zahlen nur einen Bruchteil der Kosten f\u00fcr Wasser, Strom, Abwasser und viele andere Kosten (siehe unsere \u00dcbersicht \u201e<a href=\"https:\/\/langasjonas.com\/de\/wie-hoch-sind-die-monatlichen-kosten\/\">Wie hoch sind die monatlichen Kosten<\/a>\u201c).<\/h3>\n<\/li>\n<\/ul>\n<h3>Wir sehen es als eine Win-Win-Situation. Gleichzeitig erf\u00fcllen wir die Anforderungen, die die Gemeinde Karlshamns in ihrem Bestimmungsplan f\u00fcr unsere Anlage festgelegt hat, wonach die Ferienh\u00e4user f\u00fcr Touristen und andere Personen, die eine vor\u00fcbergehende Unterkunft suchen, zur Miete zur Verf\u00fcgung stehen m\u00fcssen.<\/h3>\n<h3>Es ist daher eine clevere, einfache und finanziell vorteilhafte M\u00f6glichkeit, ein Ferienhaus am See mit Zugang zu allem, was L\u00e5ngasj\u00f6n\u00e4s zu bieten hat, zu besitzen. Zugang zu wundersch\u00f6ner Natur und eine sch\u00f6ne Aussicht auf den See, das alles bekommen Sie kostenlos. Der Kauf eines eigenen Ferienhauses bedeutet einfach, dass Sie Ihren Urlaub oder Ihr Wochenende wirklich genie\u00dfen k\u00f6nnen, denn das M\u00e4hen des Rasens, die Pflege der Gr\u00fcnfl\u00e4chen usw. liegt in der Verantwortung von LCS. Dar\u00fcber m\u00fcssen Sie nicht nachdenken. Urlaub wird einfach Urlaub sein.<\/h3>\n<h3>Und um es noch unterhaltsamer und profitabler zu machen, k\u00f6nnen Sie alle unsere Aktivit\u00e4ten kostenlos nutzen! Das bedeutet, dass Sie alle unsere Boote, Kanus, Kajaks und Paddelbretter v\u00f6llig kostenlos nutzen k\u00f6nnen! Sie k\u00f6nnen sogar so oft Sie m\u00f6chten auf unserem Lakeside Minigolfplatz spielen, ebenfalls v\u00f6llig kostenlos! Wie gesagt, eine Urlaubswoche im eigenen Ferienhaus soll wirklich ein Urlaubserlebnis sein und hoffentlich k\u00f6nnen unsere Aktivit\u00e4ten dazu beitragen.<\/h3>\n\t\t\t\t\t\t\t\t<\/div>\n\t\t\t\t<\/div>\n\t\t\t\t\t<\/div>\n\t\t<\/div>\n\t\t\t\t\t<\/div>\n\t\t<\/section>\n\t\t\t\t<\/div>\n\t\t","protected":false},"excerpt":{"rendered":"<p>THE LAKE PROJECT Viele vorteile \u2013 eine bedingung The Lake Project bietet Ihnen als Eigent\u00fcmer eines Ferienhauses viele finanzielle Vorteile, da wir Ihr Ferienhaus vermieten k\u00f6nnen, wenn Sie es nicht selbst nutzen. Da wir Ihr Ferienhaus vermieten k\u00f6nnen, erzielen Sie zus\u00e4tzliche Mieteinnahmen. Diese Einnahmen betragen 50% aller Mieteinnahmen und erh\u00f6hen sich sogar auf 60% der [&hellip;]<\/p>\n","protected":false},"author":2,"featured_media":0,"parent":0,"menu_order":0,"comment_status":"closed","ping_status":"closed","template":"","meta":{"footnotes":""},"folder":[55],"class_list":["post-37897","page","type-page","status-publish","hentry"],"blocksy_meta":[],"_links":{"self":[{"href":"https:\/\/langasjonas.com\/de\/wp-json\/wp\/v2\/pages\/37897","targetHints":{"allow":["GET"]}}],"collection":[{"href":"https:\/\/langasjonas.com\/de\/wp-json\/wp\/v2\/pages"}],"about":[{"href":"https:\/\/langasjonas.com\/de\/wp-json\/wp\/v2\/types\/page"}],"author":[{"embeddable":true,"href":"https:\/\/langasjonas.com\/de\/wp-json\/wp\/v2\/users\/2"}],"replies":[{"embeddable":true,"href":"https:\/\/langasjonas.com\/de\/wp-json\/wp\/v2\/comments?post=37897"}],"version-history":[{"count":13,"href":"https:\/\/langasjonas.com\/de\/wp-json\/wp\/v2\/pages\/37897\/revisions"}],"predecessor-version":[{"id":43522,"href":"https:\/\/langasjonas.com\/de\/wp-json\/wp\/v2\/pages\/37897\/revisions\/43522"}],"wp:attachment":[{"href":"https:\/\/langasjonas.com\/de\/wp-json\/wp\/v2\/media?parent=37897"}],"wp:term":[{"taxonomy":"folder","embeddable":true,"href":"https:\/\/langasjonas.com\/de\/wp-json\/wp\/v2\/folder?post=37897"}],"curies":[{"name":"wp","href":"https:\/\/api.w.org\/{rel}","templated":true}]}}