{"id":37872,"date":"2024-01-19T15:28:14","date_gmt":"2024-01-19T14:28:14","guid":{"rendered":"https:\/\/langasjonas.com\/wie-sie-sich-fuer-55-oder-60-mieteinnahmen-qualifizieren\/"},"modified":"2025-03-08T22:35:06","modified_gmt":"2025-03-08T21:35:06","slug":"wie-sie-sich-fuer-55-oder-60-mieteinnahmen-qualifizieren","status":"publish","type":"page","link":"https:\/\/langasjonas.com\/de\/wie-sie-sich-fuer-55-oder-60-mieteinnahmen-qualifizieren\/","title":{"rendered":"MIETEINNAHMEN: 50% &#8211; 55% &#8211; 60% &#8211; 65%."},"content":{"rendered":"\t\t<div data-elementor-type=\"wp-page\" data-elementor-id=\"37872\" class=\"elementor elementor-37872 elementor-35336\" data-elementor-post-type=\"page\">\n\t\t\t\t\t\t<section class=\"elementor-section elementor-top-section elementor-element elementor-element-61110a45 ct-section-stretched elementor-section-full_width elementor-section-height-min-height elementor-section-content-middle elementor-section-height-default elementor-section-items-middle\" data-id=\"61110a45\" data-element_type=\"section\" data-e-type=\"section\" data-settings=\"{&quot;jet_parallax_layout_list&quot;:[{&quot;jet_parallax_layout_image&quot;:{&quot;url&quot;:&quot;&quot;,&quot;id&quot;:&quot;&quot;,&quot;size&quot;:&quot;&quot;},&quot;_id&quot;:&quot;ead59d7&quot;,&quot;jet_parallax_layout_image_tablet&quot;:{&quot;url&quot;:&quot;&quot;,&quot;id&quot;:&quot;&quot;,&quot;size&quot;:&quot;&quot;},&quot;jet_parallax_layout_image_mobile&quot;:{&quot;url&quot;:&quot;&quot;,&quot;id&quot;:&quot;&quot;,&quot;size&quot;:&quot;&quot;},&quot;jet_parallax_layout_speed&quot;:{&quot;unit&quot;:&quot;%&quot;,&quot;size&quot;:50,&quot;sizes&quot;:[]},&quot;jet_parallax_layout_type&quot;:&quot;scroll&quot;,&quot;jet_parallax_layout_direction&quot;:null,&quot;jet_parallax_layout_fx_direction&quot;:null,&quot;jet_parallax_layout_z_index&quot;:&quot;&quot;,&quot;jet_parallax_layout_bg_x&quot;:50,&quot;jet_parallax_layout_bg_x_tablet&quot;:&quot;&quot;,&quot;jet_parallax_layout_bg_x_mobile&quot;:&quot;&quot;,&quot;jet_parallax_layout_bg_y&quot;:50,&quot;jet_parallax_layout_bg_y_tablet&quot;:&quot;&quot;,&quot;jet_parallax_layout_bg_y_mobile&quot;:&quot;&quot;,&quot;jet_parallax_layout_bg_size&quot;:&quot;auto&quot;,&quot;jet_parallax_layout_bg_size_tablet&quot;:&quot;&quot;,&quot;jet_parallax_layout_bg_size_mobile&quot;:&quot;&quot;,&quot;jet_parallax_layout_animation_prop&quot;:&quot;transform&quot;,&quot;jet_parallax_layout_on&quot;:[&quot;desktop&quot;,&quot;tablet&quot;]}],&quot;background_background&quot;:&quot;slideshow&quot;,&quot;background_slideshow_gallery&quot;:[{&quot;id&quot;:23467,&quot;url&quot;:&quot;https:\\\/\\\/langasjonas.com\\\/wp-content\\\/uploads\\\/2023\\\/06\\\/WP_20140827_17_42_10_Pro-1-scaled-e1687936544314.jpg&quot;},{&quot;id&quot;:62,&quot;url&quot;:&quot;https:\\\/\\\/langasjonas.com\\\/wp-content\\\/uploads\\\/2022\\\/01\\\/WP_20140916_17_53_44_Panorama-scaled.jpeg&quot;},{&quot;id&quot;:86,&quot;url&quot;:&quot;https:\\\/\\\/langasjonas.com\\\/wp-content\\\/uploads\\\/2022\\\/01\\\/WP_20140601_17_02_46_Pro-panorama-bild-scaled.jpg&quot;},{&quot;id&quot;:81,&quot;url&quot;:&quot;https:\\\/\\\/langasjonas.com\\\/wp-content\\\/uploads\\\/2022\\\/01\\\/WP_20140704_15_05_38_Panorama-scaled.jpg&quot;}],&quot;shape_divider_bottom&quot;:&quot;mountains&quot;,&quot;background_slideshow_transition_duration&quot;:2000,&quot;background_slideshow_ken_burns&quot;:&quot;yes&quot;,&quot;background_slideshow_loop&quot;:&quot;yes&quot;,&quot;background_slideshow_slide_duration&quot;:5000,&quot;background_slideshow_slide_transition&quot;:&quot;fade&quot;,&quot;background_slideshow_ken_burns_zoom_direction&quot;:&quot;in&quot;}\">\n\t\t\t\t\t\t\t<div class=\"elementor-background-overlay\"><\/div>\n\t\t\t\t\t\t<div class=\"elementor-shape elementor-shape-bottom\" aria-hidden=\"true\" data-negative=\"false\">\n\t\t\t<svg xmlns=\"http:\/\/www.w3.org\/2000\/svg\" viewBox=\"0 0 1000 100\" preserveAspectRatio=\"none\">\n\t<path class=\"elementor-shape-fill\" opacity=\"0.33\" d=\"M473,67.3c-203.9,88.3-263.1-34-320.3,0C66,119.1,0,59.7,0,59.7V0h1000v59.7 c0,0-62.1,26.1-94.9,29.3c-32.8,3.3-62.8-12.3-75.8-22.1C806,49.6,745.3,8.7,694.9,4.7S492.4,59,473,67.3z\"\/>\n\t<path class=\"elementor-shape-fill\" opacity=\"0.66\" d=\"M734,67.3c-45.5,0-77.2-23.2-129.1-39.1c-28.6-8.7-150.3-10.1-254,39.1 s-91.7-34.4-149.2,0C115.7,118.3,0,39.8,0,39.8V0h1000v36.5c0,0-28.2-18.5-92.1-18.5C810.2,18.1,775.7,67.3,734,67.3z\"\/>\n\t<path class=\"elementor-shape-fill\" d=\"M766.1,28.9c-200-57.5-266,65.5-395.1,19.5C242,1.8,242,5.4,184.8,20.6C128,35.8,132.3,44.9,89.9,52.5C28.6,63.7,0,0,0,0 h1000c0,0-9.9,40.9-83.6,48.1S829.6,47,766.1,28.9z\"\/>\n<\/svg>\t\t<\/div>\n\t\t\t\t\t<div class=\"elementor-container elementor-column-gap-default\">\n\t\t\t\t\t<div class=\"elementor-column elementor-col-100 elementor-top-column elementor-element elementor-element-59260a99\" data-id=\"59260a99\" data-element_type=\"column\" data-e-type=\"column\">\n\t\t\t<div class=\"elementor-widget-wrap elementor-element-populated\">\n\t\t\t\t\t\t<div class=\"elementor-element elementor-element-1ab2b3e animated-slow elementor-invisible elementor-widget elementor-widget-image\" data-id=\"1ab2b3e\" data-element_type=\"widget\" data-e-type=\"widget\" data-settings=\"{&quot;_animation&quot;:&quot;fadeIn&quot;,&quot;_animation_delay&quot;:2000}\" data-widget_type=\"image.default\">\n\t\t\t\t<div class=\"elementor-widget-container\">\n\t\t\t\t\t\t\t\t\t\t\t\t\t\t\t<img fetchpriority=\"high\" decoding=\"async\" width=\"300\" height=\"169\" src=\"https:\/\/langasjonas.com\/wp-content\/uploads\/2022\/09\/Langasjonas_Logo_White_line02-300x169.png\" class=\"attachment-medium size-medium wp-image-2237\" alt=\"\" srcset=\"https:\/\/langasjonas.com\/wp-content\/uploads\/2022\/09\/Langasjonas_Logo_White_line02-300x169.png 300w, https:\/\/langasjonas.com\/wp-content\/uploads\/2022\/09\/Langasjonas_Logo_White_line02-768x432.png 768w, https:\/\/langasjonas.com\/wp-content\/uploads\/2022\/09\/Langasjonas_Logo_White_line02.png 1000w\" sizes=\"(max-width: 300px) 100vw, 300px\" title=\"\">\t\t\t\t\t\t\t\t\t\t\t\t\t\t\t<\/div>\n\t\t\t\t<\/div>\n\t\t\t\t\t<\/div>\n\t\t<\/div>\n\t\t\t\t\t<\/div>\n\t\t<\/section>\n\t\t\t\t<section class=\"elementor-section elementor-top-section elementor-element elementor-element-7519960 ct-section-stretched elementor-section-full_width elementor-section-height-default elementor-section-height-default\" data-id=\"7519960\" data-element_type=\"section\" data-e-type=\"section\" data-settings=\"{&quot;jet_parallax_layout_list&quot;:[]}\">\n\t\t\t\t\t\t<div class=\"elementor-container elementor-column-gap-default\">\n\t\t\t\t\t<div class=\"elementor-column elementor-col-100 elementor-top-column elementor-element elementor-element-f30fe53\" data-id=\"f30fe53\" data-element_type=\"column\" data-e-type=\"column\">\n\t\t\t<div class=\"elementor-widget-wrap elementor-element-populated\">\n\t\t\t\t\t\t<div class=\"elementor-element elementor-element-0163267 elementor-widget elementor-widget-text-editor\" data-id=\"0163267\" data-element_type=\"widget\" data-e-type=\"widget\" data-widget_type=\"text-editor.default\">\n\t\t\t\t<div class=\"elementor-widget-container\">\n\t\t\t\t\t\t\t\t\t<h1 style=\"text-align: left;\">THE LAKE PROJECT<\/h1>\n\t\t\t\t\t\t\t\t<\/div>\n\t\t\t\t<\/div>\n\t\t\t\t<div class=\"elementor-element elementor-element-ad68fc9 elementor-widget elementor-widget-heading\" data-id=\"ad68fc9\" data-element_type=\"widget\" data-e-type=\"widget\" data-widget_type=\"heading.default\">\n\t\t\t\t<div class=\"elementor-widget-container\">\n\t\t\t\t\t<h3 class=\"elementor-heading-title elementor-size-default\">WAS MUSS MAN TUN, UM SICH F\u00dcR 50% MIETEINNAHMEN ZU QUALIFIZIEREN?<\/h3>\t\t\t\t<\/div>\n\t\t\t\t<\/div>\n\t\t\t\t<div class=\"elementor-element elementor-element-e6611d0 elementor-hidden-desktop elementor-hidden-tablet elementor-hidden-mobile elementor-widget elementor-widget-text-editor\" data-id=\"e6611d0\" data-element_type=\"widget\" data-e-type=\"widget\" data-widget_type=\"text-editor.default\">\n\t\t\t\t<div class=\"elementor-widget-container\">\n\t\t\t\t\t\t\t\t\t<h3>Sie m\u00fcssen nichts tun, um 50% der Mieteinnahmen zu erhalten, denn alle Eigent\u00fcmer erhalten automatisch 50% der Mieteinnahmen, au\u00dfer in den ersten 48 Monaten.<\/h3>\n<h3>Da Sie das Chalet f\u00fcr 50% des Startpreises kaufen, m\u00fcssen wir die Mieteinnahmen f\u00fcr die ersten 48 Monate behalten, als eine Art Ratenzahlung f\u00fcr die anderen 50%, die Sie nicht zahlen m\u00fcssen. Nach 48 Monaten werden die Mieteinnahmen an Sie als Eigent\u00fcmer ausgezahlt. <\/h3>\n<h3>Im Allgemeinen kann man sagen, dass 50% der Mieteinnahmen auf Ferienh\u00e4user mit einem Standard von 2-3 Sternen entfallen.<\/h3>\n\t\t\t\t\t\t\t\t<\/div>\n\t\t\t\t<\/div>\n\t\t\t\t<div class=\"elementor-element elementor-element-27e73cc elementor-widget elementor-widget-text-editor\" data-id=\"27e73cc\" data-element_type=\"widget\" data-e-type=\"widget\" data-widget_type=\"text-editor.default\">\n\t\t\t\t<div class=\"elementor-widget-container\">\n\t\t\t\t\t\t\t\t\t<h3>Im Allgemeinen kann man sagen, dass 50% der Mieteinnahmen auf Ferienh\u00e4user mit einem Standard von 2-3 Sternen entfallen.<\/h3>\n\t\t\t\t\t\t\t\t<\/div>\n\t\t\t\t<\/div>\n\t\t\t\t<div class=\"elementor-element elementor-element-ccdb2ca elementor-widget elementor-widget-heading\" data-id=\"ccdb2ca\" data-element_type=\"widget\" data-e-type=\"widget\" data-widget_type=\"heading.default\">\n\t\t\t\t<div class=\"elementor-widget-container\">\n\t\t\t\t\t<h3 class=\"elementor-heading-title elementor-size-default\">WAS MUSS MAN TUN, UM SICH F\u00dcR 55% MIETEINNAHMEN ZU QUALIFIZIEREN?<\/h3>\t\t\t\t<\/div>\n\t\t\t\t<\/div>\n\t\t\t\t<div class=\"elementor-element elementor-element-2418314 elementor-widget elementor-widget-text-editor\" data-id=\"2418314\" data-element_type=\"widget\" data-e-type=\"widget\" data-widget_type=\"text-editor.default\">\n\t\t\t\t<div class=\"elementor-widget-container\">\n\t\t\t\t\t\t\t\t\t<h3>Um Anspruch auf eine 55-Prozent-R\u00fcckstellung zu haben, m\u00fcssen erhebliche Verbesserungen an der Au\u00dfenseite des Ferienhauses vorgenommen werden. Da jedes Ferienhaus anders ist und unterschiedliche Bedingungen und Bed\u00fcrfnisse aufweist, ist es nicht m\u00f6glich, genau aufzulisten, was getan werden muss, aber im Allgemeinen kann man sagen, dass die folgenden Dinge wichtig sind, wenn man mit einer gr\u00f6\u00dferen Au\u00dfenrenovierung beginnt.<\/h3>\n<ol>\n<li>\n<h3>Neue isolierte Fenster (Aluminium oder Kunststoff)<\/h3>\n<\/li>\n<li>\n<h3>Verbesserung der Isolierung, die am einfachsten von au\u00dfen zu erreichen ist (wie bei Ferienhaus S13)<\/h3>\n<\/li>\n<li>\n<h3>Neues Dach\/Dachrinnen bei Bedarf<\/h3>\n<\/li>\n<li>\n<h3>Neue oder restaurierte Eingangst\u00fcr + T\u00fcr zur Terrasse<\/h3>\n<\/li>\n<li>\n<h3>Eine gr\u00f6\u00dfere Terrasse am Seeufer des Ferienhauses. <em>Bei Ferienh\u00e4usern im S\u00fcd- und Norddorf: Sehen Sie sich den jeweiligen Grundriss an, um zu sehen, wo die Terrasse gebaut werden soll.<\/em><\/h3>\n<\/li>\n<li>\n<h3>Gartenm\u00f6bel (vorzugsweise Premiumqualit\u00e4t)<\/h3>\n<\/li>\n<\/ol>\n<h3>Im Allgemeinen kann man sagen, dass 55% der Mieteinnahmen auf Ferienh\u00e4user mit einem Standard von 3-4 Sternen entfallen.<\/h3>\n\t\t\t\t\t\t\t\t<\/div>\n\t\t\t\t<\/div>\n\t\t\t\t<div class=\"elementor-element elementor-element-506e677 elementor-widget elementor-widget-heading\" data-id=\"506e677\" data-element_type=\"widget\" data-e-type=\"widget\" data-widget_type=\"heading.default\">\n\t\t\t\t<div class=\"elementor-widget-container\">\n\t\t\t\t\t<h3 class=\"elementor-heading-title elementor-size-default\">WAS MUSS MAN TUN, UM SICH F\u00dcR 60% MIETEINNAHMEN ZU QUALIFIZIEREN?<\/h3>\t\t\t\t<\/div>\n\t\t\t\t<\/div>\n\t\t\t\t<div class=\"elementor-element elementor-element-cef5ccc elementor-widget elementor-widget-text-editor\" data-id=\"cef5ccc\" data-element_type=\"widget\" data-e-type=\"widget\" data-widget_type=\"text-editor.default\">\n\t\t\t\t<div class=\"elementor-widget-container\">\n\t\t\t\t\t\t\t\t\t<h3>Um Anspruch auf eine 60% &#8211; R\u00fcckstellung zu haben, m\u00fcssen, wie oben erw\u00e4hnt, erhebliche Verbesserungen sowohl an der Au\u00dfenseite als auch an der Innenseite des Ferienhauses vorgenommen werden. Da jedes Ferienhaus anders ist und unterschiedliche Bedingungen und Bed\u00fcrfnisse aufweist, ist es nicht m\u00f6glich, genau aufzulisten, was getan werden muss, aber im Allgemeinen kann man sagen, dass die folgenden Dinge wichtig sind, wenn man mit einer gr\u00f6\u00dferen Innenrenovierung beginnt.<\/h3>\n<ol>\n<li>\n<h3>moderne K\u00fcche mit folgender Ausstattung: K\u00fchl-\/Gefrierschrank mit ausreichend Kapazit\u00e4t f\u00fcr eine 6-Personen-Familie, Geschirrsp\u00fcler, elektrische Kochplatten (Induktion), Backofen, Mikrowelle und ausreichend Stauraum f\u00fcr Lebensmittel und K\u00fcchenutensilien.<\/h3>\n<\/li>\n<li>\n<h3>modernes Badezimmer mit Dusche &amp; WC, Waschbecken, Waschmaschine und Warmwasserbereiter mit Platz f\u00fcr 6 Personen (vorzugsweise 100 Liter).<\/h3>\n<\/li>\n<li>\n<h3>Renoviertes Wohnzimmer: neu gestrichenes, frisches Interieur mit hochwertigen M\u00f6beln, vorzugsweise einem Schlafsofa, Vorh\u00e4ngen, dekorativen Ornamenten wie Plastikblumen, Gem\u00e4lden\/Bildern an der Wand und allem anderen, was den G\u00e4sten beim Betreten des Ferienhauses ein \u201eWow\u201c-Gef\u00fchl vermitteln kann, Fernseher (vorzugsweise 42\u201c oder mehr).<\/h3>\n<\/li>\n<li>\n<h3>Schlafzimmer: Hier sollten frische Betten mit guten Matratzen, Kissen und Decken stehen.<\/h3>\n<\/li>\n<\/ol>\n<h3>Im Allgemeinen kann man sagen, dass 60% der Mieteinnahmen auf Ferienh\u00e4user mit 4-5 Sternen entfallen.<\/h3>\n\t\t\t\t\t\t\t\t<\/div>\n\t\t\t\t<\/div>\n\t\t\t\t<div class=\"elementor-element elementor-element-604df76 elementor-widget elementor-widget-heading\" data-id=\"604df76\" data-element_type=\"widget\" data-e-type=\"widget\" data-widget_type=\"heading.default\">\n\t\t\t\t<div class=\"elementor-widget-container\">\n\t\t\t\t\t<h3 class=\"elementor-heading-title elementor-size-default\">WAS MUSS MAN TUN, UM SICH F\u00dcR 65% MIETEINNAHMEN ZU QUALIFIZIEREN?<\/h3>\t\t\t\t<\/div>\n\t\t\t\t<\/div>\n\t\t\t\t<div class=\"elementor-element elementor-element-225fec4 elementor-widget elementor-widget-text-editor\" data-id=\"225fec4\" data-element_type=\"widget\" data-e-type=\"widget\" data-widget_type=\"text-editor.default\">\n\t\t\t\t<div class=\"elementor-widget-container\">\n\t\t\t\t\t\t\t\t\t<h3>Um sich f\u00fcr 65% Mieteinnahmen zu qualifizieren, ben\u00f6tigen Sie ein neu gebautes Cottage mit 5-Sterne-Standard, in dem alles enthalten ist, wie bereits oben unter 60% Mieteinnahmen beschrieben.<\/h3>\n<h3>Im Allgemeinen kann man sagen, dass 65% der Mieteinnahmen auf Ferienh\u00e4user entfallen, die nach 5-Sterne-Standard neu gebaut wurden.<\/h3>\n<h3><strong>DENKEN SIE AUCH AN:<\/strong><\/h3>\n<ol>\n<li>\n<h3>Das Ferienhaus sollte f\u00fcr unser Reinigungsteam leicht zu reinigen sein. Ber\u00fccksichtigen Sie dies bei der Auswahl Ihrer dekorativen Ornamente, die Ihrem Ferienhaus eine besonders gem\u00fctliche Atmosph\u00e4re verleihen.<\/h3>\n<\/li>\n<li>\n<h3>Je mehr Schlafpl\u00e4tze ein Ferienhaus bietet, desto besser ist es. Wir empfehlen mindestens 4 Schlafpl\u00e4tze, davon mindestens 2 Schlafpl\u00e4tze in Einzelbetten und 2 Schlafpl\u00e4tze in einem Etagenbett oder Schlafsofa. Noch besser sind 4 Schlafpl\u00e4tze in Einzelbetten. Ein Schlafboden wird NICHT als gute L\u00f6sung angesehen, da diese Art von Schlafpl\u00e4tzen schwer zu erreichen und schwer zu reinigen und daher nicht praktisch sind.<\/h3>\n<\/li>\n<\/ol>\n\t\t\t\t\t\t\t\t<\/div>\n\t\t\t\t<\/div>\n\t\t\t\t\t<\/div>\n\t\t<\/div>\n\t\t\t\t\t<\/div>\n\t\t<\/section>\n\t\t\t\t<\/div>\n\t\t","protected":false},"excerpt":{"rendered":"<p>THE LAKE PROJECT WAS MUSS MAN TUN, UM SICH F\u00dcR 50% MIETEINNAHMEN ZU QUALIFIZIEREN? Sie m\u00fcssen nichts tun, um 50% der Mieteinnahmen zu erhalten, denn alle Eigent\u00fcmer erhalten automatisch 50% der Mieteinnahmen, au\u00dfer in den ersten 48 Monaten. Da Sie das Chalet f\u00fcr 50% des Startpreises kaufen, m\u00fcssen wir die Mieteinnahmen f\u00fcr die ersten 48 [&hellip;]<\/p>\n","protected":false},"author":2,"featured_media":0,"parent":0,"menu_order":0,"comment_status":"closed","ping_status":"closed","template":"","meta":{"footnotes":""},"folder":[55],"class_list":["post-37872","page","type-page","status-publish","hentry"],"blocksy_meta":[],"_links":{"self":[{"href":"https:\/\/langasjonas.com\/de\/wp-json\/wp\/v2\/pages\/37872","targetHints":{"allow":["GET"]}}],"collection":[{"href":"https:\/\/langasjonas.com\/de\/wp-json\/wp\/v2\/pages"}],"about":[{"href":"https:\/\/langasjonas.com\/de\/wp-json\/wp\/v2\/types\/page"}],"author":[{"embeddable":true,"href":"https:\/\/langasjonas.com\/de\/wp-json\/wp\/v2\/users\/2"}],"replies":[{"embeddable":true,"href":"https:\/\/langasjonas.com\/de\/wp-json\/wp\/v2\/comments?post=37872"}],"version-history":[{"count":9,"href":"https:\/\/langasjonas.com\/de\/wp-json\/wp\/v2\/pages\/37872\/revisions"}],"predecessor-version":[{"id":46855,"href":"https:\/\/langasjonas.com\/de\/wp-json\/wp\/v2\/pages\/37872\/revisions\/46855"}],"wp:attachment":[{"href":"https:\/\/langasjonas.com\/de\/wp-json\/wp\/v2\/media?parent=37872"}],"wp:term":[{"taxonomy":"folder","embeddable":true,"href":"https:\/\/langasjonas.com\/de\/wp-json\/wp\/v2\/folder?post=37872"}],"curies":[{"name":"wp","href":"https:\/\/api.w.org\/{rel}","templated":true}]}}