{"id":36955,"date":"2024-01-24T16:20:31","date_gmt":"2024-01-24T15:20:31","guid":{"rendered":"https:\/\/langasjonas.com\/?page_id=36955"},"modified":"2025-03-08T22:49:43","modified_gmt":"2025-03-08T21:49:43","slug":"warum-verkaufen-wir-unsere-ferienhaeuser","status":"publish","type":"page","link":"https:\/\/langasjonas.com\/de\/warum-verkaufen-wir-unsere-ferienhaeuser\/","title":{"rendered":"Warum verkaufen wir unsere Ferienh\u00e4user?"},"content":{"rendered":"\t\t<div data-elementor-type=\"wp-page\" data-elementor-id=\"36955\" class=\"elementor elementor-36955 elementor-36953\" data-elementor-post-type=\"page\">\n\t\t\t\t\t\t<section class=\"elementor-section elementor-top-section elementor-element elementor-element-61110a45 ct-section-stretched elementor-section-full_width elementor-section-height-min-height elementor-section-content-middle elementor-section-height-default elementor-section-items-middle\" data-id=\"61110a45\" data-element_type=\"section\" data-e-type=\"section\" data-settings=\"{&quot;jet_parallax_layout_list&quot;:[{&quot;jet_parallax_layout_image&quot;:{&quot;url&quot;:&quot;&quot;,&quot;id&quot;:&quot;&quot;,&quot;size&quot;:&quot;&quot;},&quot;_id&quot;:&quot;ead59d7&quot;,&quot;jet_parallax_layout_image_tablet&quot;:{&quot;url&quot;:&quot;&quot;,&quot;id&quot;:&quot;&quot;,&quot;size&quot;:&quot;&quot;},&quot;jet_parallax_layout_image_mobile&quot;:{&quot;url&quot;:&quot;&quot;,&quot;id&quot;:&quot;&quot;,&quot;size&quot;:&quot;&quot;},&quot;jet_parallax_layout_speed&quot;:{&quot;unit&quot;:&quot;%&quot;,&quot;size&quot;:50,&quot;sizes&quot;:[]},&quot;jet_parallax_layout_type&quot;:&quot;scroll&quot;,&quot;jet_parallax_layout_direction&quot;:null,&quot;jet_parallax_layout_fx_direction&quot;:null,&quot;jet_parallax_layout_z_index&quot;:&quot;&quot;,&quot;jet_parallax_layout_bg_x&quot;:50,&quot;jet_parallax_layout_bg_x_tablet&quot;:&quot;&quot;,&quot;jet_parallax_layout_bg_x_mobile&quot;:&quot;&quot;,&quot;jet_parallax_layout_bg_y&quot;:50,&quot;jet_parallax_layout_bg_y_tablet&quot;:&quot;&quot;,&quot;jet_parallax_layout_bg_y_mobile&quot;:&quot;&quot;,&quot;jet_parallax_layout_bg_size&quot;:&quot;auto&quot;,&quot;jet_parallax_layout_bg_size_tablet&quot;:&quot;&quot;,&quot;jet_parallax_layout_bg_size_mobile&quot;:&quot;&quot;,&quot;jet_parallax_layout_animation_prop&quot;:&quot;transform&quot;,&quot;jet_parallax_layout_on&quot;:[&quot;desktop&quot;,&quot;tablet&quot;]}],&quot;background_background&quot;:&quot;slideshow&quot;,&quot;background_slideshow_gallery&quot;:[{&quot;id&quot;:22210,&quot;url&quot;:&quot;https:\\\/\\\/langasjonas.com\\\/wp-content\\\/uploads\\\/2023\\\/06\\\/Stuga-S13-scaled.jpg&quot;},{&quot;id&quot;:22204,&quot;url&quot;:&quot;https:\\\/\\\/langasjonas.com\\\/wp-content\\\/uploads\\\/2023\\\/06\\\/526010-447-1_004-scaled.jpg&quot;},{&quot;id&quot;:81,&quot;url&quot;:&quot;https:\\\/\\\/langasjonas.com\\\/wp-content\\\/uploads\\\/2022\\\/01\\\/WP_20140704_15_05_38_Panorama-scaled.jpg&quot;}],&quot;shape_divider_bottom&quot;:&quot;mountains&quot;,&quot;background_slideshow_transition_duration&quot;:2000,&quot;background_slideshow_ken_burns&quot;:&quot;yes&quot;,&quot;background_slideshow_loop&quot;:&quot;yes&quot;,&quot;background_slideshow_slide_duration&quot;:5000,&quot;background_slideshow_slide_transition&quot;:&quot;fade&quot;,&quot;background_slideshow_ken_burns_zoom_direction&quot;:&quot;in&quot;}\">\n\t\t\t\t\t\t\t<div class=\"elementor-background-overlay\"><\/div>\n\t\t\t\t\t\t<div class=\"elementor-shape elementor-shape-bottom\" aria-hidden=\"true\" data-negative=\"false\">\n\t\t\t<svg xmlns=\"http:\/\/www.w3.org\/2000\/svg\" viewBox=\"0 0 1000 100\" preserveAspectRatio=\"none\">\n\t<path class=\"elementor-shape-fill\" opacity=\"0.33\" d=\"M473,67.3c-203.9,88.3-263.1-34-320.3,0C66,119.1,0,59.7,0,59.7V0h1000v59.7 c0,0-62.1,26.1-94.9,29.3c-32.8,3.3-62.8-12.3-75.8-22.1C806,49.6,745.3,8.7,694.9,4.7S492.4,59,473,67.3z\"\/>\n\t<path class=\"elementor-shape-fill\" opacity=\"0.66\" d=\"M734,67.3c-45.5,0-77.2-23.2-129.1-39.1c-28.6-8.7-150.3-10.1-254,39.1 s-91.7-34.4-149.2,0C115.7,118.3,0,39.8,0,39.8V0h1000v36.5c0,0-28.2-18.5-92.1-18.5C810.2,18.1,775.7,67.3,734,67.3z\"\/>\n\t<path class=\"elementor-shape-fill\" d=\"M766.1,28.9c-200-57.5-266,65.5-395.1,19.5C242,1.8,242,5.4,184.8,20.6C128,35.8,132.3,44.9,89.9,52.5C28.6,63.7,0,0,0,0 h1000c0,0-9.9,40.9-83.6,48.1S829.6,47,766.1,28.9z\"\/>\n<\/svg>\t\t<\/div>\n\t\t\t\t\t<div class=\"elementor-container elementor-column-gap-default\">\n\t\t\t\t\t<div class=\"elementor-column elementor-col-100 elementor-top-column elementor-element elementor-element-59260a99\" data-id=\"59260a99\" data-element_type=\"column\" data-e-type=\"column\">\n\t\t\t<div class=\"elementor-widget-wrap elementor-element-populated\">\n\t\t\t\t\t\t<div class=\"elementor-element elementor-element-1ab2b3e animated-slow elementor-invisible elementor-widget elementor-widget-image\" data-id=\"1ab2b3e\" data-element_type=\"widget\" data-e-type=\"widget\" data-settings=\"{&quot;_animation&quot;:&quot;fadeIn&quot;,&quot;_animation_delay&quot;:2000}\" data-widget_type=\"image.default\">\n\t\t\t\t<div class=\"elementor-widget-container\">\n\t\t\t\t\t\t\t\t\t\t\t\t\t\t\t<img fetchpriority=\"high\" decoding=\"async\" width=\"300\" height=\"169\" src=\"https:\/\/langasjonas.com\/wp-content\/uploads\/2022\/09\/Langasjonas_Logo_White_line02-300x169.png\" class=\"attachment-medium size-medium wp-image-2237\" alt=\"\" srcset=\"https:\/\/langasjonas.com\/wp-content\/uploads\/2022\/09\/Langasjonas_Logo_White_line02-300x169.png 300w, https:\/\/langasjonas.com\/wp-content\/uploads\/2022\/09\/Langasjonas_Logo_White_line02-768x432.png 768w, https:\/\/langasjonas.com\/wp-content\/uploads\/2022\/09\/Langasjonas_Logo_White_line02.png 1000w\" sizes=\"(max-width: 300px) 100vw, 300px\" title=\"\">\t\t\t\t\t\t\t\t\t\t\t\t\t\t\t<\/div>\n\t\t\t\t<\/div>\n\t\t\t\t\t<\/div>\n\t\t<\/div>\n\t\t\t\t\t<\/div>\n\t\t<\/section>\n\t\t\t\t<section class=\"elementor-section elementor-top-section elementor-element elementor-element-7519960 ct-section-stretched elementor-section-full_width elementor-section-height-default elementor-section-height-default\" data-id=\"7519960\" data-element_type=\"section\" data-e-type=\"section\" data-settings=\"{&quot;jet_parallax_layout_list&quot;:[]}\">\n\t\t\t\t\t\t<div class=\"elementor-container elementor-column-gap-default\">\n\t\t\t\t\t<div class=\"elementor-column elementor-col-100 elementor-top-column elementor-element elementor-element-f30fe53\" data-id=\"f30fe53\" data-element_type=\"column\" data-e-type=\"column\">\n\t\t\t<div class=\"elementor-widget-wrap elementor-element-populated\">\n\t\t\t\t\t\t<div class=\"elementor-element elementor-element-0163267 elementor-widget elementor-widget-text-editor\" data-id=\"0163267\" data-element_type=\"widget\" data-e-type=\"widget\" data-widget_type=\"text-editor.default\">\n\t\t\t\t<div class=\"elementor-widget-container\">\n\t\t\t\t\t\t\t\t\t<h1 style=\"text-align: left;\">THE LAKE PROJECT<\/h1>\n\t\t\t\t\t\t\t\t<\/div>\n\t\t\t\t<\/div>\n\t\t\t\t<div class=\"elementor-element elementor-element-ccdb2ca elementor-widget elementor-widget-heading\" data-id=\"ccdb2ca\" data-element_type=\"widget\" data-e-type=\"widget\" data-widget_type=\"heading.default\">\n\t\t\t\t<div class=\"elementor-widget-container\">\n\t\t\t\t\t<h2 class=\"elementor-heading-title elementor-size-default\">Warum haben wir unsere Ferienh\u00e4user verkauft?<\/h2>\t\t\t\t<\/div>\n\t\t\t\t<\/div>\n\t\t\t\t<div class=\"elementor-element elementor-element-05998fe elementor-hidden-desktop elementor-hidden-tablet elementor-hidden-mobile elementor-widget elementor-widget-text-editor\" data-id=\"05998fe\" data-element_type=\"widget\" data-e-type=\"widget\" data-widget_type=\"text-editor.default\">\n\t\t\t\t<div class=\"elementor-widget-container\">\n\t\t\t\t\t\t\t\t\t<h3>Die Antwort auf die Frage, warum wir unsere Ferienh\u00e4user verkaufen, ist ganz einfach, weil wir unsere 50 Ferienh\u00e4user renovieren m\u00f6chten. Dies ist notwendig, weil die meisten unserer Ferienh\u00e4user veraltet sind und nicht mehr den Anforderungen entsprechen, die viele Menschen an ihre Ferienunterkunft stellen, wenn sie einen Urlaub buchen. Aber da die Renovierung all dieser Ferienh\u00e4user etwa 40-45 Millionen SEK (und m\u00f6glicherweise sogar noch mehr) kosten w\u00fcrde und ein kleines Familienunternehmen wie das unsere solche Investitionen nicht allein t\u00e4tigen kann, kam stattdessen die Idee auf, unsere Ferienh\u00e4user zu verkaufen.<\/h3>\n<h3>Der Verkauf unserer Ferienh\u00e4user verschafft uns ein zus\u00e4tzliches Einkommen, mit dem wir die Ferienh\u00e4user, die nicht verkauft werden, renovieren k\u00f6nnen. Die zum Verkauf stehenden Ferienh\u00e4user werden von den Eigent\u00fcmern selbst renoviert. Obwohl eine Renovierung keine Verpflichtung f\u00fcr einen K\u00e4ufer ist, hoffen wir, dass jeder Eigent\u00fcmer sein Ferienhaus renovieren m\u00f6chte, da eine Renovierung sein pers\u00f6nliches Urlaubserlebnis mit dem zus\u00e4tzlichen Komfort einer Renovierung verbessert. Andererseits wird die Renovierung mehr Mieteinnahmen bringen, da die meisten unserer G\u00e4ste lieber ein Ferienhaus mit mehr Komfort buchen und gerne bereit sind, daf\u00fcr extra zu zahlen.<\/h3>\n<h3>Die Kombination aus einem h\u00f6heren Mietpreis pro Woche + mehr Mietwochen pro Jahr sorgt f\u00fcr deutlich h\u00f6here Mieteinnahmen f\u00fcr jeden Eigent\u00fcmer, so dass die Kosten f\u00fcr die Renovierung schnell wieder hereingeholt werden. Und um die Renovierung noch mehr zu f\u00f6rdern, \u00e4ndern wir auch die Verteilung der Mieteinnahmen von 50-50% auf 60-40%, wobei 60% nat\u00fcrlich dem Eigent\u00fcmer zustehen. Beim Neubau eines kompletten Ferienhauses erhalten Sie sogar 65 % der Mieteinnahmen!<\/h3>\n<h3>Aber der Kauf eines Ferienhauses in L\u00e5ngasj\u00f6n\u00e4s bietet Ihnen als K\u00e4ufer noch viele weitere Vorteile, \u00fcber die wir Ihnen auf dieser Website gerne mehr erz\u00e4hlen. Wir betrachten das Lake Project als ein Konzept, von dem alle Seiten profitieren. Zweitens bieten wir Ihnen als K\u00e4ufer die M\u00f6glichkeit, Ihr eigenes Ferienhaus zu einem sehr attraktiven Preis und mit verschiedenen finanziell attraktiven Konditionen zu erwerben. F\u00fcr uns als LCS werden wir mehr renovierte Ferienh\u00e4user vermieten k\u00f6nnen, was zu mehr Buchungen und h\u00f6heren Mieteinnahmen f\u00fchrt.<\/h3>\n\t\t\t\t\t\t\t\t<\/div>\n\t\t\t\t<\/div>\n\t\t\t\t<div class=\"elementor-element elementor-element-67ccd59 elementor-widget elementor-widget-text-editor\" data-id=\"67ccd59\" data-element_type=\"widget\" data-e-type=\"widget\" data-widget_type=\"text-editor.default\">\n\t\t\t\t<div class=\"elementor-widget-container\">\n\t\t\t\t\t\t\t\t\t<h3>Die Antwort auf die Frage, warum wir unsere Ferienh\u00e4user verkauft haben, ist ganz einfach, dass wir unsere 50 Ferienh\u00e4user renovieren wollen. Das ist notwendig, weil die meisten unserer Ferienh\u00e4user veraltet sind und nicht mehr den Anforderungen entsprechen, die viele Menschen bei der Buchung einer Ferienunterkunft haben. Da aber die Renovierung all dieser H\u00e4user etwa 40-45 Millionen SEK (und vielleicht sogar noch mehr) kosten w\u00fcrde und ein kleines Unternehmen wie unseres solche Investitionen nicht allein t\u00e4tigen kann, wurde stattdessen die Idee geboren, unsere Ferienh\u00e4user zu verkaufen.  <\/h3>\n<h3>Die verkauften Ferienh\u00e4user werden von den Eigent\u00fcmern selbst renoviert. Wir werden die Ferienh\u00e4user verwalten und vermieten. <\/h3>\n<h3>Und um die Renovierung noch mehr zu f\u00f6rdern, \u00e4ndern wir auch die Verteilung der Mieteinnahmen von 50-50% auf 60-40%, wobei 60% nat\u00fcrlich an den Eigent\u00fcmer gehen. Wenn Sie ein ganz neues Ferienhaus bauen, erhalten Sie sogar 65 % der Mieteinnahmen!<br data-mce-bogus=\"1\"> <\/h3>\n\t\t\t\t\t\t\t\t<\/div>\n\t\t\t\t<\/div>\n\t\t\t\t\t<\/div>\n\t\t<\/div>\n\t\t\t\t\t<\/div>\n\t\t<\/section>\n\t\t\t\t<\/div>\n\t\t","protected":false},"excerpt":{"rendered":"<p>THE LAKE PROJECT Warum haben wir unsere Ferienh\u00e4user verkauft? Die Antwort auf die Frage, warum wir unsere Ferienh\u00e4user verkaufen, ist ganz einfach, weil wir unsere 50 Ferienh\u00e4user renovieren m\u00f6chten. Dies ist notwendig, weil die meisten unserer Ferienh\u00e4user veraltet sind und nicht mehr den Anforderungen entsprechen, die viele Menschen an ihre Ferienunterkunft stellen, wenn sie einen [&hellip;]<\/p>\n","protected":false},"author":2,"featured_media":0,"parent":0,"menu_order":0,"comment_status":"closed","ping_status":"closed","template":"","meta":{"footnotes":""},"folder":[55],"class_list":["post-36955","page","type-page","status-publish","hentry"],"blocksy_meta":{"styles_descriptor":{"styles":{"desktop":"","tablet":"","mobile":""},"google_fonts":[],"version":6}},"_links":{"self":[{"href":"https:\/\/langasjonas.com\/de\/wp-json\/wp\/v2\/pages\/36955","targetHints":{"allow":["GET"]}}],"collection":[{"href":"https:\/\/langasjonas.com\/de\/wp-json\/wp\/v2\/pages"}],"about":[{"href":"https:\/\/langasjonas.com\/de\/wp-json\/wp\/v2\/types\/page"}],"author":[{"embeddable":true,"href":"https:\/\/langasjonas.com\/de\/wp-json\/wp\/v2\/users\/2"}],"replies":[{"embeddable":true,"href":"https:\/\/langasjonas.com\/de\/wp-json\/wp\/v2\/comments?post=36955"}],"version-history":[{"count":8,"href":"https:\/\/langasjonas.com\/de\/wp-json\/wp\/v2\/pages\/36955\/revisions"}],"predecessor-version":[{"id":46864,"href":"https:\/\/langasjonas.com\/de\/wp-json\/wp\/v2\/pages\/36955\/revisions\/46864"}],"wp:attachment":[{"href":"https:\/\/langasjonas.com\/de\/wp-json\/wp\/v2\/media?parent=36955"}],"wp:term":[{"taxonomy":"folder","embeddable":true,"href":"https:\/\/langasjonas.com\/de\/wp-json\/wp\/v2\/folder?post=36955"}],"curies":[{"name":"wp","href":"https:\/\/api.w.org\/{rel}","templated":true}]}}