{"id":5210,"date":"2022-03-15T08:50:00","date_gmt":"2022-03-15T07:50:00","guid":{"rendered":"https:\/\/pynkq.beeweb-blue.io\/oplysninger\/"},"modified":"2023-04-23T16:04:54","modified_gmt":"2023-04-23T14:04:54","slug":"oplysninger","status":"publish","type":"page","link":"https:\/\/langasjonas.com\/da\/oplysninger\/","title":{"rendered":"INFORMATION"},"content":{"rendered":"\t\t<div data-elementor-type=\"wp-page\" data-elementor-id=\"5210\" class=\"elementor elementor-5210 elementor-3698\" data-elementor-post-type=\"page\">\n\t\t\t\t\t\t<section class=\"elementor-section elementor-top-section elementor-element elementor-element-61110a45 ct-section-stretched elementor-section-full_width elementor-section-height-min-height elementor-section-content-middle elementor-section-height-default elementor-section-items-middle\" data-id=\"61110a45\" data-element_type=\"section\" data-e-type=\"section\" data-settings=\"{&quot;jet_parallax_layout_list&quot;:[{&quot;jet_parallax_layout_image&quot;:{&quot;url&quot;:&quot;&quot;,&quot;id&quot;:&quot;&quot;,&quot;size&quot;:&quot;&quot;},&quot;_id&quot;:&quot;ead59d7&quot;,&quot;jet_parallax_layout_image_tablet&quot;:{&quot;url&quot;:&quot;&quot;,&quot;id&quot;:&quot;&quot;,&quot;size&quot;:&quot;&quot;},&quot;jet_parallax_layout_image_mobile&quot;:{&quot;url&quot;:&quot;&quot;,&quot;id&quot;:&quot;&quot;,&quot;size&quot;:&quot;&quot;},&quot;jet_parallax_layout_speed&quot;:{&quot;unit&quot;:&quot;%&quot;,&quot;size&quot;:50,&quot;sizes&quot;:[]},&quot;jet_parallax_layout_type&quot;:&quot;scroll&quot;,&quot;jet_parallax_layout_direction&quot;:null,&quot;jet_parallax_layout_fx_direction&quot;:null,&quot;jet_parallax_layout_z_index&quot;:&quot;&quot;,&quot;jet_parallax_layout_bg_x&quot;:50,&quot;jet_parallax_layout_bg_x_tablet&quot;:&quot;&quot;,&quot;jet_parallax_layout_bg_x_mobile&quot;:&quot;&quot;,&quot;jet_parallax_layout_bg_y&quot;:50,&quot;jet_parallax_layout_bg_y_tablet&quot;:&quot;&quot;,&quot;jet_parallax_layout_bg_y_mobile&quot;:&quot;&quot;,&quot;jet_parallax_layout_bg_size&quot;:&quot;auto&quot;,&quot;jet_parallax_layout_bg_size_tablet&quot;:&quot;&quot;,&quot;jet_parallax_layout_bg_size_mobile&quot;:&quot;&quot;,&quot;jet_parallax_layout_animation_prop&quot;:&quot;transform&quot;,&quot;jet_parallax_layout_on&quot;:[&quot;desktop&quot;,&quot;tablet&quot;]}],&quot;background_background&quot;:&quot;slideshow&quot;,&quot;background_slideshow_gallery&quot;:[{&quot;id&quot;:17571,&quot;url&quot;:&quot;https:\\\/\\\/langasjonas.com\\\/wp-content\\\/uploads\\\/2023\\\/01\\\/reception-reno-01.jpg&quot;},{&quot;id&quot;:17583,&quot;url&quot;:&quot;https:\\\/\\\/langasjonas.com\\\/wp-content\\\/uploads\\\/2023\\\/01\\\/reception-reno-02.jpg&quot;},{&quot;id&quot;:17598,&quot;url&quot;:&quot;https:\\\/\\\/langasjonas.com\\\/wp-content\\\/uploads\\\/2023\\\/01\\\/reception-reno-04.jpg&quot;}],&quot;shape_divider_bottom&quot;:&quot;mountains&quot;,&quot;background_slideshow_transition_duration&quot;:2000,&quot;background_slideshow_ken_burns&quot;:&quot;yes&quot;,&quot;background_slideshow_loop&quot;:&quot;yes&quot;,&quot;background_slideshow_slide_duration&quot;:5000,&quot;background_slideshow_slide_transition&quot;:&quot;fade&quot;,&quot;background_slideshow_ken_burns_zoom_direction&quot;:&quot;in&quot;}\">\n\t\t\t\t\t\t\t<div class=\"elementor-background-overlay\"><\/div>\n\t\t\t\t\t\t<div class=\"elementor-shape elementor-shape-bottom\" aria-hidden=\"true\" data-negative=\"false\">\n\t\t\t<svg xmlns=\"http:\/\/www.w3.org\/2000\/svg\" viewBox=\"0 0 1000 100\" preserveAspectRatio=\"none\">\n\t<path class=\"elementor-shape-fill\" opacity=\"0.33\" d=\"M473,67.3c-203.9,88.3-263.1-34-320.3,0C66,119.1,0,59.7,0,59.7V0h1000v59.7 c0,0-62.1,26.1-94.9,29.3c-32.8,3.3-62.8-12.3-75.8-22.1C806,49.6,745.3,8.7,694.9,4.7S492.4,59,473,67.3z\"\/>\n\t<path class=\"elementor-shape-fill\" opacity=\"0.66\" d=\"M734,67.3c-45.5,0-77.2-23.2-129.1-39.1c-28.6-8.7-150.3-10.1-254,39.1 s-91.7-34.4-149.2,0C115.7,118.3,0,39.8,0,39.8V0h1000v36.5c0,0-28.2-18.5-92.1-18.5C810.2,18.1,775.7,67.3,734,67.3z\"\/>\n\t<path class=\"elementor-shape-fill\" d=\"M766.1,28.9c-200-57.5-266,65.5-395.1,19.5C242,1.8,242,5.4,184.8,20.6C128,35.8,132.3,44.9,89.9,52.5C28.6,63.7,0,0,0,0 h1000c0,0-9.9,40.9-83.6,48.1S829.6,47,766.1,28.9z\"\/>\n<\/svg>\t\t<\/div>\n\t\t\t\t\t<div class=\"elementor-container elementor-column-gap-default\">\n\t\t\t\t\t<div class=\"elementor-column elementor-col-100 elementor-top-column elementor-element elementor-element-59260a99\" data-id=\"59260a99\" data-element_type=\"column\" data-e-type=\"column\">\n\t\t\t<div class=\"elementor-widget-wrap elementor-element-populated\">\n\t\t\t\t\t\t<div class=\"elementor-element elementor-element-3d76e39 animated-slow elementor-invisible elementor-widget elementor-widget-image\" data-id=\"3d76e39\" data-element_type=\"widget\" data-e-type=\"widget\" data-settings=\"{&quot;_animation&quot;:&quot;fadeIn&quot;,&quot;_animation_delay&quot;:2000}\" data-widget_type=\"image.default\">\n\t\t\t\t<div class=\"elementor-widget-container\">\n\t\t\t\t\t\t\t\t\t\t\t\t\t\t\t<img fetchpriority=\"high\" decoding=\"async\" width=\"300\" height=\"169\" src=\"https:\/\/langasjonas.com\/wp-content\/uploads\/2022\/09\/Langasjonas_Logo_White_line02-300x169.png\" class=\"attachment-medium size-medium wp-image-3330\" alt=\"\" srcset=\"https:\/\/langasjonas.com\/wp-content\/uploads\/2022\/09\/Langasjonas_Logo_White_line02-300x169.png 300w, https:\/\/langasjonas.com\/wp-content\/uploads\/2022\/09\/Langasjonas_Logo_White_line02-768x432.png 768w, https:\/\/langasjonas.com\/wp-content\/uploads\/2022\/09\/Langasjonas_Logo_White_line02.png 1000w\" sizes=\"(max-width: 300px) 100vw, 300px\" title=\"\">\t\t\t\t\t\t\t\t\t\t\t\t\t\t\t<\/div>\n\t\t\t\t<\/div>\n\t\t\t\t\t<\/div>\n\t\t<\/div>\n\t\t\t\t\t<\/div>\n\t\t<\/section>\n\t\t\t\t<section class=\"elementor-section elementor-top-section elementor-element elementor-element-7519960 ct-section-stretched elementor-section-boxed elementor-section-height-default elementor-section-height-default\" data-id=\"7519960\" data-element_type=\"section\" data-e-type=\"section\" data-settings=\"{&quot;jet_parallax_layout_list&quot;:[]}\">\n\t\t\t\t\t\t<div class=\"elementor-container elementor-column-gap-default\">\n\t\t\t\t\t<div class=\"elementor-column elementor-col-50 elementor-top-column elementor-element elementor-element-f30fe53\" data-id=\"f30fe53\" data-element_type=\"column\" data-e-type=\"column\">\n\t\t\t<div class=\"elementor-widget-wrap elementor-element-populated\">\n\t\t\t\t\t\t<div class=\"elementor-element elementor-element-98335de elementor-widget elementor-widget-text-editor\" data-id=\"98335de\" data-element_type=\"widget\" data-e-type=\"widget\" data-widget_type=\"text-editor.default\">\n\t\t\t\t<div class=\"elementor-widget-container\">\n\t\t\t\t\t\t\t\t\t<h2 style=\"text-align: left;\">Receptionen \u00e5bner nyrenoveret s\u00e6son 2023 <\/h2>\n\t\t\t\t\t\t\t\t<\/div>\n\t\t\t\t<\/div>\n\t\t\t\t<div class=\"elementor-element elementor-element-25dc7b2 elementor-widget elementor-widget-jet-tabs\" data-id=\"25dc7b2\" data-element_type=\"widget\" data-e-type=\"widget\" data-settings=\"{&quot;tabs_position_mobile&quot;:&quot;top&quot;,&quot;tabs_position&quot;:&quot;top&quot;,&quot;no_active_tabs&quot;:&quot;false&quot;}\" data-widget_type=\"jet-tabs.default\">\n\t\t\t\t<div class=\"elementor-widget-container\">\n\t\t\t\t\t\n\t\t<div class=\"jet-tabs jet-tabs-position-top jet-tabs-move-up-effect \" data-settings=\"{&quot;activeIndex&quot;:0,&quot;event&quot;:&quot;click&quot;,&quot;autoSwitch&quot;:false,&quot;autoSwitchDelay&quot;:3000,&quot;ajaxTemplate&quot;:false,&quot;tabsPosition&quot;:&quot;top&quot;,&quot;switchScrolling&quot;:false,&quot;switchScrollingOffset&quot;:0}\">\n\t\t\t<div class=\"jet-tabs__control-wrapper \" role=\"tablist\">\n                                    <div id=\"jet-tabs-control-3971\" class=\"jet-tabs__control jet-tabs__control-icon-left elementor-menu-anchor active-tab \" data-tab=\"1\" tabindex=\"0\" role=\"tab\" aria-controls=\"jet-tabs-content-3971\" aria-expanded=\"true\" data-template-id=\"false\"><div class=\"jet-tabs__control-inner\"><div class=\"jet-tabs__label-icon jet-tabs-icon\"><i class=\"fas fa-arrow-circle-right\"><\/i><\/div><div class=\"jet-tabs__label-text\">\u00c5bningstider<\/div><\/div><\/div><div id=\"jet-tabs-control-3972\" class=\"jet-tabs__control jet-tabs__control-icon-left elementor-menu-anchor  \" data-tab=\"2\" tabindex=\"0\" role=\"tab\" aria-controls=\"jet-tabs-content-3972\" aria-expanded=\"false\" data-template-id=\"false\"><div class=\"jet-tabs__control-inner\"><div class=\"jet-tabs__label-icon jet-tabs-icon\"><i class=\"fas fa-arrow-circle-right\"><\/i><\/div><div class=\"jet-tabs__label-text\">Reception og kiosk<\/div><\/div><\/div><div id=\"jet-tabs-control-3973\" class=\"jet-tabs__control jet-tabs__control-icon-left elementor-menu-anchor  \" data-tab=\"3\" tabindex=\"0\" role=\"tab\" aria-controls=\"jet-tabs-content-3973\" aria-expanded=\"false\" data-template-id=\"false\"><div class=\"jet-tabs__control-inner\"><div class=\"jet-tabs__label-icon jet-tabs-icon\"><i class=\"fas fa-arrow-circle-right\"><\/i><\/div><div class=\"jet-tabs__label-text\">Caf\u00e9 &amp; Glas<\/div><\/div><\/div><div id=\"jet-tabs-control-3974\" class=\"jet-tabs__control jet-tabs__control-icon-left elementor-menu-anchor  \" data-tab=\"4\" tabindex=\"0\" role=\"tab\" aria-controls=\"jet-tabs-content-3974\" aria-expanded=\"false\" data-template-id=\"false\"><div class=\"jet-tabs__control-inner\"><div class=\"jet-tabs__label-icon jet-tabs-icon\"><i class=\"fas fa-arrow-circle-right\"><\/i><\/div><div class=\"jet-tabs__label-text\">Turistinformation <\/div><\/div><\/div><div id=\"jet-tabs-control-3975\" class=\"jet-tabs__control jet-tabs__control-icon-left elementor-menu-anchor  \" data-tab=\"5\" tabindex=\"0\" role=\"tab\" aria-controls=\"jet-tabs-content-3975\" aria-expanded=\"false\" data-template-id=\"false\"><div class=\"jet-tabs__control-inner\"><div class=\"jet-tabs__label-icon jet-tabs-icon\"><i class=\"fas fa-arrow-circle-right\"><\/i><\/div><div class=\"jet-tabs__label-text\">Partners<\/div><\/div><\/div>\n                    \t\t\t    <\/div>\n\t\t\t<div class=\"jet-tabs__content-wrapper\">\n\t\t\t\t<div id=\"jet-tabs-content-3971\" class=\"jet-tabs__content active-content\" data-tab=\"1\" role=\"tabpanel\" aria-hidden=\"false\" data-template-id=\"false\"><p>Campingpladsen og feriebyen er \u00e5bne hele \u00e5ret rundt. <\/p>\n<p><a href=\"https:\/\/langasjonas.com\/wp-content\/uploads\/2023\/03\/officehours.jpg\"><img decoding=\"async\" class=\"alignnone wp-image-20860 size-full\" src=\"https:\/\/langasjonas.com\/wp-content\/uploads\/2023\/03\/officehours.jpg\" alt=\"\" width=\"1083\" height=\"735\" title=\"\" srcset=\"https:\/\/langasjonas.com\/wp-content\/uploads\/2023\/03\/officehours.jpg 1083w, https:\/\/langasjonas.com\/wp-content\/uploads\/2023\/03\/officehours-300x204.jpg 300w, https:\/\/langasjonas.com\/wp-content\/uploads\/2023\/03\/officehours-1024x695.jpg 1024w, https:\/\/langasjonas.com\/wp-content\/uploads\/2023\/03\/officehours-768x521.jpg 768w\" sizes=\"(max-width: 1083px) 100vw, 1083px\" \/><\/a><\/p>\n<\/div><div id=\"jet-tabs-content-3972\" class=\"jet-tabs__content \" data-tab=\"2\" role=\"tabpanel\" aria-hidden=\"true\" data-template-id=\"false\"><h3>Receptionen er det centrale punkt p\u00e5 feriestedet, hvor n\u00e6sten alting foreg\u00e5r. Her tjekker du ikke kun ind og ud, men receptionen er ogs\u00e5 resortets centrale punkt, n\u00e5r du har sp\u00f8rgsm\u00e5l, n\u00e5r du har brug for information, n\u00e5r du vil g\u00f8re noget, og selv n\u00e5r du har brug for et plaster&#8230;.<\/h3>\n<h3>I receptionen kan du bl.a.:<br \/>\u221a tjekke ind \/ tjekke ud<br \/>\u221a leje en b\u00e5d, kano, kajak, paddleboard, cykel osv.<br \/>\u221a k\u00f8be en fiskelicens<br \/>\u221a spille minigolf<br \/>\u221ak\u00f8be et frim\u00e6rke<br \/>\u221a finde turistinformation (brochurer)<br \/>\u221a se lokalt produceret kunst af forskellige kunstnere (som ogs\u00e5 kan k\u00f8bes)<br \/>\u221a og meget mere&#8230;.<\/h3>\n<h3>KIOSK<br \/>Vores kiosk er ogs\u00e5 placeret i receptionsbygningen. Her kan du k\u00f8be f\u00f8lgende:<br \/>\u221a F\u00f8devarer og mejeriprodukter (begr\u00e6nset udvalg)<br \/>\u221a chips, slik, drikkevarer, glas osv.<br \/>\u221a souvenirs<br \/>\u221a leget\u00f8j<br \/>\u221a p\u00e5<br \/>\u221a fiskegrej<br \/>\u221a Postkort<br \/>\u221a hundeartikler<br \/>\u221a Grilltilbeh\u00f8r<br \/>\u221a Kaffe med tilbeh\u00f8r<br \/>\u221a bestiller morgenbr\u00f8d og nogle kager<\/h3>\n<\/div><div id=\"jet-tabs-content-3973\" class=\"jet-tabs__content \" data-tab=\"3\" role=\"tabpanel\" aria-hidden=\"true\" data-template-id=\"false\"><p>CAF\u00c9 &amp; GLAS<br \/>Vores hyggelige caf\u00e9 er idyllisk beliggende og har en vidunderlig udsigt over L\u00e5ngasj\u00f6n. Du kan sidde indend\u00f8rs eller udend\u00f8rs p\u00e5 vores hyggelige terrasse eller i haven. Her kan du nyde en god kop kaffe med noget l\u00e6kkert til. I vores caf\u00e9 tilbyder vi vores kunder kaffe og kager og andre l\u00e6kkerier. I vores isbar kan iselskere v\u00e6lge mellem forskellige typer is.<\/p>\n<\/div><div id=\"jet-tabs-content-3974\" class=\"jet-tabs__content \" data-tab=\"4\" role=\"tabpanel\" aria-hidden=\"true\" data-template-id=\"false\"><p>Der vil snart komme flere oplysninger.  <\/p>\n<\/div><div id=\"jet-tabs-content-3975\" class=\"jet-tabs__content \" data-tab=\"5\" role=\"tabpanel\" aria-hidden=\"true\" data-template-id=\"false\"><p>Flere oplysninger kommer snart.  <\/p>\n<\/div>\t\t\t<\/div>\n\t\t<\/div>\n\t\t\t\t\t\t<\/div>\n\t\t\t\t<\/div>\n\t\t\t\t\t<\/div>\n\t\t<\/div>\n\t\t\t\t<div class=\"elementor-column elementor-col-50 elementor-top-column elementor-element elementor-element-f4cef22\" data-id=\"f4cef22\" data-element_type=\"column\" data-e-type=\"column\">\n\t\t\t<div class=\"elementor-widget-wrap elementor-element-populated\">\n\t\t\t\t\t\t<div class=\"elementor-element elementor-element-5223cac elementor-align-center elementor-mobile-align-left elementor-widget elementor-widget-button\" data-id=\"5223cac\" data-element_type=\"widget\" data-e-type=\"widget\" data-widget_type=\"button.default\">\n\t\t\t\t<div class=\"elementor-widget-container\">\n\t\t\t\t\t\t\t\t\t<div class=\"elementor-button-wrapper\">\n\t\t\t\t\t<a class=\"elementor-button elementor-button-link elementor-size-lg\" href=\"https:\/\/langasjonas.com\/jobba-hos-oss\/\">\n\t\t\t\t\t\t<span class=\"elementor-button-content-wrapper\">\n\t\t\t\t\t\t\t\t\t<span class=\"elementor-button-text\">JOB HOS OS<\/span>\n\t\t\t\t\t<\/span>\n\t\t\t\t\t<\/a>\n\t\t\t\t<\/div>\n\t\t\t\t\t\t\t\t<\/div>\n\t\t\t\t<\/div>\n\t\t\t\t<div class=\"elementor-element elementor-element-deee2e4 elementor-widget-divider--view-line_icon elementor-view-default elementor-widget-divider--element-align-center elementor-widget elementor-widget-divider\" data-id=\"deee2e4\" data-element_type=\"widget\" data-e-type=\"widget\" data-widget_type=\"divider.default\">\n\t\t\t\t<div class=\"elementor-widget-container\">\n\t\t\t\t\t\t\t<div class=\"elementor-divider\">\n\t\t\t<span class=\"elementor-divider-separator\">\n\t\t\t\t\t\t\t<div class=\"elementor-icon elementor-divider__element\">\n\t\t\t\t\t<i aria-hidden=\"true\" class=\"fas fa-angle-up\"><\/i><\/div>\n\t\t\t\t\t\t<\/span>\n\t\t<\/div>\n\t\t\t\t\t\t<\/div>\n\t\t\t\t<\/div>\n\t\t\t\t<div class=\"elementor-element elementor-element-d85145d elementor-widget elementor-widget-heading\" data-id=\"d85145d\" data-element_type=\"widget\" data-e-type=\"widget\" data-widget_type=\"heading.default\">\n\t\t\t\t<div class=\"elementor-widget-container\">\n\t\t\t\t\t<h5 class=\"elementor-heading-title elementor-size-default\">Kort over campingpladser<\/h5>\t\t\t\t<\/div>\n\t\t\t\t<\/div>\n\t\t\t\t<div class=\"elementor-element elementor-element-d5a3a71 elementor-widget elementor-widget-image\" data-id=\"d5a3a71\" data-element_type=\"widget\" data-e-type=\"widget\" data-widget_type=\"image.default\">\n\t\t\t\t<div class=\"elementor-widget-container\">\n\t\t\t\t\t\t\t\t\t\t\t\t\t\t\t\t<a href=\"\/wp-content\/uploads\/2022\/09\/karta_langasjonas_2021.pdf\" target=\"_blank\">\n\t\t\t\t\t\t\t<img decoding=\"async\" width=\"583\" height=\"519\" src=\"https:\/\/langasjonas.com\/wp-content\/uploads\/2022\/09\/campingkarta-small.jpg\" class=\"attachment-full size-full wp-image-3346\" alt=\"\" srcset=\"https:\/\/langasjonas.com\/wp-content\/uploads\/2022\/09\/campingkarta-small.jpg 583w, https:\/\/langasjonas.com\/wp-content\/uploads\/2022\/09\/campingkarta-small-300x267.jpg 300w\" sizes=\"(max-width: 583px) 100vw, 583px\" title=\"\">\t\t\t\t\t\t\t\t<\/a>\n\t\t\t\t\t\t\t\t\t\t\t\t\t\t\t<\/div>\n\t\t\t\t<\/div>\n\t\t\t\t<div class=\"elementor-element elementor-element-25bc58b elementor-widget-divider--view-line_icon elementor-view-default elementor-widget-divider--element-align-center elementor-widget elementor-widget-divider\" data-id=\"25bc58b\" data-element_type=\"widget\" data-e-type=\"widget\" data-widget_type=\"divider.default\">\n\t\t\t\t<div class=\"elementor-widget-container\">\n\t\t\t\t\t\t\t<div class=\"elementor-divider\">\n\t\t\t<span class=\"elementor-divider-separator\">\n\t\t\t\t\t\t\t<div class=\"elementor-icon elementor-divider__element\">\n\t\t\t\t\t<i aria-hidden=\"true\" class=\"fas fa-angle-up\"><\/i><\/div>\n\t\t\t\t\t\t<\/span>\n\t\t<\/div>\n\t\t\t\t\t\t<\/div>\n\t\t\t\t<\/div>\n\t\t\t\t<div class=\"elementor-element elementor-element-bc80401 elementor-widget elementor-widget-heading\" data-id=\"bc80401\" data-element_type=\"widget\" data-e-type=\"widget\" data-widget_type=\"heading.default\">\n\t\t\t\t<div class=\"elementor-widget-container\">\n\t\t\t\t\t<h5 class=\"elementor-heading-title elementor-size-default\">Camping brochure<\/h5>\t\t\t\t<\/div>\n\t\t\t\t<\/div>\n\t\t\t\t<div class=\"elementor-element elementor-element-25daeb4 elementor-align-center elementor-widget elementor-widget-button\" data-id=\"25daeb4\" data-element_type=\"widget\" data-e-type=\"widget\" data-widget_type=\"button.default\">\n\t\t\t\t<div class=\"elementor-widget-container\">\n\t\t\t\t\t\t\t\t\t<div class=\"elementor-button-wrapper\">\n\t\t\t\t\t<a class=\"elementor-button elementor-button-link elementor-size-sm\" href=\"https:\/\/langasjonas.com\/wp-content\/uploads\/2023\/04\/Broschyr2023.pdf\" target=\"_blank\">\n\t\t\t\t\t\t<span class=\"elementor-button-content-wrapper\">\n\t\t\t\t\t\t\t\t\t<span class=\"elementor-button-text\">DOWNLOAD BROCHURE<\/span>\n\t\t\t\t\t<\/span>\n\t\t\t\t\t<\/a>\n\t\t\t\t<\/div>\n\t\t\t\t\t\t\t\t<\/div>\n\t\t\t\t<\/div>\n\t\t\t\t\t<\/div>\n\t\t<\/div>\n\t\t\t\t\t<\/div>\n\t\t<\/section>\n\t\t\t\t<\/div>\n\t\t","protected":false},"excerpt":{"rendered":"<p>Receptionen \u00e5bner nyrenoveret s\u00e6son 2023 \u00c5bningstiderReception og kioskCaf\u00e9 &amp; GlasTuristinformation Partners Campingpladsen og feriebyen er \u00e5bne hele \u00e5ret rundt. Receptionen er det centrale punkt p\u00e5 feriestedet, hvor n\u00e6sten alting foreg\u00e5r. Her tjekker du ikke kun ind og ud, men receptionen er ogs\u00e5 resortets centrale punkt, n\u00e5r du har sp\u00f8rgsm\u00e5l, n\u00e5r du har brug for information, [&hellip;]<\/p>\n","protected":false},"author":6,"featured_media":0,"parent":0,"menu_order":0,"comment_status":"closed","ping_status":"closed","template":"","meta":{"footnotes":""},"folder":[],"class_list":["post-5210","page","type-page","status-publish","hentry"],"blocksy_meta":{"styles_descriptor":{"styles":{"desktop":"","tablet":"","mobile":""},"google_fonts":[],"version":6}},"_links":{"self":[{"href":"https:\/\/langasjonas.com\/da\/wp-json\/wp\/v2\/pages\/5210","targetHints":{"allow":["GET"]}}],"collection":[{"href":"https:\/\/langasjonas.com\/da\/wp-json\/wp\/v2\/pages"}],"about":[{"href":"https:\/\/langasjonas.com\/da\/wp-json\/wp\/v2\/types\/page"}],"author":[{"embeddable":true,"href":"https:\/\/langasjonas.com\/da\/wp-json\/wp\/v2\/users\/6"}],"replies":[{"embeddable":true,"href":"https:\/\/langasjonas.com\/da\/wp-json\/wp\/v2\/comments?post=5210"}],"version-history":[{"count":5,"href":"https:\/\/langasjonas.com\/da\/wp-json\/wp\/v2\/pages\/5210\/revisions"}],"predecessor-version":[{"id":21412,"href":"https:\/\/langasjonas.com\/da\/wp-json\/wp\/v2\/pages\/5210\/revisions\/21412"}],"wp:attachment":[{"href":"https:\/\/langasjonas.com\/da\/wp-json\/wp\/v2\/media?parent=5210"}],"wp:term":[{"taxonomy":"folder","embeddable":true,"href":"https:\/\/langasjonas.com\/da\/wp-json\/wp\/v2\/folder?post=5210"}],"curies":[{"name":"wp","href":"https:\/\/api.w.org\/{rel}","templated":true}]}}