{"id":38110,"date":"2024-01-16T18:45:42","date_gmt":"2024-01-16T17:45:42","guid":{"rendered":"https:\/\/langasjonas.com\/?page_id=38110"},"modified":"2025-04-15T19:12:04","modified_gmt":"2025-04-15T17:12:04","slug":"the-lake-project-gratis-aktiviteter","status":"publish","type":"page","link":"https:\/\/langasjonas.com\/da\/the-lake-project-gratis-aktiviteter\/","title":{"rendered":"The lake project &#8211; Gratis aktiviteter"},"content":{"rendered":"\t\t<div data-elementor-type=\"wp-page\" data-elementor-id=\"38110\" class=\"elementor elementor-38110 elementor-35039\" data-elementor-post-type=\"page\">\n\t\t\t\t\t\t<section class=\"elementor-section elementor-top-section elementor-element elementor-element-90d85df elementor-section-boxed elementor-section-height-default elementor-section-height-default\" data-id=\"90d85df\" data-element_type=\"section\" data-e-type=\"section\" data-settings=\"{&quot;jet_parallax_layout_list&quot;:[]}\">\n\t\t\t\t\t\t<div class=\"elementor-container elementor-column-gap-default\">\n\t\t\t\t\t<div class=\"elementor-column elementor-col-100 elementor-top-column elementor-element elementor-element-2d467f9\" data-id=\"2d467f9\" data-element_type=\"column\" data-e-type=\"column\">\n\t\t\t<div class=\"elementor-widget-wrap elementor-element-populated\">\n\t\t\t\t\t\t<div class=\"elementor-element elementor-element-707641e elementor-widget elementor-widget-heading\" data-id=\"707641e\" data-element_type=\"widget\" data-e-type=\"widget\" data-widget_type=\"heading.default\">\n\t\t\t\t<div class=\"elementor-widget-container\">\n\t\t\t\t\t<h1 class=\"elementor-heading-title elementor-size-default\">GRATIS AKTIVITETER - 2025<\/h1>\t\t\t\t<\/div>\n\t\t\t\t<\/div>\n\t\t\t\t<div class=\"elementor-element elementor-element-5264209 elementor-widget elementor-widget-heading\" data-id=\"5264209\" data-element_type=\"widget\" data-e-type=\"widget\" data-widget_type=\"heading.default\">\n\t\t\t\t<div class=\"elementor-widget-container\">\n\t\t\t\t\t<h3 class=\"elementor-heading-title elementor-size-default\"> HUR FUNGERAR DET?<\/h3>\t\t\t\t<\/div>\n\t\t\t\t<\/div>\n\t\t\t\t<div class=\"elementor-element elementor-element-ad055e4 elementor-widget elementor-widget-text-editor\" data-id=\"ad055e4\" data-element_type=\"widget\" data-e-type=\"widget\" data-widget_type=\"text-editor.default\">\n\t\t\t\t<div class=\"elementor-widget-container\">\n\t\t\t\t\t\t\t\t\t<h3>Varje stug\u00e4gare f\u00e5r gratis tillg\u00e5ng till alla v\u00e5ra b\u00e5tar, kanoter, kajaker och paddleboards, inklusive b\u00e5tarna i v\u00e5ra tre regnb\u00e5gssj\u00f6ar. Vi hoppas att detta g\u00f6r din tid h\u00e4r hos oss \u00e4nnu roligare och angen\u00e4mt, s\u00e5 att du kan skapa \u00e4nnu mer speciella och ov\u00e4rderliga minnen med dina n\u00e4ra och k\u00e4ra. Du kan bruge alle vores aktiviteter helt gratis inden for de retningslinjer, der er beskrevet her.<\/h3>\n<h3>Du og din familie kan endda spille vores minigolf, n\u00e5r I har lyst. Dessutom helt gratis!<\/h3>\n<h3>F\u00f6r att f\u00e5 konceptet \u201dGratis Aktiviteter\u201d att fungera, d\u00e4r alla har lika chans att boka sina gratis aktiviteter, g\u00e4ller f\u00f6ljande riktlinjer:<\/h3>\n\t\t\t\t\t\t\t\t<\/div>\n\t\t\t\t<\/div>\n\t\t\t\t<div class=\"elementor-element elementor-element-b5bc05e elementor-widget elementor-widget-heading\" data-id=\"b5bc05e\" data-element_type=\"widget\" data-e-type=\"widget\" data-widget_type=\"heading.default\">\n\t\t\t\t<div class=\"elementor-widget-container\">\n\t\t\t\t\t<h3 class=\"elementor-heading-title elementor-size-default\">1: BOKNING AV GRATIS AKTIVITETER: ENDAST UNDER DIN VISTELSE<\/h3>\t\t\t\t<\/div>\n\t\t\t\t<\/div>\n\t\t\t\t<div class=\"elementor-element elementor-element-24d8104 elementor-widget elementor-widget-text-editor\" data-id=\"24d8104\" data-element_type=\"widget\" data-e-type=\"widget\" data-widget_type=\"text-editor.default\">\n\t\t\t\t<div class=\"elementor-widget-container\">\n\t\t\t\t\t\t\t\t\t<h3>Du kan boka en aktivitet n\u00e4r du har bokat din stuga och faktiskt har checkat in i din stuga. N\u00e4r du bara bes\u00f6ker anl\u00e4ggningen (utan att checka in) kan du inte anv\u00e4nda aktiviteter gratis, men du kan naturligtvis fortfarande boka aktiviteter som vanlig g\u00e4st.<\/h3>\n\t\t\t\t\t\t\t\t<\/div>\n\t\t\t\t<\/div>\n\t\t\t\t<div class=\"elementor-element elementor-element-26d69cd elementor-widget elementor-widget-heading\" data-id=\"26d69cd\" data-element_type=\"widget\" data-e-type=\"widget\" data-widget_type=\"heading.default\">\n\t\t\t\t<div class=\"elementor-widget-container\">\n\t\t\t\t\t<h3 class=\"elementor-heading-title elementor-size-default\">2: AKTIVITETSKORT<\/h3>\t\t\t\t<\/div>\n\t\t\t\t<\/div>\n\t\t\t\t<section class=\"elementor-section elementor-inner-section elementor-element elementor-element-bb7c3ef elementor-section-boxed elementor-section-height-default elementor-section-height-default\" data-id=\"bb7c3ef\" data-element_type=\"section\" data-e-type=\"section\" data-settings=\"{&quot;jet_parallax_layout_list&quot;:[]}\">\n\t\t\t\t\t\t<div class=\"elementor-container elementor-column-gap-default\">\n\t\t\t\t\t<div class=\"elementor-column elementor-col-50 elementor-inner-column elementor-element elementor-element-933efdb\" data-id=\"933efdb\" data-element_type=\"column\" data-e-type=\"column\">\n\t\t\t<div class=\"elementor-widget-wrap elementor-element-populated\">\n\t\t\t\t\t\t<div class=\"elementor-element elementor-element-a8e21f7 elementor-widget elementor-widget-text-editor\" data-id=\"a8e21f7\" data-element_type=\"widget\" data-e-type=\"widget\" data-widget_type=\"text-editor.default\">\n\t\t\t\t<div class=\"elementor-widget-container\">\n\t\t\t\t\t\t\t\t\t<h3>N\u00e5r du har tjekket ind, kan du booke bestemte aktiviteter. Du kan booke aktiviteter \u00e9n gang pr. dag med din voucher. Den resterende v\u00e6rdi kan ikke overf\u00f8res til en senere booking eller til en anden dag. Hver hytteejer modtager 1 &#8220;aktivitetskort&#8221;, som du kan bruge til at bevise over for receptionen, at du er berettiget til dette tilbud. I princippet kan du booke, hvad du vil, n\u00e5r du vil, men for at undg\u00e5 overdreven brug af vores aktiviteter er din gratis brug af aktiviteter maksimeret til et fast bel\u00f8b pr. booking pr. dag.     Varje g\u00e5ng du kommer in till receptionen f\u00f6r din kostnadsfria aktivitet m\u00e5ste du visa upp ditt aktivitetskort.<\/h3>\n\t\t\t\t\t\t\t\t<\/div>\n\t\t\t\t<\/div>\n\t\t\t\t\t<\/div>\n\t\t<\/div>\n\t\t\t\t<div class=\"elementor-column elementor-col-50 elementor-inner-column elementor-element elementor-element-eb11468\" data-id=\"eb11468\" data-element_type=\"column\" data-e-type=\"column\">\n\t\t\t<div class=\"elementor-widget-wrap elementor-element-populated\">\n\t\t\t\t\t\t<div class=\"elementor-element elementor-element-278af6a elementor-widget elementor-widget-image\" data-id=\"278af6a\" data-element_type=\"widget\" data-e-type=\"widget\" data-widget_type=\"image.default\">\n\t\t\t\t<div class=\"elementor-widget-container\">\n\t\t\t\t\t\t\t\t\t\t\t\t\t\t\t<img fetchpriority=\"high\" decoding=\"async\" width=\"300\" height=\"189\" src=\"https:\/\/langasjonas.com\/wp-content\/uploads\/2024\/09\/activity-card-300x189.jpg\" class=\"attachment-medium size-medium wp-image-45029\" alt=\"\" srcset=\"https:\/\/langasjonas.com\/wp-content\/uploads\/2024\/09\/activity-card-300x189.jpg 300w, https:\/\/langasjonas.com\/wp-content\/uploads\/2024\/09\/activity-card-1024x646.jpg 1024w, https:\/\/langasjonas.com\/wp-content\/uploads\/2024\/09\/activity-card-768x484.jpg 768w, https:\/\/langasjonas.com\/wp-content\/uploads\/2024\/09\/activity-card-1536x969.jpg 1536w, https:\/\/langasjonas.com\/wp-content\/uploads\/2024\/09\/activity-card-2048x1292.jpg 2048w\" sizes=\"(max-width: 300px) 100vw, 300px\" title=\"\">\t\t\t\t\t\t\t\t\t\t\t\t\t\t\t<\/div>\n\t\t\t\t<\/div>\n\t\t\t\t\t<\/div>\n\t\t<\/div>\n\t\t\t\t\t<\/div>\n\t\t<\/section>\n\t\t\t\t<div class=\"elementor-element elementor-element-4920f4f elementor-widget elementor-widget-text-editor\" data-id=\"4920f4f\" data-element_type=\"widget\" data-e-type=\"widget\" data-widget_type=\"text-editor.default\">\n\t\t\t\t<div class=\"elementor-widget-container\">\n\t\t\t\t\t\t\t\t\t<h3>Aktivitetskort fungerer som en form for identifikation for ejeren eller en person i din gruppe, som kommer for at foretage reservationen i receptionen.  <\/h3>\n<h3>Du vil modtage f\u00f8lgende v\u00e6rdi p\u00e5 kuponen:<\/h3>\n<h3>I h\u00f8js\u00e6sonen (15\/06 &#8211; 31\/08): <strong>360 SEK pr. dag.<\/strong><\/h3>\n<h3>Uden for h\u00f8js\u00e6sonen (1\/09 &#8211; 14\/6): <strong>600 SEK pr. dag<\/strong><\/h3>\n<h3>Hver gang du kommer til receptionen for at f\u00e5 din gratis aktivitet, skal du vise dit aktivitetskort.  <\/h3>\n\t\t\t\t\t\t\t\t<\/div>\n\t\t\t\t<\/div>\n\t\t\t\t<div class=\"elementor-element elementor-element-7af933c elementor-widget elementor-widget-heading\" data-id=\"7af933c\" data-element_type=\"widget\" data-e-type=\"widget\" data-widget_type=\"heading.default\">\n\t\t\t\t<div class=\"elementor-widget-container\">\n\t\t\t\t\t<h3 class=\"elementor-heading-title elementor-size-default\">3: BOKNING P\u00c5 PLATS<\/h3>\t\t\t\t<\/div>\n\t\t\t\t<\/div>\n\t\t\t\t<div class=\"elementor-element elementor-element-b623350 elementor-widget elementor-widget-text-editor\" data-id=\"b623350\" data-element_type=\"widget\" data-e-type=\"widget\" data-widget_type=\"text-editor.default\">\n\t\t\t\t<div class=\"elementor-widget-container\">\n\t\t\t\t\t\t\t\t\t<h3>F\u00f6r att ge varje \u00e4gare en lika stor chans att anv\u00e4nda sina gratis aktiviteter \u00e4r det endast m\u00f6jligt att boka under din vistelse i receptionen. Det betyder att du inte kan boka i f\u00f6rv\u00e4g, utan endast under din vistelse. Vill du \u00e4nd\u00e5 boka i f\u00f6rv\u00e4g kan du g\u00f6ra det online p\u00e5 v\u00e5r hemsida under fliken &#8220;Aktiviteter&#8221; eller via v\u00e5r App, men till aktuella priser och villkor.<\/h3>\n\t\t\t\t\t\t\t\t<\/div>\n\t\t\t\t<\/div>\n\t\t\t\t<div class=\"elementor-element elementor-element-bef4a12 elementor-widget elementor-widget-heading\" data-id=\"bef4a12\" data-element_type=\"widget\" data-e-type=\"widget\" data-widget_type=\"heading.default\">\n\t\t\t\t<div class=\"elementor-widget-container\">\n\t\t\t\t\t<h3 class=\"elementor-heading-title elementor-size-default\">4: AKTIVITETER, DER IKKE ER GRATIS<\/h3>\t\t\t\t<\/div>\n\t\t\t\t<\/div>\n\t\t\t\t<div class=\"elementor-element elementor-element-b2ad623 elementor-widget elementor-widget-text-editor\" data-id=\"b2ad623\" data-element_type=\"widget\" data-e-type=\"widget\" data-widget_type=\"text-editor.default\">\n\t\t\t\t<div class=\"elementor-widget-container\">\n\t\t\t\t\t\t\t\t\t<h3>F\u00f8lgende aktiviteter er ikke omfattet af dette tilbud om &#8220;gratis&#8221; aktiviteter.<\/h3>\n<ul>\n<li>\n<h3>Fiskerilicenser<\/h3>\n<\/li>\n<li>\n<h3>Elektriske motorer<\/h3>\n<\/li>\n<li>\n<h3>aktiviteter organiseret af eksterne virksomheder<\/h3>\n<\/li>\n<\/ul>\n<h3><span style=\"font-size: 16px;\">N\u00e4r du beh\u00f6ver flytv\u00e4star kan du l\u00e5na dessa gratis.<\/span><\/h3>\n<h3>Detta erbjudande g\u00e4ller utan utg\u00e5ngsdatum men L\u00e5ngasjonas Camping och Stugby AB f\u00f6rbeh\u00e5ller sig r\u00e4tten att \u00e4ndra eller avbryta detta erbjudande. Med ovanst\u00e5ende regler hoppas vi skapa den r\u00e4tta balansen, d\u00e4r varje \u00e4gare f\u00e5r lika chanser att boka sina aktiviteter, samt att l\u00e5ta andra (betalande) g\u00e4ster anv\u00e4nda v\u00e5ra aktiviteter.<\/h3>\n\t\t\t\t\t\t\t\t<\/div>\n\t\t\t\t<\/div>\n\t\t\t\t<div class=\"elementor-element elementor-element-efca1e8 elementor-widget elementor-widget-heading\" data-id=\"efca1e8\" data-element_type=\"widget\" data-e-type=\"widget\" data-widget_type=\"heading.default\">\n\t\t\t\t<div class=\"elementor-widget-container\">\n\t\t\t\t\t<h3 class=\"elementor-heading-title elementor-size-default\">4: SP\u00d8RGSM\u00c5L OG SVAR<\/h3>\t\t\t\t<\/div>\n\t\t\t\t<\/div>\n\t\t\t\t<div class=\"elementor-element elementor-element-8edd9aa elementor-widget elementor-widget-text-editor\" data-id=\"8edd9aa\" data-element_type=\"widget\" data-e-type=\"widget\" data-widget_type=\"text-editor.default\">\n\t\t\t\t<div class=\"elementor-widget-container\">\n\t\t\t\t\t\t\t\t\t<h3><em>Kan jeg bruge kuponen til at betale for aktiviteter for mine venner?<\/em><\/h3>\n<h3>Ja, voucheren er gyldig for alle, der bor i sommerhuset, s\u00e5 l\u00e6nge sommerhuset er booket af sommerhusejeren.  <\/h3>\n\t\t\t\t\t\t\t\t<\/div>\n\t\t\t\t<\/div>\n\t\t\t\t<div class=\"elementor-element elementor-element-800090c elementor-view-default elementor-widget elementor-widget-icon\" data-id=\"800090c\" data-element_type=\"widget\" data-e-type=\"widget\" data-widget_type=\"icon.default\">\n\t\t\t\t<div class=\"elementor-widget-container\">\n\t\t\t\t\t\t\t<div class=\"elementor-icon-wrapper\">\n\t\t\t<div class=\"elementor-icon\">\n\t\t\t<i aria-hidden=\"true\" class=\"fas fa-angle-up\"><\/i>\t\t\t<\/div>\n\t\t<\/div>\n\t\t\t\t\t\t<\/div>\n\t\t\t\t<\/div>\n\t\t\t\t<div class=\"elementor-element elementor-element-3d78198 elementor-widget elementor-widget-text-editor\" data-id=\"3d78198\" data-element_type=\"widget\" data-e-type=\"widget\" data-widget_type=\"text-editor.default\">\n\t\t\t\t<div class=\"elementor-widget-container\">\n\t\t\t\t\t\t\t\t\t<h3><em>Kan jeg bruge kuponen mere end \u00e9n gang p\u00e5 samme dag?<\/em><\/h3>\n<h3>Nej, kuponen og v\u00e6rdien kan kun bruges \u00e9n gang om dagen.<\/h3>\n\t\t\t\t\t\t\t\t<\/div>\n\t\t\t\t<\/div>\n\t\t\t\t<div class=\"elementor-element elementor-element-2e42b90 elementor-view-default elementor-widget elementor-widget-icon\" data-id=\"2e42b90\" data-element_type=\"widget\" data-e-type=\"widget\" data-widget_type=\"icon.default\">\n\t\t\t\t<div class=\"elementor-widget-container\">\n\t\t\t\t\t\t\t<div class=\"elementor-icon-wrapper\">\n\t\t\t<div class=\"elementor-icon\">\n\t\t\t<i aria-hidden=\"true\" class=\"fas fa-angle-up\"><\/i>\t\t\t<\/div>\n\t\t<\/div>\n\t\t\t\t\t\t<\/div>\n\t\t\t\t<\/div>\n\t\t\t\t<div class=\"elementor-element elementor-element-364ef3f elementor-widget elementor-widget-text-editor\" data-id=\"364ef3f\" data-element_type=\"widget\" data-e-type=\"widget\" data-widget_type=\"text-editor.default\">\n\t\t\t\t<div class=\"elementor-widget-container\">\n\t\t\t\t\t\t\t\t\t<h3><em>Kan jeg bruge kuponen til at k\u00f8be fiskekort hos iFiske?<\/em><\/h3>\n<h3>Nej, iFiske tilh\u00f8rer ikke Campingen.<\/h3>\n\t\t\t\t\t\t\t\t<\/div>\n\t\t\t\t<\/div>\n\t\t\t\t<div class=\"elementor-element elementor-element-79fecc8 elementor-view-default elementor-widget elementor-widget-icon\" data-id=\"79fecc8\" data-element_type=\"widget\" data-e-type=\"widget\" data-widget_type=\"icon.default\">\n\t\t\t\t<div class=\"elementor-widget-container\">\n\t\t\t\t\t\t\t<div class=\"elementor-icon-wrapper\">\n\t\t\t<div class=\"elementor-icon\">\n\t\t\t<i aria-hidden=\"true\" class=\"fas fa-angle-up\"><\/i>\t\t\t<\/div>\n\t\t<\/div>\n\t\t\t\t\t\t<\/div>\n\t\t\t\t<\/div>\n\t\t\t\t<div class=\"elementor-element elementor-element-1a24c14 elementor-widget elementor-widget-text-editor\" data-id=\"1a24c14\" data-element_type=\"widget\" data-e-type=\"widget\" data-widget_type=\"text-editor.default\">\n\t\t\t\t<div class=\"elementor-widget-container\">\n\t\t\t\t\t\t\t\t\t<h3>Bliver prisen for minigolf trukket fra voucheren?<\/h3>\n<h3>Nej, det er det ikke. Du og din familie kan altid spille minigolf gratis.  <\/h3>\n<h3> <\/h3>\n\t\t\t\t\t\t\t\t<\/div>\n\t\t\t\t<\/div>\n\t\t\t\t<div class=\"elementor-element elementor-element-6072946 elementor-view-default elementor-widget elementor-widget-icon\" data-id=\"6072946\" data-element_type=\"widget\" data-e-type=\"widget\" data-widget_type=\"icon.default\">\n\t\t\t\t<div class=\"elementor-widget-container\">\n\t\t\t\t\t\t\t<div class=\"elementor-icon-wrapper\">\n\t\t\t<div class=\"elementor-icon\">\n\t\t\t<i aria-hidden=\"true\" class=\"fas fa-angle-up\"><\/i>\t\t\t<\/div>\n\t\t<\/div>\n\t\t\t\t\t\t<\/div>\n\t\t\t\t<\/div>\n\t\t\t\t\t<\/div>\n\t\t<\/div>\n\t\t\t\t\t<\/div>\n\t\t<\/section>\n\t\t\t\t<\/div>\n\t\t","protected":false},"excerpt":{"rendered":"<p>GRATIS AKTIVITETER &#8211; 2025 HUR FUNGERAR DET? Varje stug\u00e4gare f\u00e5r gratis tillg\u00e5ng till alla v\u00e5ra b\u00e5tar, kanoter, kajaker och paddleboards, inklusive b\u00e5tarna i v\u00e5ra tre regnb\u00e5gssj\u00f6ar. Vi hoppas att detta g\u00f6r din tid h\u00e4r hos oss \u00e4nnu roligare och angen\u00e4mt, s\u00e5 att du kan skapa \u00e4nnu mer speciella och ov\u00e4rderliga minnen med dina n\u00e4ra och [&hellip;]<\/p>\n","protected":false},"author":2,"featured_media":0,"parent":0,"menu_order":0,"comment_status":"closed","ping_status":"closed","template":"","meta":{"footnotes":""},"folder":[50,55],"class_list":["post-38110","page","type-page","status-publish","hentry"],"blocksy_meta":[],"_links":{"self":[{"href":"https:\/\/langasjonas.com\/da\/wp-json\/wp\/v2\/pages\/38110","targetHints":{"allow":["GET"]}}],"collection":[{"href":"https:\/\/langasjonas.com\/da\/wp-json\/wp\/v2\/pages"}],"about":[{"href":"https:\/\/langasjonas.com\/da\/wp-json\/wp\/v2\/types\/page"}],"author":[{"embeddable":true,"href":"https:\/\/langasjonas.com\/da\/wp-json\/wp\/v2\/users\/2"}],"replies":[{"embeddable":true,"href":"https:\/\/langasjonas.com\/da\/wp-json\/wp\/v2\/comments?post=38110"}],"version-history":[{"count":8,"href":"https:\/\/langasjonas.com\/da\/wp-json\/wp\/v2\/pages\/38110\/revisions"}],"predecessor-version":[{"id":47434,"href":"https:\/\/langasjonas.com\/da\/wp-json\/wp\/v2\/pages\/38110\/revisions\/47434"}],"wp:attachment":[{"href":"https:\/\/langasjonas.com\/da\/wp-json\/wp\/v2\/media?parent=38110"}],"wp:term":[{"taxonomy":"folder","embeddable":true,"href":"https:\/\/langasjonas.com\/da\/wp-json\/wp\/v2\/folder?post=38110"}],"curies":[{"name":"wp","href":"https:\/\/api.w.org\/{rel}","templated":true}]}}