{"id":37882,"date":"2023-07-02T12:20:04","date_gmt":"2023-07-02T10:20:04","guid":{"rendered":"https:\/\/langasjonas.com\/renovering-inomhus\/"},"modified":"2024-11-03T18:10:40","modified_gmt":"2024-11-03T17:10:40","slug":"renovering","status":"publish","type":"page","link":"https:\/\/langasjonas.com\/da\/renovering\/","title":{"rendered":"Renovering"},"content":{"rendered":"\t\t<div data-elementor-type=\"wp-page\" data-elementor-id=\"37882\" class=\"elementor elementor-37882 elementor-23767\" data-elementor-post-type=\"page\">\n\t\t\t\t\t\t<section class=\"elementor-section elementor-top-section elementor-element elementor-element-61110a45 ct-section-stretched elementor-section-full_width elementor-section-height-min-height elementor-section-content-middle elementor-section-height-default elementor-section-items-middle\" data-id=\"61110a45\" data-element_type=\"section\" data-e-type=\"section\" data-settings=\"{&quot;jet_parallax_layout_list&quot;:[{&quot;jet_parallax_layout_image&quot;:{&quot;url&quot;:&quot;&quot;,&quot;id&quot;:&quot;&quot;,&quot;size&quot;:&quot;&quot;},&quot;_id&quot;:&quot;ead59d7&quot;,&quot;jet_parallax_layout_image_tablet&quot;:{&quot;url&quot;:&quot;&quot;,&quot;id&quot;:&quot;&quot;,&quot;size&quot;:&quot;&quot;},&quot;jet_parallax_layout_image_mobile&quot;:{&quot;url&quot;:&quot;&quot;,&quot;id&quot;:&quot;&quot;,&quot;size&quot;:&quot;&quot;},&quot;jet_parallax_layout_speed&quot;:{&quot;unit&quot;:&quot;%&quot;,&quot;size&quot;:50,&quot;sizes&quot;:[]},&quot;jet_parallax_layout_type&quot;:&quot;scroll&quot;,&quot;jet_parallax_layout_direction&quot;:null,&quot;jet_parallax_layout_fx_direction&quot;:null,&quot;jet_parallax_layout_z_index&quot;:&quot;&quot;,&quot;jet_parallax_layout_bg_x&quot;:50,&quot;jet_parallax_layout_bg_x_tablet&quot;:&quot;&quot;,&quot;jet_parallax_layout_bg_x_mobile&quot;:&quot;&quot;,&quot;jet_parallax_layout_bg_y&quot;:50,&quot;jet_parallax_layout_bg_y_tablet&quot;:&quot;&quot;,&quot;jet_parallax_layout_bg_y_mobile&quot;:&quot;&quot;,&quot;jet_parallax_layout_bg_size&quot;:&quot;auto&quot;,&quot;jet_parallax_layout_bg_size_tablet&quot;:&quot;&quot;,&quot;jet_parallax_layout_bg_size_mobile&quot;:&quot;&quot;,&quot;jet_parallax_layout_animation_prop&quot;:&quot;transform&quot;,&quot;jet_parallax_layout_on&quot;:[&quot;desktop&quot;,&quot;tablet&quot;]}],&quot;background_background&quot;:&quot;slideshow&quot;,&quot;background_slideshow_gallery&quot;:[{&quot;id&quot;:22210,&quot;url&quot;:&quot;https:\\\/\\\/langasjonas.com\\\/wp-content\\\/uploads\\\/2023\\\/06\\\/Stuga-S13-scaled.jpg&quot;},{&quot;id&quot;:14178,&quot;url&quot;:&quot;https:\\\/\\\/langasjonas.com\\\/wp-content\\\/uploads\\\/2022\\\/12\\\/WP_20141004_14_06_03_Pro.jpg&quot;},{&quot;id&quot;:22231,&quot;url&quot;:&quot;https:\\\/\\\/langasjonas.com\\\/wp-content\\\/uploads\\\/2023\\\/06\\\/WP_20140501_09_45_48_Pro-scaled.jpg&quot;},{&quot;id&quot;:22204,&quot;url&quot;:&quot;https:\\\/\\\/langasjonas.com\\\/wp-content\\\/uploads\\\/2023\\\/06\\\/526010-447-1_004-scaled.jpg&quot;},{&quot;id&quot;:81,&quot;url&quot;:&quot;https:\\\/\\\/langasjonas.com\\\/wp-content\\\/uploads\\\/2022\\\/01\\\/WP_20140704_15_05_38_Panorama-scaled.jpg&quot;}],&quot;shape_divider_bottom&quot;:&quot;mountains&quot;,&quot;background_slideshow_transition_duration&quot;:2000,&quot;background_slideshow_ken_burns&quot;:&quot;yes&quot;,&quot;background_slideshow_loop&quot;:&quot;yes&quot;,&quot;background_slideshow_slide_duration&quot;:5000,&quot;background_slideshow_slide_transition&quot;:&quot;fade&quot;,&quot;background_slideshow_ken_burns_zoom_direction&quot;:&quot;in&quot;}\">\n\t\t\t\t\t\t\t<div class=\"elementor-background-overlay\"><\/div>\n\t\t\t\t\t\t<div class=\"elementor-shape elementor-shape-bottom\" aria-hidden=\"true\" data-negative=\"false\">\n\t\t\t<svg xmlns=\"http:\/\/www.w3.org\/2000\/svg\" viewBox=\"0 0 1000 100\" preserveAspectRatio=\"none\">\n\t<path class=\"elementor-shape-fill\" opacity=\"0.33\" d=\"M473,67.3c-203.9,88.3-263.1-34-320.3,0C66,119.1,0,59.7,0,59.7V0h1000v59.7 c0,0-62.1,26.1-94.9,29.3c-32.8,3.3-62.8-12.3-75.8-22.1C806,49.6,745.3,8.7,694.9,4.7S492.4,59,473,67.3z\"\/>\n\t<path class=\"elementor-shape-fill\" opacity=\"0.66\" d=\"M734,67.3c-45.5,0-77.2-23.2-129.1-39.1c-28.6-8.7-150.3-10.1-254,39.1 s-91.7-34.4-149.2,0C115.7,118.3,0,39.8,0,39.8V0h1000v36.5c0,0-28.2-18.5-92.1-18.5C810.2,18.1,775.7,67.3,734,67.3z\"\/>\n\t<path class=\"elementor-shape-fill\" d=\"M766.1,28.9c-200-57.5-266,65.5-395.1,19.5C242,1.8,242,5.4,184.8,20.6C128,35.8,132.3,44.9,89.9,52.5C28.6,63.7,0,0,0,0 h1000c0,0-9.9,40.9-83.6,48.1S829.6,47,766.1,28.9z\"\/>\n<\/svg>\t\t<\/div>\n\t\t\t\t\t<div class=\"elementor-container elementor-column-gap-default\">\n\t\t\t\t\t<div class=\"elementor-column elementor-col-100 elementor-top-column elementor-element elementor-element-59260a99\" data-id=\"59260a99\" data-element_type=\"column\" data-e-type=\"column\">\n\t\t\t<div class=\"elementor-widget-wrap elementor-element-populated\">\n\t\t\t\t\t\t<div class=\"elementor-element elementor-element-1ab2b3e animated-slow elementor-invisible elementor-widget elementor-widget-image\" data-id=\"1ab2b3e\" data-element_type=\"widget\" data-e-type=\"widget\" data-settings=\"{&quot;_animation&quot;:&quot;fadeIn&quot;,&quot;_animation_delay&quot;:2000}\" data-widget_type=\"image.default\">\n\t\t\t\t<div class=\"elementor-widget-container\">\n\t\t\t\t\t\t\t\t\t\t\t\t\t\t\t<img fetchpriority=\"high\" decoding=\"async\" width=\"300\" height=\"169\" src=\"https:\/\/langasjonas.com\/wp-content\/uploads\/2022\/09\/Langasjonas_Logo_White_line02-300x169.png\" class=\"attachment-medium size-medium wp-image-3330\" alt=\"\" srcset=\"https:\/\/langasjonas.com\/wp-content\/uploads\/2022\/09\/Langasjonas_Logo_White_line02-300x169.png 300w, https:\/\/langasjonas.com\/wp-content\/uploads\/2022\/09\/Langasjonas_Logo_White_line02-768x432.png 768w, https:\/\/langasjonas.com\/wp-content\/uploads\/2022\/09\/Langasjonas_Logo_White_line02.png 1000w\" sizes=\"(max-width: 300px) 100vw, 300px\" title=\"\">\t\t\t\t\t\t\t\t\t\t\t\t\t\t\t<\/div>\n\t\t\t\t<\/div>\n\t\t\t\t\t<\/div>\n\t\t<\/div>\n\t\t\t\t\t<\/div>\n\t\t<\/section>\n\t\t\t\t<section class=\"elementor-section elementor-top-section elementor-element elementor-element-7519960 ct-section-stretched elementor-section-full_width elementor-section-height-default elementor-section-height-default\" data-id=\"7519960\" data-element_type=\"section\" data-e-type=\"section\" data-settings=\"{&quot;jet_parallax_layout_list&quot;:[]}\">\n\t\t\t\t\t\t<div class=\"elementor-container elementor-column-gap-default\">\n\t\t\t\t\t<div class=\"elementor-column elementor-col-100 elementor-top-column elementor-element elementor-element-f30fe53\" data-id=\"f30fe53\" data-element_type=\"column\" data-e-type=\"column\">\n\t\t\t<div class=\"elementor-widget-wrap elementor-element-populated\">\n\t\t\t\t\t\t<div class=\"elementor-element elementor-element-0163267 elementor-widget elementor-widget-text-editor\" data-id=\"0163267\" data-element_type=\"widget\" data-e-type=\"widget\" data-widget_type=\"text-editor.default\">\n\t\t\t\t<div class=\"elementor-widget-container\">\n\t\t\t\t\t\t\t\t\t<h1 style=\"text-align: left;\">THE LAKE PROJECT<\/h1>\n\t\t\t\t\t\t\t\t<\/div>\n\t\t\t\t<\/div>\n\t\t\t\t<div class=\"elementor-element elementor-element-8c25290 elementor-widget elementor-widget-heading\" data-id=\"8c25290\" data-element_type=\"widget\" data-e-type=\"widget\" data-widget_type=\"heading.default\">\n\t\t\t\t<div class=\"elementor-widget-container\">\n\t\t\t\t\t<h2 class=\"elementor-heading-title elementor-size-default\">Renovering inomhus <\/h2>\t\t\t\t<\/div>\n\t\t\t\t<\/div>\n\t\t\t\t<div class=\"elementor-element elementor-element-a4a90af elementor-widget elementor-widget-text-editor\" data-id=\"a4a90af\" data-element_type=\"widget\" data-e-type=\"widget\" data-widget_type=\"text-editor.default\">\n\t\t\t\t<div class=\"elementor-widget-container\">\n\t\t\t\t\t\t\t\t\t<h3><em>Stor frihet n\u00e4r du renoverar din stuga inv\u00e4ndigt<\/em><\/h3>\n<h3>Inga s\u00e4rskilda restriktioner g\u00e4ller vid renovering av stuga inv\u00e4ndigt. Du kan renovera inredningen efter dina egna \u00f6nskem\u00e5l och id\u00e9er. Under avsnittet &#8220;<a href=\"https:\/\/langasjonas.com\/da\/planloesningar-inomhus\/\" target=\"_blank\" rel=\"noopener\">Bilaga L &#8211; Planl\u00f6sningar<\/a>&#8221; har vi samlat olika planl\u00f6sningar som du kan anv\u00e4nda n\u00e4r du planerar att renovera din stuga inomhus. Eller s\u00e5 kan du helt enkelt anv\u00e4nda dem som inspiration f\u00f6r en egen planl\u00f6sning. Vi har redan renoverat en stuga sj\u00e4lva, n\u00e4mligen stuga S13. Kolla g\u00e4rna in denna stuga f\u00f6r att se vilken metamorfos denna stuga har genomg\u00e5tt. Vi hoppas att det kan fungera som ett bra exempel p\u00e5 hur du sj\u00e4lv kan renovera din stuga.<\/h3>\n<h3>F\u00f6r att l\u00e4sa mer om vad du b\u00f6r t\u00e4nka p\u00e5 vid en inomhusrenovering, l\u00e4s &#8220;<a href=\"https:\/\/langasjonas.com\/wp-content\/uploads\/2024\/08\/Bilaga-D-Hyresintakter-Renovering-SE-1.pdf\" target=\"_blank\" rel=\"noopener\">Bilaga D &#8211; Hyresint\u00e4kter &amp; Renovering<\/a>&#8221; (sidorna 9-11)<\/h3>\n\t\t\t\t\t\t\t\t<\/div>\n\t\t\t\t<\/div>\n\t\t\t\t<div class=\"elementor-element elementor-element-a8c8593 elementor-widget elementor-widget-heading\" data-id=\"a8c8593\" data-element_type=\"widget\" data-e-type=\"widget\" data-widget_type=\"heading.default\">\n\t\t\t\t<div class=\"elementor-widget-container\">\n\t\t\t\t\t<h2 class=\"elementor-heading-title elementor-size-default\">Renovering utomhus <\/h2>\t\t\t\t<\/div>\n\t\t\t\t<\/div>\n\t\t\t\t<div class=\"elementor-element elementor-element-e49424b elementor-widget elementor-widget-text-editor\" data-id=\"e49424b\" data-element_type=\"widget\" data-e-type=\"widget\" data-widget_type=\"text-editor.default\">\n\t\t\t\t<div class=\"elementor-widget-container\">\n\t\t\t\t\t\t\t\t\t<h3>N\u00e4r det g\u00e4ller utomhusrenovering vill vi g\u00f6ra skillnad p\u00e5 v\u00e5ra stugor i v\u00e5r Norra &amp; S\u00f6dra Stugbyn och v\u00e5ra premiumstugor F01-F10, <strong>S13 och N01.<\/strong><\/h3>\n\t\t\t\t\t\t\t\t<\/div>\n\t\t\t\t<\/div>\n\t\t\t\t<div class=\"elementor-element elementor-element-f9f7ae2 elementor-widget elementor-widget-heading\" data-id=\"f9f7ae2\" data-element_type=\"widget\" data-e-type=\"widget\" data-widget_type=\"heading.default\">\n\t\t\t\t<div class=\"elementor-widget-container\">\n\t\t\t\t\t<h3 class=\"elementor-heading-title elementor-size-default\"><b>NORRA &amp; S\u00d6DRA STUGBYN<\/h3>\t\t\t\t<\/div>\n\t\t\t\t<\/div>\n\t\t\t\t<div class=\"elementor-element elementor-element-f1e4c1f elementor-widget elementor-widget-text-editor\" data-id=\"f1e4c1f\" data-element_type=\"widget\" data-e-type=\"widget\" data-widget_type=\"text-editor.default\">\n\t\t\t\t<div class=\"elementor-widget-container\">\n\t\t\t\t\t\t\t\t\t<h3>Med 40 nya \u00e4gare i 40 stugor beh\u00f6vs sj\u00e4lvklart vissa regler. Vi vill inte att n\u00e5gon \u00e4gare till n\u00e5gon stuga ska m\u00e5la sin stuga gul eller orange, eller kanske bygga ett staket runt sin stuga, eller g\u00f6ra n\u00e5got som kan leda till konflikter eller helt enkelt g\u00f6ra n\u00e5got som inte passar i v\u00e5r milj\u00f6. Vi m\u00e5ste ocks\u00e5 ta h\u00e4nsyn till de regler och f\u00f6reskrifter som Karlshamns kommun har tagit fram f\u00f6r detta omr\u00e5de i sin omr\u00e5desplan.<\/h3>\n<h3>Det som \u00e4r viktigt med tanke p\u00e5 utseendet p\u00e5 b\u00e5de Norra Stugbyn och S\u00f6dra Stugbyn som helhet \u00e4r att alla stugor ska se likadana ut utv\u00e4ndigt, b\u00e5de vad g\u00e4ller f\u00e4rg och konstruktion. En altan ska \u00f6verensst\u00e4mma med de byggritningar som vi har gjort, och vara byggda av n\u00e5gon av v\u00e5ra godk\u00e4nda hantverkare, samt byggas inom byggnadsn\u00e4mndens f\u00f6reskrifter fr\u00e5n Karlshamns kommun.<\/h3>\n<h3>F\u00f6r att se hur en renovering kan g\u00e5 till kan du titta p\u00e5 v\u00e5r modellstuga S13. Denna stuga har f\u00e5tt nytt tak och fasad (med isolering), nya d\u00f6rrar och f\u00f6nster, en stor altan och en v\u00e4rmepump. <\/h3>\n<h3>Du \u00e4r fri att best\u00e4mma om du vill renovera och hur du vill renovera. I grund och botten har du friheten att renovera som du vill. Men innan du p\u00e5b\u00f6rjar din renovering, eller kanske bygger nytt, \u00e4r det viktigt att l\u00e4sa Bilaga <a href=\"\" target=\"\" rel=\"\">D &#8211; Hyresint\u00e4kter &amp; Renovering<\/a>. I denna bilaga kan du l\u00e4sa allt om vad du ska t\u00e4nka p\u00e5 n\u00e4r du planerar en renovering eller nybyggnation   <\/h3>\n<h3> <\/h3>\n\t\t\t\t\t\t\t\t<\/div>\n\t\t\t\t<\/div>\n\t\t\t\t<div class=\"elementor-element elementor-element-b7a3e63 elementor-widget elementor-widget-heading\" data-id=\"b7a3e63\" data-element_type=\"widget\" data-e-type=\"widget\" data-widget_type=\"heading.default\">\n\t\t\t\t<div class=\"elementor-widget-container\">\n\t\t\t\t\t<h3 class=\"elementor-heading-title elementor-size-default\"><b>STUGOR F01-F10<\/h3>\t\t\t\t<\/div>\n\t\t\t\t<\/div>\n\t\t\t\t<div class=\"elementor-element elementor-element-a9498d2 elementor-widget elementor-widget-text-editor\" data-id=\"a9498d2\" data-element_type=\"widget\" data-e-type=\"widget\" data-widget_type=\"text-editor.default\">\n\t\t\t\t<div class=\"elementor-widget-container\">\n\t\t\t\t\t\t\t\t\t<h3>V\u00e5ra stugor F01-F10 \u00e4r alla unika stugor med egen planl\u00f6sning och l\u00e4ge. Detta m\u00f6jligg\u00f6r unika l\u00f6sningar f\u00f6r varje stuga. Du kan i princip renovera var och en av dessa stugor som du vill, s\u00e5 l\u00e4nge du har bygglov fr\u00e5n Karlshamns kommuns byggnadsn\u00e4mnd som du kan ans\u00f6ka om p\u00e5 deras hemsida. \u00c4ven om vi inte kommer att spela en aktiv roll i era renoverings- eller nybyggnadsplaner, d\u00e5 detta \u00e4r n\u00e5got mellan er och Karlshamns kommuns byggnadsn\u00e4mnd, vill vi att ni skickar en kopia av en eventuell ans\u00f6kan om renovering eller nybyggnation till oss.<\/h3>\n<h3>N\u00e4r du vill g\u00f6ra \u00e4ndringar i din stuga som inte kr\u00e4ver bygglov st\u00e5r det dig i princip fritt att g\u00f6ra de \u00e4ndringar du vill, s\u00e5 l\u00e4nge du \u00e4r s\u00e4ker p\u00e5 att dessa planer inte strider mot kommunens planbeskrivning, som beskrivs i deras \u201d<a href=\"https:\/\/langasjonas.com\/wp-content\/uploads\/2024\/01\/Planbeskrivning-Langasjonas-SE.pdf\" target=\"_blank\" rel=\"noopener\">Planbeskrivning L\u00e5ngasj\u00f6n\u00e4s<\/a>.\u201d<\/h3>\n<h3>L\u00e4s denna detaljplan noggrant f\u00f6r att vara s\u00e4ker p\u00e5 vad du kan och inte kan g\u00f6ra utan tillst\u00e5nd. Vid tveksamhet b\u00f6r du kontakta byggnadsn\u00e4mnden f\u00f6r samr\u00e5d eller prata med oss.<\/h3>\n<h3>Som du kan l\u00e4sa i denna &#8220;<a href=\"https:\/\/langasjonas.com\/wp-content\/uploads\/2024\/08\/Langajonas-Camping-B88-Planbeskrivning.pdf\" target=\"_blank\" rel=\"noopener\">Planbeskrivning L\u00e5ngasj\u00f6n\u00e4s<\/a>&#8221; (sidan 16) kan du ut\u00f6ka din stuga till en total byggnadsyta p\u00e5 upp till 60 kvadratmeter. Du kan \u00e4ven bygga s\u00e5 kallade \u00f6ppna ytor, som en altan (utan tak). Dessa typer av \u00f6ppna ytor ing\u00e5r inte i den totala byggnadsytan. Stuga F02\/Ekudden kan \u00e4ven byggas ut upp till 90 kvm (under f\u00f6ruts\u00e4ttning att stugan \u00e4ven forts\u00e4ttningsvis ska vara en rullstolsanpassad stuga)   <\/h3>\n<h3>Du kommer fortfarande beh\u00f6va dela med dig till oss n\u00e4r du best\u00e4mmer dig f\u00f6r att renovera, s\u00e5 vi kan dubbelkolla att dina planer inte strider mot detaljplanen. En extra anledning till att vi beh\u00f6ver bli informerade av dina renoveringsplaner, \u00e4r att vi renovering leder till f\u00f6rb\u00e4ttringar i din stuga, vilket g\u00f6r att vi kan \u00e4ndra hyrespriset p\u00e5 din stuga och ta in extra hyresint\u00e4kter.<\/h3>\n\t\t\t\t\t\t\t\t<\/div>\n\t\t\t\t<\/div>\n\t\t\t\t\t<\/div>\n\t\t<\/div>\n\t\t\t\t\t<\/div>\n\t\t<\/section>\n\t\t\t\t<\/div>\n\t\t","protected":false},"excerpt":{"rendered":"<p>THE LAKE PROJECT Renovering inomhus Stor frihet n\u00e4r du renoverar din stuga inv\u00e4ndigt Inga s\u00e4rskilda restriktioner g\u00e4ller vid renovering av stuga inv\u00e4ndigt. Du kan renovera inredningen efter dina egna \u00f6nskem\u00e5l och id\u00e9er. Under avsnittet &#8220;Bilaga L &#8211; Planl\u00f6sningar&#8221; har vi samlat olika planl\u00f6sningar som du kan anv\u00e4nda n\u00e4r du planerar att renovera din stuga inomhus. [&hellip;]<\/p>\n","protected":false},"author":2,"featured_media":0,"parent":0,"menu_order":0,"comment_status":"closed","ping_status":"closed","template":"","meta":{"footnotes":""},"folder":[55],"class_list":["post-37882","page","type-page","status-publish","hentry"],"blocksy_meta":[],"_links":{"self":[{"href":"https:\/\/langasjonas.com\/da\/wp-json\/wp\/v2\/pages\/37882","targetHints":{"allow":["GET"]}}],"collection":[{"href":"https:\/\/langasjonas.com\/da\/wp-json\/wp\/v2\/pages"}],"about":[{"href":"https:\/\/langasjonas.com\/da\/wp-json\/wp\/v2\/types\/page"}],"author":[{"embeddable":true,"href":"https:\/\/langasjonas.com\/da\/wp-json\/wp\/v2\/users\/2"}],"replies":[{"embeddable":true,"href":"https:\/\/langasjonas.com\/da\/wp-json\/wp\/v2\/comments?post=37882"}],"version-history":[{"count":14,"href":"https:\/\/langasjonas.com\/da\/wp-json\/wp\/v2\/pages\/37882\/revisions"}],"predecessor-version":[{"id":45783,"href":"https:\/\/langasjonas.com\/da\/wp-json\/wp\/v2\/pages\/37882\/revisions\/45783"}],"wp:attachment":[{"href":"https:\/\/langasjonas.com\/da\/wp-json\/wp\/v2\/media?parent=37882"}],"wp:term":[{"taxonomy":"folder","embeddable":true,"href":"https:\/\/langasjonas.com\/da\/wp-json\/wp\/v2\/folder?post=37882"}],"curies":[{"name":"wp","href":"https:\/\/api.w.org\/{rel}","templated":true}]}}