{"id":37878,"date":"2023-07-01T14:55:09","date_gmt":"2023-07-01T12:55:09","guid":{"rendered":"https:\/\/langasjonas.com\/maanga-fordelar-ett-villkor\/"},"modified":"2024-08-11T14:06:25","modified_gmt":"2024-08-11T12:06:25","slug":"maanga-fordelar-ett-villkor","status":"publish","type":"page","link":"https:\/\/langasjonas.com\/da\/maanga-fordelar-ett-villkor\/","title":{"rendered":"M\u00e5nga f\u00f6rdelar \u2013 Ett villkor"},"content":{"rendered":"\t\t<div data-elementor-type=\"wp-page\" data-elementor-id=\"37878\" class=\"elementor elementor-37878 elementor-23662\" data-elementor-post-type=\"page\">\n\t\t\t\t\t\t<section class=\"elementor-section elementor-top-section elementor-element elementor-element-61110a45 ct-section-stretched elementor-section-full_width elementor-section-height-min-height elementor-section-content-middle elementor-section-height-default elementor-section-items-middle\" data-id=\"61110a45\" data-element_type=\"section\" data-e-type=\"section\" data-settings=\"{&quot;jet_parallax_layout_list&quot;:[{&quot;jet_parallax_layout_image&quot;:{&quot;url&quot;:&quot;&quot;,&quot;id&quot;:&quot;&quot;,&quot;size&quot;:&quot;&quot;},&quot;_id&quot;:&quot;ead59d7&quot;,&quot;jet_parallax_layout_image_tablet&quot;:{&quot;url&quot;:&quot;&quot;,&quot;id&quot;:&quot;&quot;,&quot;size&quot;:&quot;&quot;},&quot;jet_parallax_layout_image_mobile&quot;:{&quot;url&quot;:&quot;&quot;,&quot;id&quot;:&quot;&quot;,&quot;size&quot;:&quot;&quot;},&quot;jet_parallax_layout_speed&quot;:{&quot;unit&quot;:&quot;%&quot;,&quot;size&quot;:50,&quot;sizes&quot;:[]},&quot;jet_parallax_layout_type&quot;:&quot;scroll&quot;,&quot;jet_parallax_layout_direction&quot;:null,&quot;jet_parallax_layout_fx_direction&quot;:null,&quot;jet_parallax_layout_z_index&quot;:&quot;&quot;,&quot;jet_parallax_layout_bg_x&quot;:50,&quot;jet_parallax_layout_bg_x_tablet&quot;:&quot;&quot;,&quot;jet_parallax_layout_bg_x_mobile&quot;:&quot;&quot;,&quot;jet_parallax_layout_bg_y&quot;:50,&quot;jet_parallax_layout_bg_y_tablet&quot;:&quot;&quot;,&quot;jet_parallax_layout_bg_y_mobile&quot;:&quot;&quot;,&quot;jet_parallax_layout_bg_size&quot;:&quot;auto&quot;,&quot;jet_parallax_layout_bg_size_tablet&quot;:&quot;&quot;,&quot;jet_parallax_layout_bg_size_mobile&quot;:&quot;&quot;,&quot;jet_parallax_layout_animation_prop&quot;:&quot;transform&quot;,&quot;jet_parallax_layout_on&quot;:[&quot;desktop&quot;,&quot;tablet&quot;]}],&quot;background_background&quot;:&quot;slideshow&quot;,&quot;background_slideshow_gallery&quot;:[{&quot;id&quot;:62,&quot;url&quot;:&quot;https:\\\/\\\/langasjonas.com\\\/wp-content\\\/uploads\\\/2022\\\/01\\\/WP_20140916_17_53_44_Panorama-scaled.jpeg&quot;},{&quot;id&quot;:83,&quot;url&quot;:&quot;https:\\\/\\\/langasjonas.com\\\/wp-content\\\/uploads\\\/2022\\\/01\\\/Langasjonas2-scaled.jpeg&quot;},{&quot;id&quot;:84,&quot;url&quot;:&quot;https:\\\/\\\/langasjonas.com\\\/wp-content\\\/uploads\\\/2022\\\/01\\\/5.Ekudden-Stuga-Panorama-scaled.jpg&quot;},{&quot;id&quot;:85,&quot;url&quot;:&quot;https:\\\/\\\/langasjonas.com\\\/wp-content\\\/uploads\\\/2022\\\/01\\\/WP_20140902_14_29_00_Panorama-scaled.jpg&quot;},{&quot;id&quot;:86,&quot;url&quot;:&quot;https:\\\/\\\/langasjonas.com\\\/wp-content\\\/uploads\\\/2022\\\/01\\\/WP_20140601_17_02_46_Pro-panorama-bild-scaled.jpg&quot;},{&quot;id&quot;:81,&quot;url&quot;:&quot;https:\\\/\\\/langasjonas.com\\\/wp-content\\\/uploads\\\/2022\\\/01\\\/WP_20140704_15_05_38_Panorama-scaled.jpg&quot;},{&quot;id&quot;:31,&quot;url&quot;:&quot;https:\\\/\\\/langasjonas.com\\\/wp-content\\\/uploads\\\/2022\\\/01\\\/20211028_154612-EFFECTS-scaled.jpeg&quot;}],&quot;shape_divider_bottom&quot;:&quot;mountains&quot;,&quot;background_slideshow_transition_duration&quot;:2000,&quot;background_slideshow_ken_burns&quot;:&quot;yes&quot;,&quot;background_slideshow_loop&quot;:&quot;yes&quot;,&quot;background_slideshow_slide_duration&quot;:5000,&quot;background_slideshow_slide_transition&quot;:&quot;fade&quot;,&quot;background_slideshow_ken_burns_zoom_direction&quot;:&quot;in&quot;}\">\n\t\t\t\t\t\t\t<div class=\"elementor-background-overlay\"><\/div>\n\t\t\t\t\t\t<div class=\"elementor-shape elementor-shape-bottom\" aria-hidden=\"true\" data-negative=\"false\">\n\t\t\t<svg xmlns=\"http:\/\/www.w3.org\/2000\/svg\" viewBox=\"0 0 1000 100\" preserveAspectRatio=\"none\">\n\t<path class=\"elementor-shape-fill\" opacity=\"0.33\" d=\"M473,67.3c-203.9,88.3-263.1-34-320.3,0C66,119.1,0,59.7,0,59.7V0h1000v59.7 c0,0-62.1,26.1-94.9,29.3c-32.8,3.3-62.8-12.3-75.8-22.1C806,49.6,745.3,8.7,694.9,4.7S492.4,59,473,67.3z\"\/>\n\t<path class=\"elementor-shape-fill\" opacity=\"0.66\" d=\"M734,67.3c-45.5,0-77.2-23.2-129.1-39.1c-28.6-8.7-150.3-10.1-254,39.1 s-91.7-34.4-149.2,0C115.7,118.3,0,39.8,0,39.8V0h1000v36.5c0,0-28.2-18.5-92.1-18.5C810.2,18.1,775.7,67.3,734,67.3z\"\/>\n\t<path class=\"elementor-shape-fill\" d=\"M766.1,28.9c-200-57.5-266,65.5-395.1,19.5C242,1.8,242,5.4,184.8,20.6C128,35.8,132.3,44.9,89.9,52.5C28.6,63.7,0,0,0,0 h1000c0,0-9.9,40.9-83.6,48.1S829.6,47,766.1,28.9z\"\/>\n<\/svg>\t\t<\/div>\n\t\t\t\t\t<div class=\"elementor-container elementor-column-gap-default\">\n\t\t\t\t\t<div class=\"elementor-column elementor-col-100 elementor-top-column elementor-element elementor-element-59260a99\" data-id=\"59260a99\" data-element_type=\"column\" data-e-type=\"column\">\n\t\t\t<div class=\"elementor-widget-wrap elementor-element-populated\">\n\t\t\t\t\t\t<div class=\"elementor-element elementor-element-1ab2b3e animated-slow elementor-invisible elementor-widget elementor-widget-image\" data-id=\"1ab2b3e\" data-element_type=\"widget\" data-e-type=\"widget\" data-settings=\"{&quot;_animation&quot;:&quot;fadeIn&quot;,&quot;_animation_delay&quot;:2000}\" data-widget_type=\"image.default\">\n\t\t\t\t<div class=\"elementor-widget-container\">\n\t\t\t\t\t\t\t\t\t\t\t\t\t\t\t<img fetchpriority=\"high\" decoding=\"async\" width=\"300\" height=\"169\" src=\"https:\/\/langasjonas.com\/wp-content\/uploads\/2022\/09\/Langasjonas_Logo_White_line02-300x169.png\" class=\"attachment-medium size-medium wp-image-3330\" alt=\"\" srcset=\"https:\/\/langasjonas.com\/wp-content\/uploads\/2022\/09\/Langasjonas_Logo_White_line02-300x169.png 300w, https:\/\/langasjonas.com\/wp-content\/uploads\/2022\/09\/Langasjonas_Logo_White_line02-768x432.png 768w, https:\/\/langasjonas.com\/wp-content\/uploads\/2022\/09\/Langasjonas_Logo_White_line02.png 1000w\" sizes=\"(max-width: 300px) 100vw, 300px\" title=\"\">\t\t\t\t\t\t\t\t\t\t\t\t\t\t\t<\/div>\n\t\t\t\t<\/div>\n\t\t\t\t\t<\/div>\n\t\t<\/div>\n\t\t\t\t\t<\/div>\n\t\t<\/section>\n\t\t\t\t<section class=\"elementor-section elementor-top-section elementor-element elementor-element-7519960 ct-section-stretched elementor-section-full_width elementor-section-height-default elementor-section-height-default\" data-id=\"7519960\" data-element_type=\"section\" data-e-type=\"section\" data-settings=\"{&quot;jet_parallax_layout_list&quot;:[]}\">\n\t\t\t\t\t\t<div class=\"elementor-container elementor-column-gap-default\">\n\t\t\t\t\t<div class=\"elementor-column elementor-col-100 elementor-top-column elementor-element elementor-element-f30fe53\" data-id=\"f30fe53\" data-element_type=\"column\" data-e-type=\"column\">\n\t\t\t<div class=\"elementor-widget-wrap elementor-element-populated\">\n\t\t\t\t\t\t<div class=\"elementor-element elementor-element-0163267 elementor-widget elementor-widget-text-editor\" data-id=\"0163267\" data-element_type=\"widget\" data-e-type=\"widget\" data-widget_type=\"text-editor.default\">\n\t\t\t\t<div class=\"elementor-widget-container\">\n\t\t\t\t\t\t\t\t\t<h1 style=\"text-align: left;\">THE LAKE PROJECT<\/h1>\n\t\t\t\t\t\t\t\t<\/div>\n\t\t\t\t<\/div>\n\t\t\t\t<div class=\"elementor-element elementor-element-ccdb2ca elementor-widget elementor-widget-heading\" data-id=\"ccdb2ca\" data-element_type=\"widget\" data-e-type=\"widget\" data-widget_type=\"heading.default\">\n\t\t\t\t<div class=\"elementor-widget-container\">\n\t\t\t\t\t<h2 class=\"elementor-heading-title elementor-size-default\">M\u00e5nga f\u00f6rdelar \u2013 Ett villkor<\/h2>\t\t\t\t<\/div>\n\t\t\t\t<\/div>\n\t\t\t\t<div class=\"elementor-element elementor-element-05998fe elementor-widget elementor-widget-text-editor\" data-id=\"05998fe\" data-element_type=\"widget\" data-e-type=\"widget\" data-widget_type=\"text-editor.default\">\n\t\t\t\t<div class=\"elementor-widget-container\">\n\t\t\t\t\t\t\t\t\t<h3>The Lake Project ger dig som \u00e4gare m\u00e5nga ekonomiska f\u00f6rdelar, vilket \u00e4r tack vare att vi kan hyra ut din stuga n\u00e4r du inte \u00e4r d\u00e4r sj\u00e4lv. Tack vare att vi kan hyra ut din stuga f\u00e5r du extra hyresint\u00e4kter. Denna inkomst \u00e4r 50 % av alla hyresint\u00e4kter och kommer till och med att \u00f6ka till 60 % hyresint\u00e4kter n\u00e4r du best\u00e4mmer dig \u2013 och har genomf\u00f6rt \u2013 en renovering av din stuga. Vid nybyggnation f\u00e5r du ett \u00e4nnu st\u00f6rre del av hyresint\u00e4kterna, n\u00e4mligen 65%<\/h3>\n<h3>Detta ena villkor d\u00e4r du till\u00e5ter oss att hyra ut din stuga, har m\u00e5nga f\u00f6rdelar:<\/h3>\n<ul>\n<li>\n<h3>Det g\u00f6r att vi kan s\u00e4lja v\u00e5ra stugor f\u00f6r ett l\u00e4gre pris \u00e4n vad vi annars skulle s\u00e4lja de f\u00f6r.<\/h3>\n<\/li>\n<li>\n<h3>Du f\u00e5r 50%, 60% eller 65% av hyresint\u00e4kterna.<\/h3>\n<\/li>\n<li>\n<h3>Du betalar bara en br\u00e5kdel av kostnaderna f\u00f6r vatten, el, avlopp och m\u00e5nga andra kostnader. Se v\u00e5r \u00f6versikt \u201d<a href=\"https:\/\/langasjonas.com\/da\/vad-betalar-du-i-maanadskostnader\/\">vad betalar du i m\u00e5nadskostnaderna<\/a>\u201d.<\/h3>\n<\/li>\n<\/ul>\n<h3>Vi ser det som en vin-vin-situation. Samtidigt uppfyller vi de krav som Karlshamns kommun har st\u00e4llt upp i sin destinationsplan f\u00f6r v\u00e5r anl\u00e4ggning, d\u00e4r det st\u00e5r att stugorna beh\u00f6ver vara tillg\u00e4ngliga f\u00f6r uthyrning till turister och andra som s\u00f6ker tillf\u00e4lligt boende.<\/h3>\n<h3>Det \u00e4r d\u00e4rf\u00f6r ett smart, enkelt och ekonomiskt f\u00f6rdelaktigt s\u00e4tt att \u00e4ga en sj\u00f6 n\u00e4ra stuga med tillg\u00e5ng till allt som L\u00e5ngasj\u00f6n\u00e4s har att erbjuda. Tillg\u00e5ng till vacker natur och fin utsikt \u00f6ver sj\u00f6n, allt detta f\u00e5r du p\u00e5 k\u00f6pet. Att k\u00f6pa en egen stuga inneb\u00e4r helt enkelt att man verkligen kan ha semester n\u00e4r man \u00e4r ledig, eftersom gr\u00e4sklippning, sk\u00f6tsel av gr\u00f6nomr\u00e5den o.s.v. \u00e4r anl\u00e4ggningens ansvar. Detta \u00e4r inget du beh\u00f6ver t\u00e4nka p\u00e5. Semester blir helt enkelt semester.<\/h3>\n<h3>Och f\u00f6r att g\u00f6ra det \u00e4nnu roligare och mer l\u00f6nsamt kan du anv\u00e4nda alla v\u00e5ra aktiviteter helt gratis! Det betyder att du kan anv\u00e4nda alla v\u00e5ra b\u00e5tar, kanoter, kajaker och paddleboards, helt gratis! Du kan till och med spela v\u00e5r Lakeside Minigolfbana s\u00e5 mycket du vill, dessutom helt gratis! Detta \u00e4r \u00e4nnu en extra f\u00f6rdel i att \u00e4ga en stuga i L\u00e5ngasj\u00f6n\u00e4s. En semestervecka i din egen stuga ska som sagt verkligen vara en semesterupplevelse och f\u00f6rhoppningsvis kan v\u00e5ra aktiviteter bidra till det.<\/h3>\n\t\t\t\t\t\t\t\t<\/div>\n\t\t\t\t<\/div>\n\t\t\t\t\t<\/div>\n\t\t<\/div>\n\t\t\t\t\t<\/div>\n\t\t<\/section>\n\t\t\t\t<\/div>\n\t\t","protected":false},"excerpt":{"rendered":"<p>THE LAKE PROJECT M\u00e5nga f\u00f6rdelar \u2013 Ett villkor The Lake Project ger dig som \u00e4gare m\u00e5nga ekonomiska f\u00f6rdelar, vilket \u00e4r tack vare att vi kan hyra ut din stuga n\u00e4r du inte \u00e4r d\u00e4r sj\u00e4lv. Tack vare att vi kan hyra ut din stuga f\u00e5r du extra hyresint\u00e4kter. Denna inkomst \u00e4r 50 % av alla [&hellip;]<\/p>\n","protected":false},"author":2,"featured_media":0,"parent":0,"menu_order":0,"comment_status":"closed","ping_status":"closed","template":"","meta":{"footnotes":""},"folder":[55],"class_list":["post-37878","page","type-page","status-publish","hentry"],"blocksy_meta":[],"_links":{"self":[{"href":"https:\/\/langasjonas.com\/da\/wp-json\/wp\/v2\/pages\/37878","targetHints":{"allow":["GET"]}}],"collection":[{"href":"https:\/\/langasjonas.com\/da\/wp-json\/wp\/v2\/pages"}],"about":[{"href":"https:\/\/langasjonas.com\/da\/wp-json\/wp\/v2\/types\/page"}],"author":[{"embeddable":true,"href":"https:\/\/langasjonas.com\/da\/wp-json\/wp\/v2\/users\/2"}],"replies":[{"embeddable":true,"href":"https:\/\/langasjonas.com\/da\/wp-json\/wp\/v2\/comments?post=37878"}],"version-history":[{"count":4,"href":"https:\/\/langasjonas.com\/da\/wp-json\/wp\/v2\/pages\/37878\/revisions"}],"predecessor-version":[{"id":43528,"href":"https:\/\/langasjonas.com\/da\/wp-json\/wp\/v2\/pages\/37878\/revisions\/43528"}],"wp:attachment":[{"href":"https:\/\/langasjonas.com\/da\/wp-json\/wp\/v2\/media?parent=37878"}],"wp:term":[{"taxonomy":"folder","embeddable":true,"href":"https:\/\/langasjonas.com\/da\/wp-json\/wp\/v2\/folder?post=37878"}],"curies":[{"name":"wp","href":"https:\/\/api.w.org\/{rel}","templated":true}]}}