{"id":36967,"date":"2024-01-24T16:21:03","date_gmt":"2024-01-24T15:21:03","guid":{"rendered":"https:\/\/langasjonas.com\/?page_id=36967"},"modified":"2024-02-22T18:44:42","modified_gmt":"2024-02-22T17:44:42","slug":"alla-saalda-stugor-kommer-fortfarande-att-finnas-foer-uthyrning","status":"publish","type":"page","link":"https:\/\/langasjonas.com\/da\/alla-saalda-stugor-kommer-fortfarande-att-finnas-foer-uthyrning\/","title":{"rendered":"Alla s\u00e5lda stugor kommer fortfarande att finnas f\u00f6r uthyrning!"},"content":{"rendered":"\t\t<div data-elementor-type=\"wp-page\" data-elementor-id=\"36967\" class=\"elementor elementor-36967 elementor-36966\" data-elementor-post-type=\"page\">\n\t\t\t\t\t\t<section class=\"elementor-section elementor-top-section elementor-element elementor-element-61110a45 ct-section-stretched elementor-section-full_width elementor-section-height-min-height elementor-section-content-middle elementor-section-height-default elementor-section-items-middle\" data-id=\"61110a45\" data-element_type=\"section\" data-e-type=\"section\" data-settings=\"{&quot;jet_parallax_layout_list&quot;:[{&quot;jet_parallax_layout_image&quot;:{&quot;url&quot;:&quot;&quot;,&quot;id&quot;:&quot;&quot;,&quot;size&quot;:&quot;&quot;},&quot;_id&quot;:&quot;ead59d7&quot;,&quot;jet_parallax_layout_image_tablet&quot;:{&quot;url&quot;:&quot;&quot;,&quot;id&quot;:&quot;&quot;,&quot;size&quot;:&quot;&quot;},&quot;jet_parallax_layout_image_mobile&quot;:{&quot;url&quot;:&quot;&quot;,&quot;id&quot;:&quot;&quot;,&quot;size&quot;:&quot;&quot;},&quot;jet_parallax_layout_speed&quot;:{&quot;unit&quot;:&quot;%&quot;,&quot;size&quot;:50,&quot;sizes&quot;:[]},&quot;jet_parallax_layout_type&quot;:&quot;scroll&quot;,&quot;jet_parallax_layout_direction&quot;:null,&quot;jet_parallax_layout_fx_direction&quot;:null,&quot;jet_parallax_layout_z_index&quot;:&quot;&quot;,&quot;jet_parallax_layout_bg_x&quot;:50,&quot;jet_parallax_layout_bg_x_tablet&quot;:&quot;&quot;,&quot;jet_parallax_layout_bg_x_mobile&quot;:&quot;&quot;,&quot;jet_parallax_layout_bg_y&quot;:50,&quot;jet_parallax_layout_bg_y_tablet&quot;:&quot;&quot;,&quot;jet_parallax_layout_bg_y_mobile&quot;:&quot;&quot;,&quot;jet_parallax_layout_bg_size&quot;:&quot;auto&quot;,&quot;jet_parallax_layout_bg_size_tablet&quot;:&quot;&quot;,&quot;jet_parallax_layout_bg_size_mobile&quot;:&quot;&quot;,&quot;jet_parallax_layout_animation_prop&quot;:&quot;transform&quot;,&quot;jet_parallax_layout_on&quot;:[&quot;desktop&quot;,&quot;tablet&quot;]}],&quot;background_background&quot;:&quot;slideshow&quot;,&quot;background_slideshow_gallery&quot;:[{&quot;id&quot;:22210,&quot;url&quot;:&quot;https:\\\/\\\/langasjonas.com\\\/wp-content\\\/uploads\\\/2023\\\/06\\\/Stuga-S13-scaled.jpg&quot;},{&quot;id&quot;:22204,&quot;url&quot;:&quot;https:\\\/\\\/langasjonas.com\\\/wp-content\\\/uploads\\\/2023\\\/06\\\/526010-447-1_004-scaled.jpg&quot;},{&quot;id&quot;:81,&quot;url&quot;:&quot;https:\\\/\\\/langasjonas.com\\\/wp-content\\\/uploads\\\/2022\\\/01\\\/WP_20140704_15_05_38_Panorama-scaled.jpg&quot;}],&quot;shape_divider_bottom&quot;:&quot;mountains&quot;,&quot;background_slideshow_transition_duration&quot;:2000,&quot;background_slideshow_ken_burns&quot;:&quot;yes&quot;,&quot;background_slideshow_loop&quot;:&quot;yes&quot;,&quot;background_slideshow_slide_duration&quot;:5000,&quot;background_slideshow_slide_transition&quot;:&quot;fade&quot;,&quot;background_slideshow_ken_burns_zoom_direction&quot;:&quot;in&quot;}\">\n\t\t\t\t\t\t\t<div class=\"elementor-background-overlay\"><\/div>\n\t\t\t\t\t\t<div class=\"elementor-shape elementor-shape-bottom\" aria-hidden=\"true\" data-negative=\"false\">\n\t\t\t<svg xmlns=\"http:\/\/www.w3.org\/2000\/svg\" viewBox=\"0 0 1000 100\" preserveAspectRatio=\"none\">\n\t<path class=\"elementor-shape-fill\" opacity=\"0.33\" d=\"M473,67.3c-203.9,88.3-263.1-34-320.3,0C66,119.1,0,59.7,0,59.7V0h1000v59.7 c0,0-62.1,26.1-94.9,29.3c-32.8,3.3-62.8-12.3-75.8-22.1C806,49.6,745.3,8.7,694.9,4.7S492.4,59,473,67.3z\"\/>\n\t<path class=\"elementor-shape-fill\" opacity=\"0.66\" d=\"M734,67.3c-45.5,0-77.2-23.2-129.1-39.1c-28.6-8.7-150.3-10.1-254,39.1 s-91.7-34.4-149.2,0C115.7,118.3,0,39.8,0,39.8V0h1000v36.5c0,0-28.2-18.5-92.1-18.5C810.2,18.1,775.7,67.3,734,67.3z\"\/>\n\t<path class=\"elementor-shape-fill\" d=\"M766.1,28.9c-200-57.5-266,65.5-395.1,19.5C242,1.8,242,5.4,184.8,20.6C128,35.8,132.3,44.9,89.9,52.5C28.6,63.7,0,0,0,0 h1000c0,0-9.9,40.9-83.6,48.1S829.6,47,766.1,28.9z\"\/>\n<\/svg>\t\t<\/div>\n\t\t\t\t\t<div class=\"elementor-container elementor-column-gap-default\">\n\t\t\t\t\t<div class=\"elementor-column elementor-col-100 elementor-top-column elementor-element elementor-element-59260a99\" data-id=\"59260a99\" data-element_type=\"column\" data-e-type=\"column\">\n\t\t\t<div class=\"elementor-widget-wrap elementor-element-populated\">\n\t\t\t\t\t\t<div class=\"elementor-element elementor-element-1ab2b3e animated-slow elementor-invisible elementor-widget elementor-widget-image\" data-id=\"1ab2b3e\" data-element_type=\"widget\" data-e-type=\"widget\" data-settings=\"{&quot;_animation&quot;:&quot;fadeIn&quot;,&quot;_animation_delay&quot;:2000}\" data-widget_type=\"image.default\">\n\t\t\t\t<div class=\"elementor-widget-container\">\n\t\t\t\t\t\t\t\t\t\t\t\t\t\t\t<img fetchpriority=\"high\" decoding=\"async\" width=\"300\" height=\"169\" src=\"https:\/\/langasjonas.com\/wp-content\/uploads\/2022\/09\/Langasjonas_Logo_White_line02-300x169.png\" class=\"attachment-medium size-medium wp-image-3330\" alt=\"\" srcset=\"https:\/\/langasjonas.com\/wp-content\/uploads\/2022\/09\/Langasjonas_Logo_White_line02-300x169.png 300w, https:\/\/langasjonas.com\/wp-content\/uploads\/2022\/09\/Langasjonas_Logo_White_line02-768x432.png 768w, https:\/\/langasjonas.com\/wp-content\/uploads\/2022\/09\/Langasjonas_Logo_White_line02.png 1000w\" sizes=\"(max-width: 300px) 100vw, 300px\" title=\"\">\t\t\t\t\t\t\t\t\t\t\t\t\t\t\t<\/div>\n\t\t\t\t<\/div>\n\t\t\t\t\t<\/div>\n\t\t<\/div>\n\t\t\t\t\t<\/div>\n\t\t<\/section>\n\t\t\t\t<section class=\"elementor-section elementor-top-section elementor-element elementor-element-7519960 ct-section-stretched elementor-section-full_width elementor-section-height-default elementor-section-height-default\" data-id=\"7519960\" data-element_type=\"section\" data-e-type=\"section\" data-settings=\"{&quot;jet_parallax_layout_list&quot;:[]}\">\n\t\t\t\t\t\t<div class=\"elementor-container elementor-column-gap-default\">\n\t\t\t\t\t<div class=\"elementor-column elementor-col-100 elementor-top-column elementor-element elementor-element-f30fe53\" data-id=\"f30fe53\" data-element_type=\"column\" data-e-type=\"column\">\n\t\t\t<div class=\"elementor-widget-wrap elementor-element-populated\">\n\t\t\t\t\t\t<div class=\"elementor-element elementor-element-0163267 elementor-widget elementor-widget-text-editor\" data-id=\"0163267\" data-element_type=\"widget\" data-e-type=\"widget\" data-widget_type=\"text-editor.default\">\n\t\t\t\t<div class=\"elementor-widget-container\">\n\t\t\t\t\t\t\t\t\t<h1 style=\"text-align: left;\">THE LAKE PROJECT<\/h1>\n\t\t\t\t\t\t\t\t<\/div>\n\t\t\t\t<\/div>\n\t\t\t\t<div class=\"elementor-element elementor-element-ccdb2ca elementor-widget elementor-widget-heading\" data-id=\"ccdb2ca\" data-element_type=\"widget\" data-e-type=\"widget\" data-widget_type=\"heading.default\">\n\t\t\t\t<div class=\"elementor-widget-container\">\n\t\t\t\t\t<h2 class=\"elementor-heading-title elementor-size-default\">Alla s\u00e5lda stugor kommer fortfarande att finnas f\u00f6r uthyrning!<\/h2>\t\t\t\t<\/div>\n\t\t\t\t<\/div>\n\t\t\t\t<div class=\"elementor-element elementor-element-05998fe elementor-widget elementor-widget-text-editor\" data-id=\"05998fe\" data-element_type=\"widget\" data-e-type=\"widget\" data-widget_type=\"text-editor.default\">\n\t\t\t\t<div class=\"elementor-widget-container\">\n\t\t\t\t\t\t\t\t\t<h3>Om du \u00e4r van att hyra stuga av oss beh\u00f6ver du inte oroa dig. F\u00f6rs\u00e4ljningen av v\u00e5ra stugor har ingen inverkan p\u00e5 uthyrningen av v\u00e5ra stugor. Du kan fortfarande boka din stuga som vanlig, inklusive de stugor som s\u00e4ljs. Det finns n\u00e4mligen ett krav att alla stugor kommer att forts\u00e4tta hyras ut, oavsett vem som \u00e4ger stugan.<\/h3>\n<h3>Om en stuga s\u00e4ljs, f\u00e5r n\u00e4mligen \u00e4garen till denna stuga vistas i sin stuga i h\u00f6gst 60 dagar per \u00e5r, varav h\u00f6gst 21 dagar under perioden 01.06 \u2013 31.08. De \u00e5terst\u00e5ende 305 dagarna kommer L\u00e5ngasj\u00f6n\u00e4s Camping &amp; Stugby (LCS) fortfarande hyra ut stugorna.<\/h3>\n<h3>De flesta \u00e4gare kommer inte ens att anv\u00e4nda dessa 60 dagar eftersom:<\/h3>\n<ol>\n<li>\n<h3>man inte brukar ha tillr\u00e4cklig med lediga (semester) dagar att kunna utnyttja alla 60 dagar (f\u00f6rutom pension\u00e4rer).<\/h3>\n<\/li>\n<li>\n<h3>m\u00e5nga \u00e4gare vill g\u00e4rna f\u00e5 in fler hyresint\u00e4kter och genom att tillbringa mindre antal dagar i sin stuga, kommer vi att kunna hyra ut stugan flera dagar.<\/h3>\n<\/li>\n<\/ol>\n<h3>Dessutom har vi 50 stugor och alla kommer naturligtvis inte att s\u00e4ljas p\u00e5 en och samma g\u00e5ng. F\u00f6rs\u00e4ljningen r\u00e4knas att ta flera \u00e5r innan de flesta stugor blir s\u00e5lda. Men \u00e4ven n\u00e4r vi fram\u00f6ver lyckas s\u00e4lja st\u00f6rsta delen av v\u00e5ra 50 stugor, d\u00e5 forts\u00e4tter uthyrningen och du kan hyra din stuga precis som vanligt. Du kommer i princip inte m\u00e4rker n\u00e5gon skillnad.<\/h3>\n<h3>En av de stora f\u00f6rdelar med f\u00f6rs\u00e4ljningen av v\u00e5ra stugor \u00e4r att n\u00e5gon som k\u00f6per en stuga, kommer att vilja renovera och uppgradera sin stuga. Inte bara f\u00f6r att \u00f6ka sin egen komfort i stugan, men ocks\u00e5 f\u00f6r att g\u00f6ra sin stuga mer intressant f\u00f6r potentiella hyresg\u00e4ster, eftersom m\u00e5nga av v\u00e5ra kunder n\u00e4mligen s\u00f6ker efter boende med h\u00f6gre standard. Renoveringen av stugan \u00e4r n\u00e5got som LCS stimulerar p\u00e5 flera s\u00e4tt f\u00f6r \u00e4garen av stugan och LCS vill ha vi ska ha ett st\u00f6rre antal renoverade stugor med h\u00f6gre standard. Det blir allts\u00e5 en vin-vinsituation f\u00f6r alla.<\/h3>\n<h3> <\/h3>\n<h3> <\/h3>\n<h3> <\/h3>\n<h3> <\/h3>\n<h3> <\/h3>\n\t\t\t\t\t\t\t\t<\/div>\n\t\t\t\t<\/div>\n\t\t\t\t\t<\/div>\n\t\t<\/div>\n\t\t\t\t\t<\/div>\n\t\t<\/section>\n\t\t\t\t<\/div>\n\t\t","protected":false},"excerpt":{"rendered":"<p>THE LAKE PROJECT Alla s\u00e5lda stugor kommer fortfarande att finnas f\u00f6r uthyrning! Om du \u00e4r van att hyra stuga av oss beh\u00f6ver du inte oroa dig. F\u00f6rs\u00e4ljningen av v\u00e5ra stugor har ingen inverkan p\u00e5 uthyrningen av v\u00e5ra stugor. Du kan fortfarande boka din stuga som vanlig, inklusive de stugor som s\u00e4ljs. Det finns n\u00e4mligen ett [&hellip;]<\/p>\n","protected":false},"author":2,"featured_media":0,"parent":0,"menu_order":0,"comment_status":"closed","ping_status":"closed","template":"","meta":{"footnotes":""},"folder":[55],"class_list":["post-36967","page","type-page","status-publish","hentry"],"blocksy_meta":{"styles_descriptor":{"styles":{"desktop":"","tablet":"","mobile":""},"google_fonts":[],"version":6}},"_links":{"self":[{"href":"https:\/\/langasjonas.com\/da\/wp-json\/wp\/v2\/pages\/36967","targetHints":{"allow":["GET"]}}],"collection":[{"href":"https:\/\/langasjonas.com\/da\/wp-json\/wp\/v2\/pages"}],"about":[{"href":"https:\/\/langasjonas.com\/da\/wp-json\/wp\/v2\/types\/page"}],"author":[{"embeddable":true,"href":"https:\/\/langasjonas.com\/da\/wp-json\/wp\/v2\/users\/2"}],"replies":[{"embeddable":true,"href":"https:\/\/langasjonas.com\/da\/wp-json\/wp\/v2\/comments?post=36967"}],"version-history":[{"count":2,"href":"https:\/\/langasjonas.com\/da\/wp-json\/wp\/v2\/pages\/36967\/revisions"}],"predecessor-version":[{"id":37318,"href":"https:\/\/langasjonas.com\/da\/wp-json\/wp\/v2\/pages\/36967\/revisions\/37318"}],"wp:attachment":[{"href":"https:\/\/langasjonas.com\/da\/wp-json\/wp\/v2\/media?parent=36967"}],"wp:term":[{"taxonomy":"folder","embeddable":true,"href":"https:\/\/langasjonas.com\/da\/wp-json\/wp\/v2\/folder?post=36967"}],"curies":[{"name":"wp","href":"https:\/\/api.w.org\/{rel}","templated":true}]}}