{"id":23800,"date":"2023-07-02T12:32:13","date_gmt":"2023-07-02T10:32:13","guid":{"rendered":"https:\/\/langasjonas.com\/?page_id=23800"},"modified":"2024-08-25T14:30:32","modified_gmt":"2024-08-25T12:30:32","slug":"renovering-modellstuga-s13","status":"publish","type":"page","link":"https:\/\/langasjonas.com\/da\/renovering-modellstuga-s13\/","title":{"rendered":"Renovering Modellstuga S13"},"content":{"rendered":"\t\t<div data-elementor-type=\"wp-page\" data-elementor-id=\"23800\" class=\"elementor elementor-23800 elementor-23799\" data-elementor-post-type=\"page\">\n\t\t\t\t\t\t<section class=\"elementor-section elementor-top-section elementor-element elementor-element-61110a45 ct-section-stretched elementor-section-full_width elementor-section-height-min-height elementor-section-content-middle elementor-section-height-default elementor-section-items-middle\" data-id=\"61110a45\" data-element_type=\"section\" data-e-type=\"section\" data-settings=\"{&quot;jet_parallax_layout_list&quot;:[{&quot;jet_parallax_layout_image&quot;:{&quot;url&quot;:&quot;&quot;,&quot;id&quot;:&quot;&quot;,&quot;size&quot;:&quot;&quot;},&quot;_id&quot;:&quot;ead59d7&quot;,&quot;jet_parallax_layout_image_tablet&quot;:{&quot;url&quot;:&quot;&quot;,&quot;id&quot;:&quot;&quot;,&quot;size&quot;:&quot;&quot;},&quot;jet_parallax_layout_image_mobile&quot;:{&quot;url&quot;:&quot;&quot;,&quot;id&quot;:&quot;&quot;,&quot;size&quot;:&quot;&quot;},&quot;jet_parallax_layout_speed&quot;:{&quot;unit&quot;:&quot;%&quot;,&quot;size&quot;:50,&quot;sizes&quot;:[]},&quot;jet_parallax_layout_type&quot;:&quot;scroll&quot;,&quot;jet_parallax_layout_direction&quot;:null,&quot;jet_parallax_layout_fx_direction&quot;:null,&quot;jet_parallax_layout_z_index&quot;:&quot;&quot;,&quot;jet_parallax_layout_bg_x&quot;:50,&quot;jet_parallax_layout_bg_x_tablet&quot;:&quot;&quot;,&quot;jet_parallax_layout_bg_x_mobile&quot;:&quot;&quot;,&quot;jet_parallax_layout_bg_y&quot;:50,&quot;jet_parallax_layout_bg_y_tablet&quot;:&quot;&quot;,&quot;jet_parallax_layout_bg_y_mobile&quot;:&quot;&quot;,&quot;jet_parallax_layout_bg_size&quot;:&quot;auto&quot;,&quot;jet_parallax_layout_bg_size_tablet&quot;:&quot;&quot;,&quot;jet_parallax_layout_bg_size_mobile&quot;:&quot;&quot;,&quot;jet_parallax_layout_animation_prop&quot;:&quot;transform&quot;,&quot;jet_parallax_layout_on&quot;:[&quot;desktop&quot;,&quot;tablet&quot;]}],&quot;background_background&quot;:&quot;slideshow&quot;,&quot;background_slideshow_gallery&quot;:[{&quot;id&quot;:22210,&quot;url&quot;:&quot;https:\\\/\\\/langasjonas.com\\\/wp-content\\\/uploads\\\/2023\\\/06\\\/Stuga-S13-scaled.jpg&quot;},{&quot;id&quot;:22204,&quot;url&quot;:&quot;https:\\\/\\\/langasjonas.com\\\/wp-content\\\/uploads\\\/2023\\\/06\\\/526010-447-1_004-scaled-e1688296159630.jpg&quot;},{&quot;id&quot;:81,&quot;url&quot;:&quot;https:\\\/\\\/langasjonas.com\\\/wp-content\\\/uploads\\\/2022\\\/01\\\/WP_20140704_15_05_38_Panorama-scaled.jpg&quot;}],&quot;shape_divider_bottom&quot;:&quot;mountains&quot;,&quot;background_slideshow_transition_duration&quot;:2000,&quot;background_slideshow_ken_burns&quot;:&quot;yes&quot;,&quot;background_slideshow_loop&quot;:&quot;yes&quot;,&quot;background_slideshow_slide_duration&quot;:5000,&quot;background_slideshow_slide_transition&quot;:&quot;fade&quot;,&quot;background_slideshow_ken_burns_zoom_direction&quot;:&quot;in&quot;}\">\n\t\t\t\t\t\t\t<div class=\"elementor-background-overlay\"><\/div>\n\t\t\t\t\t\t<div class=\"elementor-shape elementor-shape-bottom\" aria-hidden=\"true\" data-negative=\"false\">\n\t\t\t<svg xmlns=\"http:\/\/www.w3.org\/2000\/svg\" viewBox=\"0 0 1000 100\" preserveAspectRatio=\"none\">\n\t<path class=\"elementor-shape-fill\" opacity=\"0.33\" d=\"M473,67.3c-203.9,88.3-263.1-34-320.3,0C66,119.1,0,59.7,0,59.7V0h1000v59.7 c0,0-62.1,26.1-94.9,29.3c-32.8,3.3-62.8-12.3-75.8-22.1C806,49.6,745.3,8.7,694.9,4.7S492.4,59,473,67.3z\"\/>\n\t<path class=\"elementor-shape-fill\" opacity=\"0.66\" d=\"M734,67.3c-45.5,0-77.2-23.2-129.1-39.1c-28.6-8.7-150.3-10.1-254,39.1 s-91.7-34.4-149.2,0C115.7,118.3,0,39.8,0,39.8V0h1000v36.5c0,0-28.2-18.5-92.1-18.5C810.2,18.1,775.7,67.3,734,67.3z\"\/>\n\t<path class=\"elementor-shape-fill\" d=\"M766.1,28.9c-200-57.5-266,65.5-395.1,19.5C242,1.8,242,5.4,184.8,20.6C128,35.8,132.3,44.9,89.9,52.5C28.6,63.7,0,0,0,0 h1000c0,0-9.9,40.9-83.6,48.1S829.6,47,766.1,28.9z\"\/>\n<\/svg>\t\t<\/div>\n\t\t\t\t\t<div class=\"elementor-container elementor-column-gap-default\">\n\t\t\t\t\t<div class=\"elementor-column elementor-col-100 elementor-top-column elementor-element elementor-element-59260a99\" data-id=\"59260a99\" data-element_type=\"column\" data-e-type=\"column\">\n\t\t\t<div class=\"elementor-widget-wrap elementor-element-populated\">\n\t\t\t\t\t\t<div class=\"elementor-element elementor-element-1ab2b3e animated-slow elementor-invisible elementor-widget elementor-widget-image\" data-id=\"1ab2b3e\" data-element_type=\"widget\" data-e-type=\"widget\" data-settings=\"{&quot;_animation&quot;:&quot;fadeIn&quot;,&quot;_animation_delay&quot;:2000}\" data-widget_type=\"image.default\">\n\t\t\t\t<div class=\"elementor-widget-container\">\n\t\t\t\t\t\t\t\t\t\t\t\t\t\t\t<img fetchpriority=\"high\" decoding=\"async\" width=\"300\" height=\"169\" src=\"https:\/\/langasjonas.com\/wp-content\/uploads\/2022\/09\/Langasjonas_Logo_White_line02-300x169.png\" class=\"attachment-medium size-medium wp-image-3330\" alt=\"\" srcset=\"https:\/\/langasjonas.com\/wp-content\/uploads\/2022\/09\/Langasjonas_Logo_White_line02-300x169.png 300w, https:\/\/langasjonas.com\/wp-content\/uploads\/2022\/09\/Langasjonas_Logo_White_line02-768x432.png 768w, https:\/\/langasjonas.com\/wp-content\/uploads\/2022\/09\/Langasjonas_Logo_White_line02.png 1000w\" sizes=\"(max-width: 300px) 100vw, 300px\" title=\"\">\t\t\t\t\t\t\t\t\t\t\t\t\t\t\t<\/div>\n\t\t\t\t<\/div>\n\t\t\t\t\t<\/div>\n\t\t<\/div>\n\t\t\t\t\t<\/div>\n\t\t<\/section>\n\t\t\t\t<section class=\"elementor-section elementor-top-section elementor-element elementor-element-7519960 ct-section-stretched elementor-section-full_width elementor-section-height-default elementor-section-height-default\" data-id=\"7519960\" data-element_type=\"section\" data-e-type=\"section\" data-settings=\"{&quot;jet_parallax_layout_list&quot;:[]}\">\n\t\t\t\t\t\t<div class=\"elementor-container elementor-column-gap-default\">\n\t\t\t\t\t<div class=\"elementor-column elementor-col-100 elementor-top-column elementor-element elementor-element-f30fe53\" data-id=\"f30fe53\" data-element_type=\"column\" data-e-type=\"column\">\n\t\t\t<div class=\"elementor-widget-wrap elementor-element-populated\">\n\t\t\t\t\t\t<div class=\"elementor-element elementor-element-0163267 elementor-widget elementor-widget-text-editor\" data-id=\"0163267\" data-element_type=\"widget\" data-e-type=\"widget\" data-widget_type=\"text-editor.default\">\n\t\t\t\t<div class=\"elementor-widget-container\">\n\t\t\t\t\t\t\t\t\t<h1 style=\"text-align: left;\">THE LAKE PROJECT<\/h1>\n\t\t\t\t\t\t\t\t<\/div>\n\t\t\t\t<\/div>\n\t\t\t\t<div class=\"elementor-element elementor-element-8c25290 elementor-widget elementor-widget-heading\" data-id=\"8c25290\" data-element_type=\"widget\" data-e-type=\"widget\" data-widget_type=\"heading.default\">\n\t\t\t\t<div class=\"elementor-widget-container\">\n\t\t\t\t\t<h2 class=\"elementor-heading-title elementor-size-default\">Renovering Modellstuga S13<\/h2>\t\t\t\t<\/div>\n\t\t\t\t<\/div>\n\t\t\t\t<div class=\"elementor-element elementor-element-05998fe elementor-widget elementor-widget-text-editor\" data-id=\"05998fe\" data-element_type=\"widget\" data-e-type=\"widget\" data-widget_type=\"text-editor.default\">\n\t\t\t\t<div class=\"elementor-widget-container\">\n\t\t\t\t\t\t\t\t\t<h3>Modellstuga S13 har genomg\u00e5tt en omfattande renovering utv\u00e4ndigt d\u00e4r vi har gjort f\u00f6ljande:<\/h3>\n<ol>\n<li>\n<h3>Vi har tagit bort det gamla eternittaket och ersatt det med ett pl\u00e5ttak. Samtidigt har vi lagt till isolering under det nya taket.<\/h3>\n<\/li>\n<li>\n<h3>Vi har renoverat utsidan av stugan genom att till\u00e4ggsisolera v\u00e4ggarna och bult upp med en ny yttre fasad som ger stugan ett helt nytt utseende.<\/h3>\n<\/li>\n<li>\n<h3>Vi har bytt en del av f\u00f6nster och d\u00f6rrar samt bytt ut alla f\u00f6nster och d\u00f6rrar till isolerande f\u00f6nster och d\u00f6rrar samt satt in en stor altand\u00f6rr som ger direkt tillg\u00e5ng till altanen.<\/h3>\n<\/li>\n<li>\n<h3>Vi har byggt en stor altan som g\u00e5r runt hela stugan, ett stort uterum med andra ord, d\u00e4r du kan tillbringa m\u00e5nga h\u00e4rliga stunder, med en underbar utsikt \u00f6ver sj\u00f6n och d\u00e4r du kan uppleva naturen n\u00e4r den \u00e4r som b\u00e4st.<\/h3>\n<\/li>\n<li>\n<h3>Vi har \u00e4ven installerat en v\u00e4rmepump.<\/h3>\n<\/li>\n<li>\n<h3>Inuti rev vi hela inredningen.<\/h3>\n<\/li>\n<li>\n<h3>Vi har tagit bort golvet, lagt i golvisolering och sedan lagt nytt golv.<\/h3>\n<\/li>\n<li>\n<h3>Vi satt upp nya v\u00e4ggar enligt den nya planl\u00f6sningen, med tv\u00e5 sovrum, badrum, nytt k\u00f6k och vardagsrum.<\/h3>\n<\/li>\n<li>\n<h3>Vi satt upp tr\u00e4paneler p\u00e5 v\u00e4ggen f\u00f6r att ge stugan ett autentiskt utseende och en varm k\u00e4nsla.<\/h3>\n<\/li>\n<li>\n<h3>Vi installerade en helt ny inredning, med nya m\u00f6bler, nya s\u00e4ngar, TV m.m.<\/h3>\n<\/li>\n<\/ol>\n<h3> <\/h3>\n\t\t\t\t\t\t\t\t<\/div>\n\t\t\t\t<\/div>\n\t\t\t\t\t<\/div>\n\t\t<\/div>\n\t\t\t\t\t<\/div>\n\t\t<\/section>\n\t\t\t\t<\/div>\n\t\t","protected":false},"excerpt":{"rendered":"<p>THE LAKE PROJECT Renovering Modellstuga S13 Modellstuga S13 har genomg\u00e5tt en omfattande renovering utv\u00e4ndigt d\u00e4r vi har gjort f\u00f6ljande: Vi har tagit bort det gamla eternittaket och ersatt det med ett pl\u00e5ttak. Samtidigt har vi lagt till isolering under det nya taket. Vi har renoverat utsidan av stugan genom att till\u00e4ggsisolera v\u00e4ggarna och bult upp [&hellip;]<\/p>\n","protected":false},"author":2,"featured_media":0,"parent":0,"menu_order":0,"comment_status":"closed","ping_status":"closed","template":"","meta":{"footnotes":""},"folder":[55],"class_list":["post-23800","page","type-page","status-publish","hentry"],"blocksy_meta":{"styles_descriptor":{"styles":{"desktop":"","tablet":"","mobile":""},"google_fonts":[],"version":6}},"_links":{"self":[{"href":"https:\/\/langasjonas.com\/da\/wp-json\/wp\/v2\/pages\/23800","targetHints":{"allow":["GET"]}}],"collection":[{"href":"https:\/\/langasjonas.com\/da\/wp-json\/wp\/v2\/pages"}],"about":[{"href":"https:\/\/langasjonas.com\/da\/wp-json\/wp\/v2\/types\/page"}],"author":[{"embeddable":true,"href":"https:\/\/langasjonas.com\/da\/wp-json\/wp\/v2\/users\/2"}],"replies":[{"embeddable":true,"href":"https:\/\/langasjonas.com\/da\/wp-json\/wp\/v2\/comments?post=23800"}],"version-history":[{"count":7,"href":"https:\/\/langasjonas.com\/da\/wp-json\/wp\/v2\/pages\/23800\/revisions"}],"predecessor-version":[{"id":43877,"href":"https:\/\/langasjonas.com\/da\/wp-json\/wp\/v2\/pages\/23800\/revisions\/43877"}],"wp:attachment":[{"href":"https:\/\/langasjonas.com\/da\/wp-json\/wp\/v2\/media?parent=23800"}],"wp:term":[{"taxonomy":"folder","embeddable":true,"href":"https:\/\/langasjonas.com\/da\/wp-json\/wp\/v2\/folder?post=23800"}],"curies":[{"name":"wp","href":"https:\/\/api.w.org\/{rel}","templated":true}]}}