{"id":20895,"date":"2023-04-09T19:14:03","date_gmt":"2023-04-09T17:14:03","guid":{"rendered":"https:\/\/langasjonas.com\/?page_id=20895"},"modified":"2024-07-31T12:15:12","modified_gmt":"2024-07-31T10:15:12","slug":"the-lake-cottage","status":"publish","type":"page","link":"https:\/\/langasjonas.com\/da\/the-lake-cottage\/","title":{"rendered":"The Lake Cottage"},"content":{"rendered":"\t\t<div data-elementor-type=\"wp-page\" data-elementor-id=\"20895\" class=\"elementor elementor-20895\" data-elementor-post-type=\"page\">\n\t\t\t\t\t\t<section class=\"elementor-section elementor-top-section elementor-element elementor-element-61110a45 ct-section-stretched elementor-section-full_width elementor-section-height-min-height elementor-section-content-middle elementor-section-height-default elementor-section-items-middle\" data-id=\"61110a45\" data-element_type=\"section\" data-e-type=\"section\" data-settings=\"{&quot;jet_parallax_layout_list&quot;:[{&quot;jet_parallax_layout_image&quot;:{&quot;url&quot;:&quot;&quot;,&quot;id&quot;:&quot;&quot;,&quot;size&quot;:&quot;&quot;},&quot;_id&quot;:&quot;ead59d7&quot;,&quot;jet_parallax_layout_image_tablet&quot;:{&quot;url&quot;:&quot;&quot;,&quot;id&quot;:&quot;&quot;,&quot;size&quot;:&quot;&quot;},&quot;jet_parallax_layout_image_mobile&quot;:{&quot;url&quot;:&quot;&quot;,&quot;id&quot;:&quot;&quot;,&quot;size&quot;:&quot;&quot;},&quot;jet_parallax_layout_speed&quot;:{&quot;unit&quot;:&quot;%&quot;,&quot;size&quot;:50,&quot;sizes&quot;:[]},&quot;jet_parallax_layout_type&quot;:&quot;scroll&quot;,&quot;jet_parallax_layout_direction&quot;:null,&quot;jet_parallax_layout_fx_direction&quot;:null,&quot;jet_parallax_layout_z_index&quot;:&quot;&quot;,&quot;jet_parallax_layout_bg_x&quot;:50,&quot;jet_parallax_layout_bg_x_tablet&quot;:&quot;&quot;,&quot;jet_parallax_layout_bg_x_mobile&quot;:&quot;&quot;,&quot;jet_parallax_layout_bg_y&quot;:50,&quot;jet_parallax_layout_bg_y_tablet&quot;:&quot;&quot;,&quot;jet_parallax_layout_bg_y_mobile&quot;:&quot;&quot;,&quot;jet_parallax_layout_bg_size&quot;:&quot;auto&quot;,&quot;jet_parallax_layout_bg_size_tablet&quot;:&quot;&quot;,&quot;jet_parallax_layout_bg_size_mobile&quot;:&quot;&quot;,&quot;jet_parallax_layout_animation_prop&quot;:&quot;transform&quot;,&quot;jet_parallax_layout_on&quot;:[&quot;desktop&quot;,&quot;tablet&quot;]}],&quot;background_background&quot;:&quot;classic&quot;,&quot;shape_divider_bottom&quot;:&quot;mountains&quot;}\">\n\t\t\t\t\t\t\t<div class=\"elementor-background-overlay\"><\/div>\n\t\t\t\t\t\t<div class=\"elementor-shape elementor-shape-bottom\" aria-hidden=\"true\" data-negative=\"false\">\n\t\t\t<svg xmlns=\"http:\/\/www.w3.org\/2000\/svg\" viewBox=\"0 0 1000 100\" preserveAspectRatio=\"none\">\n\t<path class=\"elementor-shape-fill\" opacity=\"0.33\" d=\"M473,67.3c-203.9,88.3-263.1-34-320.3,0C66,119.1,0,59.7,0,59.7V0h1000v59.7 c0,0-62.1,26.1-94.9,29.3c-32.8,3.3-62.8-12.3-75.8-22.1C806,49.6,745.3,8.7,694.9,4.7S492.4,59,473,67.3z\"\/>\n\t<path class=\"elementor-shape-fill\" opacity=\"0.66\" d=\"M734,67.3c-45.5,0-77.2-23.2-129.1-39.1c-28.6-8.7-150.3-10.1-254,39.1 s-91.7-34.4-149.2,0C115.7,118.3,0,39.8,0,39.8V0h1000v36.5c0,0-28.2-18.5-92.1-18.5C810.2,18.1,775.7,67.3,734,67.3z\"\/>\n\t<path class=\"elementor-shape-fill\" d=\"M766.1,28.9c-200-57.5-266,65.5-395.1,19.5C242,1.8,242,5.4,184.8,20.6C128,35.8,132.3,44.9,89.9,52.5C28.6,63.7,0,0,0,0 h1000c0,0-9.9,40.9-83.6,48.1S829.6,47,766.1,28.9z\"\/>\n<\/svg>\t\t<\/div>\n\t\t\t\t\t<div class=\"elementor-container elementor-column-gap-default\">\n\t\t\t\t\t<div class=\"elementor-column elementor-col-100 elementor-top-column elementor-element elementor-element-59260a99\" data-id=\"59260a99\" data-element_type=\"column\" data-e-type=\"column\">\n\t\t\t<div class=\"elementor-widget-wrap elementor-element-populated\">\n\t\t\t\t\t\t<div class=\"elementor-element elementor-element-3d76e39 animated-slow elementor-invisible elementor-widget elementor-widget-image\" data-id=\"3d76e39\" data-element_type=\"widget\" data-e-type=\"widget\" data-settings=\"{&quot;_animation&quot;:&quot;fadeIn&quot;,&quot;_animation_delay&quot;:2000}\" data-widget_type=\"image.default\">\n\t\t\t\t<div class=\"elementor-widget-container\">\n\t\t\t\t\t\t\t\t\t\t\t\t\t\t\t<img fetchpriority=\"high\" decoding=\"async\" width=\"300\" height=\"169\" src=\"https:\/\/langasjonas.com\/wp-content\/uploads\/2022\/09\/Langasjonas_Logo_White_line02-300x169.png\" class=\"attachment-medium size-medium wp-image-3330\" alt=\"\" srcset=\"https:\/\/langasjonas.com\/wp-content\/uploads\/2022\/09\/Langasjonas_Logo_White_line02-300x169.png 300w, https:\/\/langasjonas.com\/wp-content\/uploads\/2022\/09\/Langasjonas_Logo_White_line02-768x432.png 768w, https:\/\/langasjonas.com\/wp-content\/uploads\/2022\/09\/Langasjonas_Logo_White_line02.png 1000w\" sizes=\"(max-width: 300px) 100vw, 300px\" title=\"\">\t\t\t\t\t\t\t\t\t\t\t\t\t\t\t<\/div>\n\t\t\t\t<\/div>\n\t\t\t\t\t<\/div>\n\t\t<\/div>\n\t\t\t\t\t<\/div>\n\t\t<\/section>\n\t\t\t\t<section class=\"elementor-section elementor-top-section elementor-element elementor-element-7519960 ct-section-stretched elementor-section-boxed elementor-section-height-default elementor-section-height-default\" data-id=\"7519960\" data-element_type=\"section\" data-e-type=\"section\" data-settings=\"{&quot;jet_parallax_layout_list&quot;:[]}\">\n\t\t\t\t\t\t<div class=\"elementor-container elementor-column-gap-default\">\n\t\t\t\t\t<div class=\"elementor-column elementor-col-50 elementor-top-column elementor-element elementor-element-f30fe53\" data-id=\"f30fe53\" data-element_type=\"column\" data-e-type=\"column\">\n\t\t\t<div class=\"elementor-widget-wrap elementor-element-populated\">\n\t\t\t\t\t\t<div class=\"elementor-element elementor-element-f15acce elementor-align-center elementor-hidden-desktop elementor-hidden-tablet elementor-widget elementor-widget-button\" data-id=\"f15acce\" data-element_type=\"widget\" data-e-type=\"widget\" data-widget_type=\"button.default\">\n\t\t\t\t<div class=\"elementor-widget-container\">\n\t\t\t\t\t\t\t\t\t<div class=\"elementor-button-wrapper\">\n\t\t\t\t\t<a class=\"elementor-button elementor-button-link elementor-size-sm\" href=\"https:\/\/www.bokadirekt.se\/places\/the-lake-cottage-57300\" target=\"_blank\" rel=\"noopener\">\n\t\t\t\t\t\t<span class=\"elementor-button-content-wrapper\">\n\t\t\t\t\t\t\t\t\t<span class=\"elementor-button-text\">Book nu!<\/span>\n\t\t\t\t\t<\/span>\n\t\t\t\t\t<\/a>\n\t\t\t\t<\/div>\n\t\t\t\t\t\t\t\t<\/div>\n\t\t\t\t<\/div>\n\t\t\t\t<div class=\"elementor-element elementor-element-05f1421 elementor-widget elementor-widget-image\" data-id=\"05f1421\" data-element_type=\"widget\" data-e-type=\"widget\" data-widget_type=\"image.default\">\n\t\t\t\t<div class=\"elementor-widget-container\">\n\t\t\t\t\t\t\t\t\t\t\t\t\t\t\t<img decoding=\"async\" width=\"257\" height=\"165\" src=\"https:\/\/langasjonas.com\/wp-content\/uploads\/2023\/04\/TLC2-256.png\" class=\"attachment-full size-full wp-image-20906\" alt=\"The Lake Cottage\" title=\"\">\t\t\t\t\t\t\t\t\t\t\t\t\t\t\t<\/div>\n\t\t\t\t<\/div>\n\t\t\t\t<div class=\"elementor-element elementor-element-ebac9e8 elementor-widget elementor-widget-heading\" data-id=\"ebac9e8\" data-element_type=\"widget\" data-e-type=\"widget\" data-widget_type=\"heading.default\">\n\t\t\t\t<div class=\"elementor-widget-container\">\n\t\t\t\t\t<h1 class=\"elementor-heading-title elementor-size-default\">The Lake Cottage<br><\/h1>\t\t\t\t<\/div>\n\t\t\t\t<\/div>\n\t\t\t\t<div class=\"elementor-element elementor-element-8ada2b2 elementor-widget elementor-widget-heading\" data-id=\"8ada2b2\" data-element_type=\"widget\" data-e-type=\"widget\" data-widget_type=\"heading.default\">\n\t\t\t\t<div class=\"elementor-widget-container\">\n\t\t\t\t\t<h3 class=\"elementor-heading-title elementor-size-default\">Ansigtsbehandling, andullationsmassage og r\u00f8dlysterapi i campingomr\u00e5det<\/h3>\t\t\t\t<\/div>\n\t\t\t\t<\/div>\n\t\t\t\t<div class=\"elementor-element elementor-element-547aec3 elementor-widget elementor-widget-text-editor\" data-id=\"547aec3\" data-element_type=\"widget\" data-e-type=\"widget\" data-widget_type=\"text-editor.default\">\n\t\t\t\t<div class=\"elementor-widget-container\">\n\t\t\t\t\t\t\t\t\t<p>Hjertelig velkommen til The Lake Cottage p\u00e5 L\u00e5ngasj\u00f6n\u00e4s Camping. Vores lille hytte ligger ved siden af receptionen, lige ved vandet og b\u00e5dbroen. Her kan du bestille en dybderensende ansigtsbehandling, en afslappende \u00e5ndedr\u00e6tsmassage eller en velg\u00f8rende r\u00f8dlysterapi.<\/p>\n<p>Mit navn er Alexandra, og jeg er utrolig taknemmelig for at kunne drive min lille virksomhed et sted, der ligger mig meget p\u00e5 sinde, nemlig L\u00e5ngasj\u00f6n\u00e4s.<\/p>\n\t\t\t\t\t\t\t\t<\/div>\n\t\t\t\t<\/div>\n\t\t\t\t<div class=\"elementor-element elementor-element-ad94cf1 elementor-widget elementor-widget-heading\" data-id=\"ad94cf1\" data-element_type=\"widget\" data-e-type=\"widget\" data-widget_type=\"heading.default\">\n\t\t\t\t<div class=\"elementor-widget-container\">\n\t\t\t\t\t<h3 class=\"elementor-heading-title elementor-size-default\">Ansigtsbehandling<\/h3>\t\t\t\t<\/div>\n\t\t\t\t<\/div>\n\t\t\t\t<div class=\"elementor-element elementor-element-8b6fa8c elementor-widget elementor-widget-text-editor\" data-id=\"8b6fa8c\" data-element_type=\"widget\" data-e-type=\"widget\" data-widget_type=\"text-editor.default\">\n\t\t\t\t<div class=\"elementor-widget-container\">\n\t\t\t\t\t\t\t\t\t<p><img decoding=\"async\" class=\" wp-image-40425 alignleft\" src=\"https:\/\/langasjonas.com\/wp-content\/uploads\/2024\/03\/ansiktsbehandling_thelakecottage-300x300.jpeg\" alt=\"Ansigtsbehandling i The Lake Cottage\" width=\"251\" height=\"251\" title=\"\" srcset=\"https:\/\/langasjonas.com\/wp-content\/uploads\/2024\/03\/ansiktsbehandling_thelakecottage-300x300.jpeg 300w, https:\/\/langasjonas.com\/wp-content\/uploads\/2024\/03\/ansiktsbehandling_thelakecottage-1024x1024.jpeg 1024w, https:\/\/langasjonas.com\/wp-content\/uploads\/2024\/03\/ansiktsbehandling_thelakecottage-150x150.jpeg 150w, https:\/\/langasjonas.com\/wp-content\/uploads\/2024\/03\/ansiktsbehandling_thelakecottage-768x768.jpeg 768w, https:\/\/langasjonas.com\/wp-content\/uploads\/2024\/03\/ansiktsbehandling_thelakecottage.jpeg 1080w\" sizes=\"(max-width: 251px) 100vw, 251px\" \/><\/p>\n<p>En afslappende og dybderensende ansigtsbehandling.<\/p>\n<p>Afrensning, peeling, let ansigts- og dekollet\u00e9massage, muddermaske, serum og dag-\/natcreme.<\/p>\n<p>Produkterne, der bruges i denne behandling, har en dejlig duft og kommer fra Ax&amp;Lin i S\u00f6lvesborg. Det er de ogs\u00e5:<br \/>&#8211; Prisvindende<br \/>&#8211; \u00d8kologisk<br \/>&#8211; Naturlig<br \/>&#8211; Vegansk<\/p>\n<p>Behandlingen tager ca. 30 minutter. Brug ingen makeup, n\u00e5r du booker denne behandling!<\/p>\n\t\t\t\t\t\t\t\t<\/div>\n\t\t\t\t<\/div>\n\t\t\t\t<div class=\"elementor-element elementor-element-30d54d3 elementor-widget elementor-widget-heading\" data-id=\"30d54d3\" data-element_type=\"widget\" data-e-type=\"widget\" data-widget_type=\"heading.default\">\n\t\t\t\t<div class=\"elementor-widget-container\">\n\t\t\t\t\t<h3 class=\"elementor-heading-title elementor-size-default\">Andullation<\/h3>\t\t\t\t<\/div>\n\t\t\t\t<\/div>\n\t\t\t\t<div class=\"elementor-element elementor-element-6f392b7 elementor-widget elementor-widget-text-editor\" data-id=\"6f392b7\" data-element_type=\"widget\" data-e-type=\"widget\" data-widget_type=\"text-editor.default\">\n\t\t\t\t<div class=\"elementor-widget-container\">\n\t\t\t\t\t\t\t\t\t<p><img loading=\"lazy\" decoding=\"async\" class=\"size-medium wp-image-40431 alignright\" src=\"https:\/\/langasjonas.com\/wp-content\/uploads\/2024\/03\/84bfb3fc-1b2c-486b-bf43-51af0496ee95-300x169.webp\" alt=\"Andullation p\u00e5 The Lake Cottage\" width=\"300\" height=\"169\" title=\"\" srcset=\"https:\/\/langasjonas.com\/wp-content\/uploads\/2024\/03\/84bfb3fc-1b2c-486b-bf43-51af0496ee95-300x169.webp 300w, https:\/\/langasjonas.com\/wp-content\/uploads\/2024\/03\/84bfb3fc-1b2c-486b-bf43-51af0496ee95-1024x576.webp 1024w, https:\/\/langasjonas.com\/wp-content\/uploads\/2024\/03\/84bfb3fc-1b2c-486b-bf43-51af0496ee95-768x432.webp 768w, https:\/\/langasjonas.com\/wp-content\/uploads\/2024\/03\/84bfb3fc-1b2c-486b-bf43-51af0496ee95-1536x864.webp 1536w, https:\/\/langasjonas.com\/wp-content\/uploads\/2024\/03\/84bfb3fc-1b2c-486b-bf43-51af0496ee95.webp 1600w\" sizes=\"(max-width: 300px) 100vw, 300px\" \/>Andullationsmassage er en fantastisk oplevelse og rigtig god, hvis du lider af rygsmerter, fibromyalgi, s\u00f8vnproblemer eller stress. Du ligger p\u00e5 en \u00e5ndbar seng if\u00f8rt behageligt t\u00f8j, der kombinerer vibrationer med infrar\u00f8d varme for at \u00f8ge velv\u00e6re og afslapning og samtidig udl\u00f8se mange gavnlige processer i b\u00e5de muskler og indre organer.<\/p>\n<p>Andullation virker p\u00e5 forskellige niveauer: b\u00e5de fysisk og mentalt. Teknologien er ikke rettet mod et specifikt organ eller organsystem, men p\u00e5virker de essentielle kropsfunktioner positivt. Andullation er meget effektiv til at reducere symptomerne og giver personen mulighed for at genvinde livskvaliteten. Der er ingen h\u00e5rdhed eller tryk, som nogle mennesker finder smertefuldt i nogle massagestole eller l\u00e6nestole. P\u00e5 andullationssystemet ligger du behageligt p\u00e5 ryggen. Den liggende stilling giver dig st\u00f8rre afslapning, da din rygs\u00f8jle ikke beh\u00f8ver at b\u00e6re din kropsv\u00e6gt. N\u00e5r benene er h\u00e6vet, fremmes blodcirkulationen, og der opn\u00e5s en korrekt lymfedr\u00e6nage under en andullationssession. I denne stilling er du helt afslappet og undg\u00e5r un\u00f8dvendige muskelsp\u00e6ndinger, hvilket \u00f8ger behandlingens effektivitet: jo mere afslappet du er, jo st\u00f8rre effekt har behandlingen.<\/p>\n<p>Bem\u00e6rk venligst: Hvis du lider af feber, akut bet\u00e6ndelse, kr\u00e6ft (du skal v\u00e6re udredt og f\u00e6rdigbehandlet, hvis du booker andullation), eller hvis du er mist\u00e6nkt for at have en blodprop\/trombose, skal du ikke booke andullation. Det samme g\u00e6lder under graviditet, eller hvis du b\u00e6rer en kunstig pacemaker. Hvis du har f\u00e5et en vaccine, anbefaler vi, at du tidligst bestiller tidligst 2 uger efter.<\/p>\n\t\t\t\t\t\t\t\t<\/div>\n\t\t\t\t<\/div>\n\t\t\t\t<div class=\"elementor-element elementor-element-71ba1d5 elementor-widget elementor-widget-heading\" data-id=\"71ba1d5\" data-element_type=\"widget\" data-e-type=\"widget\" data-widget_type=\"heading.default\">\n\t\t\t\t<div class=\"elementor-widget-container\">\n\t\t\t\t\t<h3 class=\"elementor-heading-title elementor-size-default\">Terapi med r\u00f8dt lys<\/h3>\t\t\t\t<\/div>\n\t\t\t\t<\/div>\n\t\t\t\t<div class=\"elementor-element elementor-element-b6d7e17 elementor-widget elementor-widget-text-editor\" data-id=\"b6d7e17\" data-element_type=\"widget\" data-e-type=\"widget\" data-widget_type=\"text-editor.default\">\n\t\t\t\t<div class=\"elementor-widget-container\">\n\t\t\t\t\t\t\t\t\t<p><img loading=\"lazy\" decoding=\"async\" class=\"size-medium wp-image-40437 alignleft\" src=\"https:\/\/langasjonas.com\/wp-content\/uploads\/2024\/03\/redlight-300x177.png\" alt=\"R\u00f8dlysterapi p\u00e5 The Lake Cottage\" width=\"300\" height=\"177\" title=\"\" srcset=\"https:\/\/langasjonas.com\/wp-content\/uploads\/2024\/03\/redlight-300x177.png 300w, https:\/\/langasjonas.com\/wp-content\/uploads\/2024\/03\/redlight-1024x603.png 1024w, https:\/\/langasjonas.com\/wp-content\/uploads\/2024\/03\/redlight-768x452.png 768w, https:\/\/langasjonas.com\/wp-content\/uploads\/2024\/03\/redlight-1536x905.png 1536w, https:\/\/langasjonas.com\/wp-content\/uploads\/2024\/03\/redlight.png 1920w\" sizes=\"(max-width: 300px) 100vw, 300px\" \/>R\u00f8dlysterapi indeb\u00e6rer behandling af kroppen med r\u00f8dt lys og n\u00e6rinfrar\u00f8dt lys. For at udf\u00f8re behandlingen bruger vi et st\u00f8rre r\u00f8dt lyspanel. Det anbefales, at du har s\u00e5 lidt t\u00f8j p\u00e5 som muligt. Hvis du f\u00f8ler dig utilpas med det, kan du b\u00e6re tyndt, hvidt t\u00f8j. Du kan forvente, at effekten ikke vil v\u00e6re s\u00e5 stor som uden t\u00f8j. Vi har et lille separat rum, hvor du st\u00e5r alene. Efter behandlingen kan man opleve en vis varmeudvikling p\u00e5 grund af det n\u00e6rinfrar\u00f8de lys, men selve behandlingen anses ikke for at v\u00e6re varmegenererende. Det anbefales at gennemf\u00f8re flere sessioner for at opn\u00e5 den bedste effekt.<\/p>\n<\/p>\n<p>  &#8211; Forbedrer hudens sundhed og kan hj\u00e6lpe mod akne og andre hudproblemer.<br \/>  &#8211; Reducering af inflammation<br \/>  &#8211; Fremmer s\u00e5rheling og reducerer ardannelse.<br \/>  &#8211; \u00d8ger produktionen af kollagen, hvilket reducerer rynker og forbedrer hudens elasticitet.<br \/>  &#8211; Lindrer smerter og bet\u00e6ndelse i led og muskler.<br \/>  &#8211; Forbedrer blodcirkulationen og iltningen i kroppen.<br \/>  &#8211; Lindrer migr\u00e6ne og sp\u00e6ndingshovedpine.<br \/>  &#8211; Fremmer afslapning og forbedrer s\u00f8vnen.<br \/>  &#8211; Reducerer stress og angst.<br \/>  &#8211; Forbedrer hum\u00f8ret og reducerer symptomer p\u00e5 depression.<br \/>  &#8211; \u00d8ger energiniveauet og forbedrer koncentrationen.<br \/>  &#8211; Lindrer symptomer p\u00e5 fibromyalgi og andre smertetilstande.<br \/>  &#8211; Forbedrer synet og afhj\u00e6lper \u00f8jenproblemer.<br \/>  &#8211; Stimulerer h\u00e5rv\u00e6kst og forbedrer h\u00e5rets sundhed.<br \/>  &#8211; Styrker immunforsvaret og fremmer den generelle sundhed.<br \/>  &#8211; Reducerer cellulite og forbedrer hudens struktur.<br \/>  &#8211; Lindrer symptomer p\u00e5 rosacea og andre hudsygdomme.<br \/>  &#8211; Forbedrer ardannelse efter kirurgiske indgreb.<br \/>  &#8211; Lindrer symptomer p\u00e5 psoriasis og eksem.<br \/>  &#8211; Forbedrer ydeevne og restitution under tr\u00e6ning.<\/p>\n<\/p>\n<p>Du b\u00f8r ikke bestille r\u00f8dlysterapi, hvis du har eller mist\u00e6nker, at du har kr\u00e6ft.<\/p>\n<\/p>\n<p>Du kan f\u00e5 flere oplysninger p\u00e5 vores websted eller ringe til os. Kontaktoplysninger nedenfor eller til h\u00f8jre p\u00e5 denne side.<\/p>\n\t\t\t\t\t\t\t\t<\/div>\n\t\t\t\t<\/div>\n\t\t\t\t\t<\/div>\n\t\t<\/div>\n\t\t\t\t<div class=\"jet-sticky-column elementor-column elementor-col-50 elementor-top-column elementor-element elementor-element-f4cef22\" data-jet-settings=\"{&quot;id&quot;:&quot;f4cef22&quot;,&quot;sticky&quot;:true,&quot;topSpacing&quot;:120,&quot;bottomSpacing&quot;:&quot;&quot;,&quot;stickyOn&quot;:[&quot;desktop&quot;,&quot;tablet&quot;]}\" data-id=\"f4cef22\" data-element_type=\"column\" data-e-type=\"column\">\n\t\t\t<div class=\"elementor-widget-wrap elementor-element-populated\">\n\t\t\t\t\t\t<div class=\"elementor-element elementor-element-11f21f3 elementor-align-center elementor-widget elementor-widget-button\" data-id=\"11f21f3\" data-element_type=\"widget\" data-e-type=\"widget\" data-widget_type=\"button.default\">\n\t\t\t\t<div class=\"elementor-widget-container\">\n\t\t\t\t\t\t\t\t\t<div class=\"elementor-button-wrapper\">\n\t\t\t\t\t<a class=\"elementor-button elementor-button-link elementor-size-sm\" href=\"https:\/\/www.bokadirekt.se\/places\/the-lake-cottage-57300\" target=\"_blank\" rel=\"noopener\">\n\t\t\t\t\t\t<span class=\"elementor-button-content-wrapper\">\n\t\t\t\t\t\t\t\t\t<span class=\"elementor-button-text\">Book nu!<\/span>\n\t\t\t\t\t<\/span>\n\t\t\t\t\t<\/a>\n\t\t\t\t<\/div>\n\t\t\t\t\t\t\t\t<\/div>\n\t\t\t\t<\/div>\n\t\t\t\t<div class=\"elementor-element elementor-element-deee2e4 elementor-widget-divider--view-line_icon elementor-view-default elementor-widget-divider--element-align-center elementor-widget elementor-widget-divider\" data-id=\"deee2e4\" data-element_type=\"widget\" data-e-type=\"widget\" data-widget_type=\"divider.default\">\n\t\t\t\t<div class=\"elementor-widget-container\">\n\t\t\t\t\t\t\t<div class=\"elementor-divider\">\n\t\t\t<span class=\"elementor-divider-separator\">\n\t\t\t\t\t\t\t<div class=\"elementor-icon elementor-divider__element\">\n\t\t\t\t\t<i aria-hidden=\"true\" class=\"fas fa-angle-up\"><\/i><\/div>\n\t\t\t\t\t\t<\/span>\n\t\t<\/div>\n\t\t\t\t\t\t<\/div>\n\t\t\t\t<\/div>\n\t\t\t\t<div class=\"elementor-element elementor-element-d85145d elementor-widget elementor-widget-heading\" data-id=\"d85145d\" data-element_type=\"widget\" data-e-type=\"widget\" data-widget_type=\"heading.default\">\n\t\t\t\t<div class=\"elementor-widget-container\">\n\t\t\t\t\t<h5 class=\"elementor-heading-title elementor-size-default\">Kontakt<\/h5>\t\t\t\t<\/div>\n\t\t\t\t<\/div>\n\t\t\t\t<div class=\"elementor-element elementor-element-841649d elementor-align-center elementor-icon-list--layout-traditional elementor-list-item-link-full_width elementor-widget elementor-widget-icon-list\" data-id=\"841649d\" data-element_type=\"widget\" data-e-type=\"widget\" data-widget_type=\"icon-list.default\">\n\t\t\t\t<div class=\"elementor-widget-container\">\n\t\t\t\t\t\t\t<ul class=\"elementor-icon-list-items\">\n\t\t\t\t\t\t\t<li class=\"elementor-icon-list-item\">\n\t\t\t\t\t\t\t\t\t\t\t<a href=\"https:\/\/thelakecottage.se\" target=\"_blank\" rel=\"noopener\">\n\n\t\t\t\t\t\t\t\t\t\t\t\t<span class=\"elementor-icon-list-icon\">\n\t\t\t\t\t\t\t<i aria-hidden=\"true\" class=\"far fa-window-restore\"><\/i>\t\t\t\t\t\t<\/span>\n\t\t\t\t\t\t\t\t\t\t<span class=\"elementor-icon-list-text\">thelakecottage.se<\/span>\n\t\t\t\t\t\t\t\t\t\t\t<\/a>\n\t\t\t\t\t\t\t\t\t<\/li>\n\t\t\t\t\t\t\t\t<li class=\"elementor-icon-list-item\">\n\t\t\t\t\t\t\t\t\t\t\t<a href=\"tel:+46731501120\">\n\n\t\t\t\t\t\t\t\t\t\t\t\t<span class=\"elementor-icon-list-icon\">\n\t\t\t\t\t\t\t<i aria-hidden=\"true\" class=\"fas fa-phone-volume\"><\/i>\t\t\t\t\t\t<\/span>\n\t\t\t\t\t\t\t\t\t\t<span class=\"elementor-icon-list-text\">0731 - 50 11 20<\/span>\n\t\t\t\t\t\t\t\t\t\t\t<\/a>\n\t\t\t\t\t\t\t\t\t<\/li>\n\t\t\t\t\t\t<\/ul>\n\t\t\t\t\t\t<\/div>\n\t\t\t\t<\/div>\n\t\t\t\t<div class=\"elementor-element elementor-element-25bc58b elementor-widget-divider--view-line_icon elementor-view-default elementor-widget-divider--element-align-center elementor-widget elementor-widget-divider\" data-id=\"25bc58b\" data-element_type=\"widget\" data-e-type=\"widget\" data-widget_type=\"divider.default\">\n\t\t\t\t<div class=\"elementor-widget-container\">\n\t\t\t\t\t\t\t<div class=\"elementor-divider\">\n\t\t\t<span class=\"elementor-divider-separator\">\n\t\t\t\t\t\t\t<div class=\"elementor-icon elementor-divider__element\">\n\t\t\t\t\t<i aria-hidden=\"true\" class=\"fas fa-angle-up\"><\/i><\/div>\n\t\t\t\t\t\t<\/span>\n\t\t<\/div>\n\t\t\t\t\t\t<\/div>\n\t\t\t\t<\/div>\n\t\t\t\t<div class=\"elementor-element elementor-element-bc80401 elementor-widget elementor-widget-heading\" data-id=\"bc80401\" data-element_type=\"widget\" data-e-type=\"widget\" data-widget_type=\"heading.default\">\n\t\t\t\t<div class=\"elementor-widget-container\">\n\t\t\t\t\t<h5 class=\"elementor-heading-title elementor-size-default\">\u00c5bningstider<\/h5>\t\t\t\t<\/div>\n\t\t\t\t<\/div>\n\t\t\t\t<div class=\"elementor-element elementor-element-fbf3283 elementor-widget elementor-widget-text-editor\" data-id=\"fbf3283\" data-element_type=\"widget\" data-e-type=\"widget\" data-widget_type=\"text-editor.default\">\n\t\t\t\t<div class=\"elementor-widget-container\">\n\t\t\t\t\t\t\t\t\t<p class=\"has-text-align-center has-palette-color-3-color has-text-color wp-block-heading\">Onsdag<br \/>10:00 &#8211; 12.00<br \/>13.00 &#8211; 18.00<br \/>Torsdag<br \/>10:00 &#8211; 12.00<br \/>13.00 &#8211; 18.00<br \/>Fredag<br \/>10:00 &#8211; 12.00<br \/>13.00 &#8211; 18.00<br \/>L\u00f8rdag<br \/>10:00 &#8211; 16.00<\/p>\n\t\t\t\t\t\t\t\t<\/div>\n\t\t\t\t<\/div>\n\t\t\t\t<div class=\"elementor-element elementor-element-5dbe292 elementor-widget-divider--view-line_icon elementor-view-default elementor-widget-divider--element-align-center elementor-widget elementor-widget-divider\" data-id=\"5dbe292\" data-element_type=\"widget\" data-e-type=\"widget\" data-widget_type=\"divider.default\">\n\t\t\t\t<div class=\"elementor-widget-container\">\n\t\t\t\t\t\t\t<div class=\"elementor-divider\">\n\t\t\t<span class=\"elementor-divider-separator\">\n\t\t\t\t\t\t\t<div class=\"elementor-icon elementor-divider__element\">\n\t\t\t\t\t<i aria-hidden=\"true\" class=\"fas fa-angle-up\"><\/i><\/div>\n\t\t\t\t\t\t<\/span>\n\t\t<\/div>\n\t\t\t\t\t\t<\/div>\n\t\t\t\t<\/div>\n\t\t\t\t<div class=\"elementor-element elementor-element-74e732b elementor-widget elementor-widget-heading\" data-id=\"74e732b\" data-element_type=\"widget\" data-e-type=\"widget\" data-widget_type=\"heading.default\">\n\t\t\t\t<div class=\"elementor-widget-container\">\n\t\t\t\t\t<h5 class=\"elementor-heading-title elementor-size-default\">Find os<\/h5>\t\t\t\t<\/div>\n\t\t\t\t<\/div>\n\t\t\t\t<div class=\"elementor-element elementor-element-f042d45 elementor-widget elementor-widget-image\" data-id=\"f042d45\" data-element_type=\"widget\" data-e-type=\"widget\" data-widget_type=\"image.default\">\n\t\t\t\t<div class=\"elementor-widget-container\">\n\t\t\t\t\t\t\t\t\t\t\t\t<figure class=\"wp-caption\">\n\t\t\t\t\t\t\t\t\t\t\t<a href=\"https:\/\/langasjonas.com\/wp-content\/uploads\/2023\/04\/TLC_Campingkarta.jpg\" data-elementor-open-lightbox=\"yes\" data-elementor-lightbox-title=\"TLC_Campingkarta\" data-e-action-hash=\"#elementor-action%3Aaction%3Dlightbox%26settings%3DeyJpZCI6MjA5MjEsInVybCI6Imh0dHBzOlwvXC9sYW5nYXNqb25hcy5jb21cL3dwLWNvbnRlbnRcL3VwbG9hZHNcLzIwMjNcLzA0XC9UTENfQ2FtcGluZ2thcnRhLmpwZyJ9\">\n\t\t\t\t\t\t\t<img loading=\"lazy\" decoding=\"async\" width=\"150\" height=\"150\" src=\"https:\/\/langasjonas.com\/wp-content\/uploads\/2023\/04\/TLC_Campingkarta-150x150.jpg\" class=\"attachment-thumbnail size-thumbnail wp-image-20921\" alt=\"The Lake Cottage\" title=\"\">\t\t\t\t\t\t\t\t<\/a>\n\t\t\t\t\t\t\t\t\t\t\t<figcaption class=\"widget-image-caption wp-caption-text\">Klik for at forst\u00f8rre<\/figcaption>\n\t\t\t\t\t\t\t\t\t\t<\/figure>\n\t\t\t\t\t\t\t\t\t<\/div>\n\t\t\t\t<\/div>\n\t\t\t\t\t<\/div>\n\t\t<\/div>\n\t\t\t\t\t<\/div>\n\t\t<\/section>\n\t\t\t\t<\/div>\n\t\t","protected":false},"excerpt":{"rendered":"<p>G\u00e5rdbutik og andullationmassage i campingomr\u00e5det<\/p>\n","protected":false},"author":6,"featured_media":20906,"parent":0,"menu_order":0,"comment_status":"closed","ping_status":"closed","template":"","meta":{"footnotes":""},"folder":[50],"class_list":["post-20895","page","type-page","status-publish","has-post-thumbnail","hentry"],"blocksy_meta":{"styles_descriptor":{"styles":{"desktop":"","tablet":"","mobile":""},"google_fonts":[],"version":6}},"_links":{"self":[{"href":"https:\/\/langasjonas.com\/da\/wp-json\/wp\/v2\/pages\/20895","targetHints":{"allow":["GET"]}}],"collection":[{"href":"https:\/\/langasjonas.com\/da\/wp-json\/wp\/v2\/pages"}],"about":[{"href":"https:\/\/langasjonas.com\/da\/wp-json\/wp\/v2\/types\/page"}],"author":[{"embeddable":true,"href":"https:\/\/langasjonas.com\/da\/wp-json\/wp\/v2\/users\/6"}],"replies":[{"embeddable":true,"href":"https:\/\/langasjonas.com\/da\/wp-json\/wp\/v2\/comments?post=20895"}],"version-history":[{"count":9,"href":"https:\/\/langasjonas.com\/da\/wp-json\/wp\/v2\/pages\/20895\/revisions"}],"predecessor-version":[{"id":42645,"href":"https:\/\/langasjonas.com\/da\/wp-json\/wp\/v2\/pages\/20895\/revisions\/42645"}],"wp:featuredmedia":[{"embeddable":true,"href":"https:\/\/langasjonas.com\/da\/wp-json\/wp\/v2\/media\/20906"}],"wp:attachment":[{"href":"https:\/\/langasjonas.com\/da\/wp-json\/wp\/v2\/media?parent=20895"}],"wp:term":[{"taxonomy":"folder","embeddable":true,"href":"https:\/\/langasjonas.com\/da\/wp-json\/wp\/v2\/folder?post=20895"}],"curies":[{"name":"wp","href":"https:\/\/api.w.org\/{rel}","templated":true}]}}